{"id":34421,"date":"2025-02-20T23:36:11","date_gmt":"2025-02-20T22:36:11","guid":{"rendered":"https:\/\/olemosaic.orbitalia.org\/producto\/iman-de-metal-toro-negro-8-cm-4\/"},"modified":"2025-07-25T20:36:38","modified_gmt":"2025-07-25T18:36:38","slug":"aimant-metal-taureau-noir-espagne-8-cm","status":"publish","type":"product","link":"https:\/\/olemosaic.orbitalia.org\/fr\/produit\/aimant-metal-taureau-noir-espagne-8-cm\/","title":{"rendered":"Aimant en m\u00e9tal. Taureau. Noir. Espagne. 8 cm."},"content":{"rendered":"<p>Aimant m\u00e9tallique de taureau color\u00e9, repr\u00e9sentatif de la riche culture espagnole. Avec des dimensions de 8 cm, cet aimant pr\u00e9sente un design vibrant en forme de taureau, un symbole embl\u00e9matique qui encapsule l&rsquo;esprit du folklore espagnol. Son corps est orn\u00e9 d&rsquo;une mosa\u00efque de formes g\u00e9om\u00e9triques d\u00e9ployant une combinaison spectaculaire de couleurs : rouge, bleu, vert et jaune, cr\u00e9ant un attrait visuel captivant sur un fond noir qui rehausse sa beaut\u00e9. Les cornes pro\u00e9minentes et les d\u00e9tails stylis\u00e9s du taureau apportent non seulement une finition impressionnante, mais symbolisent \u00e9galement la tradition taurine, profond\u00e9ment enracin\u00e9e dans la culture espagnole.<\/p>\n<p>Cet aimant n&rsquo;est pas seulement un objet d\u00e9coratif, mais un souvenir parfait pour ceux qui souhaitent se souvenir de leur visite en Espagne avec un objet authentique et plein de sens. Son design moderne fusionne art et tradition, le rendant id\u00e9al pour les touristes et les collectionneurs de souvenirs. Chez Ol\u00e9 Mosaic, nous sommes fiers d&rsquo;\u00eatre des distributeurs de souvenirs de haute qualit\u00e9, et cet aimant de taureau est un excellent ajout \u00e0 toute boutique de cadeaux touristiques. Nous proposons des aimants en gros, garantissant que chaque pi\u00e8ce raconte une histoire du riche h\u00e9ritage culturel espagnol.<\/p>\n","protected":false},"excerpt":{"rendered":"<p>Aimant m\u00e9tallique de 8 cm avec un design vibrant de taureau, symbole iconique de la culture espagnole. Cet aimant pr\u00e9sente une mosa\u00efque color\u00e9e de formes g\u00e9om\u00e9triques dans des tons rouges, bleus, verts et jaunes, sur un fond noir qui souligne sa beaut\u00e9. La forme iconique du taureau, avec ses cornes pro\u00e9minentes et ses d\u00e9tails stylis\u00e9s, capture l&rsquo;essence du folklore espagnol, en faisant le souvenir parfait pour se souvenir de votre visite en Espagne.<\/p>\n","protected":false},"featured_media":6960,"template":"","meta":{"_acf_changed":false},"product_brand":[],"product_cat":[697],"product_tag":[530],"class_list":{"0":"post-34421","1":"product","2":"type-product","3":"status-publish","4":"has-post-thumbnail","6":"product_cat-aimants","7":"product_tag-animaux","8":"pa_motivo-taureaux","10":"first","11":"instock","12":"shipping-taxable","13":"product-type-simple"},"acf":[],"_links":{"self":[{"href":"https:\/\/olemosaic.orbitalia.org\/fr\/wp-json\/wp\/v2\/product\/34421","targetHints":{"allow":["GET"]}}],"collection":[{"href":"https:\/\/olemosaic.orbitalia.org\/fr\/wp-json\/wp\/v2\/product"}],"about":[{"href":"https:\/\/olemosaic.orbitalia.org\/fr\/wp-json\/wp\/v2\/types\/product"}],"wp:featuredmedia":[{"embeddable":true,"href":"https:\/\/olemosaic.orbitalia.org\/fr\/wp-json\/wp\/v2\/media\/6960"}],"wp:attachment":[{"href":"https:\/\/olemosaic.orbitalia.org\/fr\/wp-json\/wp\/v2\/media?parent=34421"}],"wp:term":[{"taxonomy":"product_brand","embeddable":true,"href":"https:\/\/olemosaic.orbitalia.org\/fr\/wp-json\/wp\/v2\/product_brand?post=34421"},{"taxonomy":"product_cat","embeddable":true,"href":"https:\/\/olemosaic.orbitalia.org\/fr\/wp-json\/wp\/v2\/product_cat?post=34421"},{"taxonomy":"product_tag","embeddable":true,"href":"https:\/\/olemosaic.orbitalia.org\/fr\/wp-json\/wp\/v2\/product_tag?post=34421"}],"curies":[{"name":"wp","href":"https:\/\/api.w.org\/{rel}","templated":true}]}}