{"id":34420,"date":"2025-02-20T22:36:11","date_gmt":"2025-02-20T22:36:11","guid":{"rendered":"https:\/\/olemosaic.orbitalia.org\/producto\/iman-de-metal-salamandra-tenerife-8-cm\/"},"modified":"2025-07-25T20:22:58","modified_gmt":"2025-07-25T18:22:58","slug":"aimant-metal-salamandre-tenerife-8-cm","status":"publish","type":"product","link":"https:\/\/olemosaic.orbitalia.org\/fr\/produit\/aimant-metal-salamandre-tenerife-8-cm\/","title":{"rendered":"Aimant en m\u00e9tal. Salamandre. Tenerife. 8 cm."},"content":{"rendered":"<p>Aimant en m\u00e9tal de Tenerife, inspir\u00e9 par la faune locale color\u00e9e, pr\u00e9sentant une salamandre vibrante. Cet aimant de 8 cm se distingue par son design brillant et plein de vie, \u00e9mulant le style de mosa\u00efque traditionnel. La salamandre, orn\u00e9e d&rsquo;un m\u00e9lange captivant de tons bleus, verts et rouges, ressort sur un fond bleu clair, ce qui en fait un article visuellement attrayant. Le mot \u00ab\u00a0Tenerife\u00a0\u00bb, \u00e9crit avec des lettres color\u00e9es et frappantes, compl\u00e8te le design, capturant l&rsquo;essence de l&rsquo;\u00eele.<\/p>\n<p>Cet aimant n&rsquo;est pas seulement un souvenir charmant, mais aussi un symbole de la riche biodiversit\u00e9 de Tenerife, c\u00e9l\u00e8bre pour son paysage volcanique et sa faune unique. La salamandre est un repr\u00e9sentant embl\u00e9matique du patrimoine naturel des \u00eeles Canaries, ce qui en fait un souvenir culturellement significatif. Id\u00e9al pour les touristes cherchant \u00e0 emporter un morceau de ce paradis, l&rsquo;aimant est un excellent cadeau qui \u00e9voquera les moments inoubliables de leur visite.<\/p>\n<p>Chez Ol\u00e9 Mosaic, nous nous sp\u00e9cialisons dans la distribution de souvenirs en gros, comme ce merveilleux aimant de salamandre qui symbolise l&rsquo;authenticit\u00e9 et la beaut\u00e9 de Tenerife. Parfait pour les boutiques de cadeaux touristiques, cet aimant en m\u00e9tal est une option id\u00e9ale pour ceux qui cherchent \u00e0 offrir \u00e0 leurs clients des souvenirs repr\u00e9sentatifs et de qualit\u00e9 c\u00e9l\u00e9brant la culture canarienne.<\/p>\n","protected":false},"excerpt":{"rendered":"<p>Aimant m\u00e9tallique de 8 cm inspir\u00e9 par la faune de Tenerife, repr\u00e9sentant une salamandre color\u00e9e. Cet aimant, au design vibrant imitant le style mosa\u00efque, se distingue par ses couleurs brillantes, incluant des tons bleus, verts et rouges. Le fond, en bleu clair, fait ressortir la figure de la salamandre, tandis que le texte \u00ab\u00a0Tenerife\u00a0\u00bb ajoute une touche distinctive, capturant l&rsquo;essence culturelle et naturelle de l&rsquo;\u00eele. Id\u00e9al pour se souvenir d&rsquo;un voyage vers cette magnifique destination.<\/p>\n","protected":false},"featured_media":12874,"template":"","meta":{"_acf_changed":false},"product_brand":[],"product_cat":[697],"product_tag":[530],"class_list":{"0":"post-34420","1":"product","2":"type-product","3":"status-publish","4":"has-post-thumbnail","6":"product_cat-aimants","7":"product_tag-animaux","8":"pa_ciudad-tenerife","9":"pa_motivo-salamandres","10":"pa_pais-espana","12":"first","13":"instock","14":"shipping-taxable","15":"product-type-simple"},"acf":[],"_links":{"self":[{"href":"https:\/\/olemosaic.orbitalia.org\/fr\/wp-json\/wp\/v2\/product\/34420","targetHints":{"allow":["GET"]}}],"collection":[{"href":"https:\/\/olemosaic.orbitalia.org\/fr\/wp-json\/wp\/v2\/product"}],"about":[{"href":"https:\/\/olemosaic.orbitalia.org\/fr\/wp-json\/wp\/v2\/types\/product"}],"wp:featuredmedia":[{"embeddable":true,"href":"https:\/\/olemosaic.orbitalia.org\/fr\/wp-json\/wp\/v2\/media\/12874"}],"wp:attachment":[{"href":"https:\/\/olemosaic.orbitalia.org\/fr\/wp-json\/wp\/v2\/media?parent=34420"}],"wp:term":[{"taxonomy":"product_brand","embeddable":true,"href":"https:\/\/olemosaic.orbitalia.org\/fr\/wp-json\/wp\/v2\/product_brand?post=34420"},{"taxonomy":"product_cat","embeddable":true,"href":"https:\/\/olemosaic.orbitalia.org\/fr\/wp-json\/wp\/v2\/product_cat?post=34420"},{"taxonomy":"product_tag","embeddable":true,"href":"https:\/\/olemosaic.orbitalia.org\/fr\/wp-json\/wp\/v2\/product_tag?post=34420"}],"curies":[{"name":"wp","href":"https:\/\/api.w.org\/{rel}","templated":true}]}}