{"id":34416,"date":"2025-02-20T23:36:10","date_gmt":"2025-02-20T22:36:10","guid":{"rendered":"https:\/\/olemosaic.orbitalia.org\/producto\/iman-de-metal-salamandra-barcelona-8-cm\/"},"modified":"2025-07-25T23:47:33","modified_gmt":"2025-07-25T21:47:33","slug":"aimant-metal-salamandre-barcelone-8-cm","status":"publish","type":"product","link":"https:\/\/olemosaic.orbitalia.org\/fr\/produit\/aimant-metal-salamandre-barcelone-8-cm\/","title":{"rendered":"Aimant en m\u00e9tal. Salamandre. Barcelone. 8 cm."},"content":{"rendered":"<p>Aimant m\u00e9tallique de salamandre de Barcelone<\/p>\n<p>Cet aimant m\u00e9tallique de 8 cm est un souvenir vibrant de Barcelone, capturant l&rsquo;essence artistique de la ville \u00e0 travers une salamandre color\u00e9e inspir\u00e9e des mosa\u00efques d&rsquo;Antoni Gaud\u00ed. Le design peint \u00e0 la main pr\u00e9sente une palette de couleurs vives, incluant des bleus intenses, des verts luxuriants et des rouges passionn\u00e9s, \u00e9voquant la richesse visuelle de l&rsquo;architecture moderniste. La salamandre est situ\u00e9e sur un fond d\u00e9cor\u00e9 de motifs de trencad\u00eds, le c\u00e9l\u00e8bre style de mosa\u00efque qui a fait de Barcelone une r\u00e9f\u00e9rence de l&rsquo;art dans l&rsquo;espace public. Le mot \u00ab\u00a0Barcelona\u00a0\u00bb se d\u00e9tache sur la partie sup\u00e9rieure, faisant de cet aimant un souvenir unique et authentique, qui non seulement d\u00e9core, mais sert aussi de rappel des moments v\u00e9cus dans la ville.<\/p>\n<p>Cet aimant de salamandre n&rsquo;est pas seulement un moyen pratique de garder ses souvenirs en vue, il repr\u00e9sente aussi un profond h\u00e9ritage culturel, symbolisant la connexion entre la nature et l&rsquo;art qui caract\u00e9rise l&rsquo;\u0153uvre de Gaud\u00ed. Chez Ol\u00e9 Mosaic, nous nous sp\u00e9cialisons dans la distribution de souvenirs en gros, et cet aimant est une excellente option pour les boutiques de cadeaux touristiques cherchant \u00e0 offrir des produits authentiques et de haute qualit\u00e9. Avec sa repr\u00e9sentation d\u00e9taill\u00e9e et ses couleurs vibrantes, cet aimant de Barcelone est id\u00e9al pour les touristes souhaitant emporter un morceau de la magie de la ville. En choisissant ce souvenir, on n&rsquo;acquiert pas seulement un objet d\u00e9coratif, mais aussi un symbole du patrimoine culturel catalan.<\/p>\n","protected":false},"excerpt":{"rendered":"<p>Aimant m\u00e9tallique de 8 cm avec une salamandre vibrante, inspir\u00e9e des mosa\u00efques color\u00e9es de Barcelone. Cet attrayant souvenir pr\u00e9sente un design artisanal, peint \u00e0 la main, avec une palette de couleurs vives, comme le bleu, le vert et le rouge, sur un fond aux motifs de trencad\u00eds, embl\u00e9matiques de l&rsquo;\u0153uvre de l&rsquo;architecte Antoni Gaud\u00ed. Le mot \u00ab\u00a0Barcelona\u00a0\u00bb se d\u00e9tache sur la partie sup\u00e9rieure, en faisant un excellent souvenir de la ville.<\/p>\n","protected":false},"featured_media":12871,"template":"","meta":{"_acf_changed":false},"product_brand":[],"product_cat":[697],"product_tag":[530],"class_list":{"0":"post-34416","1":"product","2":"type-product","3":"status-publish","4":"has-post-thumbnail","6":"product_cat-aimants","7":"product_tag-animaux","8":"pa_ciudad-barcelona","9":"pa_motivo-salamandres","10":"pa_pais-espana","12":"first","13":"instock","14":"shipping-taxable","15":"product-type-simple"},"acf":[],"_links":{"self":[{"href":"https:\/\/olemosaic.orbitalia.org\/fr\/wp-json\/wp\/v2\/product\/34416","targetHints":{"allow":["GET"]}}],"collection":[{"href":"https:\/\/olemosaic.orbitalia.org\/fr\/wp-json\/wp\/v2\/product"}],"about":[{"href":"https:\/\/olemosaic.orbitalia.org\/fr\/wp-json\/wp\/v2\/types\/product"}],"wp:featuredmedia":[{"embeddable":true,"href":"https:\/\/olemosaic.orbitalia.org\/fr\/wp-json\/wp\/v2\/media\/12871"}],"wp:attachment":[{"href":"https:\/\/olemosaic.orbitalia.org\/fr\/wp-json\/wp\/v2\/media?parent=34416"}],"wp:term":[{"taxonomy":"product_brand","embeddable":true,"href":"https:\/\/olemosaic.orbitalia.org\/fr\/wp-json\/wp\/v2\/product_brand?post=34416"},{"taxonomy":"product_cat","embeddable":true,"href":"https:\/\/olemosaic.orbitalia.org\/fr\/wp-json\/wp\/v2\/product_cat?post=34416"},{"taxonomy":"product_tag","embeddable":true,"href":"https:\/\/olemosaic.orbitalia.org\/fr\/wp-json\/wp\/v2\/product_tag?post=34416"}],"curies":[{"name":"wp","href":"https:\/\/api.w.org\/{rel}","templated":true}]}}