{"id":34415,"date":"2025-02-20T22:36:10","date_gmt":"2025-02-20T22:36:10","guid":{"rendered":"https:\/\/olemosaic.orbitalia.org\/producto\/iman-de-metal-salamandra-barcelona-azul-8-cm\/"},"modified":"2025-07-25T20:40:41","modified_gmt":"2025-07-25T18:40:41","slug":"aimant-metal-salamandre-barcelone-bleu-8-cm","status":"publish","type":"product","link":"https:\/\/olemosaic.orbitalia.org\/fr\/produit\/aimant-metal-salamandre-barcelone-bleu-8-cm\/","title":{"rendered":"Aimant en m\u00e9tal. Salamandre. Barcelone. Bleu. 8 cm."},"content":{"rendered":"<p>Aimant m\u00e9tallique de salamandre de Barcelone<\/p>\n<p>Cet attrayant aimant m\u00e9tallique de 8 cm est une repr\u00e9sentation vibrante et color\u00e9e de la salamandre, un symbole iconique de l&rsquo;architecture moderniste de Barcelone. Con\u00e7u avec une mosa\u00efque captivante de couleurs vives englobant des nuances de bleu, vert, jaune et rouge, il capture l&rsquo;essence artistique de la ville. La salamandre, une figure associ\u00e9e au c\u00e9l\u00e8bre architecte Antoni Gaud\u00ed, est expos\u00e9e sur un fond bleu qui intensifie ses d\u00e9tails et ses nuances, faisant ressortir ce souvenir sur n&rsquo;importe quelle surface m\u00e9tallique.<\/p>\n<p>Le mot \u00ab\u00a0Barcelona\u00a0\u00bb, \u00e9l\u00e9gamment grav\u00e9 sur le c\u00f4t\u00e9 de l&rsquo;aimant, renforce sa connexion avec cette ville embl\u00e9matique. Cet aimant n&rsquo;est pas seulement fonctionnel, il agit \u00e9galement comme un rappel visuel de la riche culture et du patrimoine artistique de Barcelone. Avec son design soigneusement \u00e9labor\u00e9, c&rsquo;est un excellent souvenir pour ceux qui cherchent \u00e0 emporter un morceau de la ville, ainsi qu&rsquo;un cadeau parfait alliant art et beaut\u00e9.<\/p>\n<p>Chez Ol\u00e9 Mosaic, nous sommes distributeurs de souvenirs en gros et proposons une large gamme d&rsquo;aimants comme celui-ci, qui rendent hommage \u00e0 la singularit\u00e9 de Barcelone. Cet aimant de salamandre est id\u00e9al pour les boutiques de cadeaux touristiques \u00e0 la recherche de produits authentiques et repr\u00e9sentatifs de la culture espagnole.<\/p>\n","protected":false},"excerpt":{"rendered":"<p>Aimant m\u00e9tallique de 8 cm avec un design de salamandre, \u00e9voquant l&rsquo;essence color\u00e9e de Barcelone. Cet aimant pr\u00e9sente une repr\u00e9sentation vibrante et d\u00e9taill\u00e9e de la salamandre, con\u00e7ue avec une mosa\u00efque de couleurs vives sur un fond bleu. Le mot \u00ab\u00a0Barcelona\u00a0\u00bb est grav\u00e9 sur le c\u00f4t\u00e9, renfor\u00e7ant le lien avec la ville. Un souvenir id\u00e9al alliant art et fonctionnalit\u00e9, parfait pour d\u00e9corer n&rsquo;importe quel espace.<\/p>\n","protected":false},"featured_media":8150,"template":"","meta":{"_acf_changed":false},"product_brand":[],"product_cat":[697],"product_tag":[530],"class_list":{"0":"post-34415","1":"product","2":"type-product","3":"status-publish","4":"has-post-thumbnail","6":"product_cat-aimants","7":"product_tag-animaux","8":"pa_ciudad-barcelona","9":"pa_motivo-salamandres","10":"pa_pais-espana","12":"first","13":"instock","14":"shipping-taxable","15":"product-type-simple"},"acf":[],"_links":{"self":[{"href":"https:\/\/olemosaic.orbitalia.org\/fr\/wp-json\/wp\/v2\/product\/34415","targetHints":{"allow":["GET"]}}],"collection":[{"href":"https:\/\/olemosaic.orbitalia.org\/fr\/wp-json\/wp\/v2\/product"}],"about":[{"href":"https:\/\/olemosaic.orbitalia.org\/fr\/wp-json\/wp\/v2\/types\/product"}],"wp:featuredmedia":[{"embeddable":true,"href":"https:\/\/olemosaic.orbitalia.org\/fr\/wp-json\/wp\/v2\/media\/8150"}],"wp:attachment":[{"href":"https:\/\/olemosaic.orbitalia.org\/fr\/wp-json\/wp\/v2\/media?parent=34415"}],"wp:term":[{"taxonomy":"product_brand","embeddable":true,"href":"https:\/\/olemosaic.orbitalia.org\/fr\/wp-json\/wp\/v2\/product_brand?post=34415"},{"taxonomy":"product_cat","embeddable":true,"href":"https:\/\/olemosaic.orbitalia.org\/fr\/wp-json\/wp\/v2\/product_cat?post=34415"},{"taxonomy":"product_tag","embeddable":true,"href":"https:\/\/olemosaic.orbitalia.org\/fr\/wp-json\/wp\/v2\/product_tag?post=34415"}],"curies":[{"name":"wp","href":"https:\/\/api.w.org\/{rel}","templated":true}]}}