{"id":34414,"date":"2025-02-20T22:36:10","date_gmt":"2025-02-20T22:36:10","guid":{"rendered":"https:\/\/olemosaic.orbitalia.org\/producto\/iman-de-metal-salamandra-alicante-negro-8-cm\/"},"modified":"2025-07-25T18:51:59","modified_gmt":"2025-07-25T16:51:59","slug":"aimant-metal-salamandre-alicante-noir-8-cm","status":"publish","type":"product","link":"https:\/\/olemosaic.orbitalia.org\/fr\/produit\/aimant-metal-salamandre-alicante-noir-8-cm\/","title":{"rendered":"Aimant en m\u00e9tal. Salamandre. Alicante. Noir. 8 cm."},"content":{"rendered":"<p>Aimant m\u00e9tallique de salamandre d&rsquo;Alicante<\/p>\n<p>Capturez l&rsquo;essence de la Costa Blanca avec cet attrayant aimant m\u00e9tallique de 8 cm, repr\u00e9sentant une salamandre color\u00e9e, symbole de la riche faune d&rsquo;Alicante. Le design vibrant, en mosa\u00efque, d\u00e9ploie une explosion de bleus, verts, oranges et jaunes sur un fond noir frappant qui rehausse sa beaut\u00e9. La salamandre, embl\u00e9matique repr\u00e9sentante de la biodiversit\u00e9 locale, se montre majestueuse, tandis que le nom \u00ab\u00a0ALICANTE\u00a0\u00bb se d\u00e9tache en lettres claires, apportant une touche d&rsquo;authenticit\u00e9 qui captive les visiteurs de cette belle r\u00e9gion.<\/p>\n<p>Cet aimant n&rsquo;est pas seulement une pi\u00e8ce d\u00e9corative, mais un souvenir significatif qui permet de ramener un morceau d&rsquo;Alicante chez soi. Parfait pour orner toute surface m\u00e9tallique, des r\u00e9frig\u00e9rateurs aux tableaux blancs, ce souvenir d&rsquo;Alicante est id\u00e9al pour les touristes \u00e0 la recherche d&rsquo;une mani\u00e8re attachante de se souvenir de leur visite. Chez Ol\u00e9 Mosaic, sp\u00e9cialis\u00e9 dans la distribution en gros de souvenirs, cet aimant est un excellent ajout pour les boutiques de cadeaux touristiques souhaitant offrir des produits authentiques et culturels. Avec cet aimant de salamandre, chaque client peut profiter d&rsquo;une repr\u00e9sentation color\u00e9e et unique d&rsquo;Alicante, renfor\u00e7ant sa connexion avec cette charmante ville espagnole.<\/p>\n","protected":false},"excerpt":{"rendered":"<p>Aimant m\u00e9tallique de 8 cm avec une salamandre color\u00e9e, inspir\u00e9e de la faune d&rsquo;Alicante. Ce design vibrant montre une salamandre en mosa\u00efque, avec des tons bleus, verts, oranges et jaunes, sur un fond noir. Le nom \u00ab\u00a0ALICANTE\u00a0\u00bb appara\u00eet en lettres saillantes, ajoutant une touche d&rsquo;authenticit\u00e9 locale. Parfait pour ramener un petit morceau d&rsquo;Alicante \u00e0 la maison et d\u00e9corer toute surface m\u00e9tallique.<\/p>\n","protected":false},"featured_media":12893,"template":"","meta":{"_acf_changed":false},"product_brand":[],"product_cat":[697],"product_tag":[530],"class_list":{"0":"post-34414","1":"product","2":"type-product","3":"status-publish","4":"has-post-thumbnail","6":"product_cat-aimants","7":"product_tag-animaux","8":"pa_ciudad-alicante","9":"pa_motivo-salamandres","10":"pa_pais-espana","12":"first","13":"instock","14":"shipping-taxable","15":"product-type-simple"},"acf":[],"_links":{"self":[{"href":"https:\/\/olemosaic.orbitalia.org\/fr\/wp-json\/wp\/v2\/product\/34414","targetHints":{"allow":["GET"]}}],"collection":[{"href":"https:\/\/olemosaic.orbitalia.org\/fr\/wp-json\/wp\/v2\/product"}],"about":[{"href":"https:\/\/olemosaic.orbitalia.org\/fr\/wp-json\/wp\/v2\/types\/product"}],"wp:featuredmedia":[{"embeddable":true,"href":"https:\/\/olemosaic.orbitalia.org\/fr\/wp-json\/wp\/v2\/media\/12893"}],"wp:attachment":[{"href":"https:\/\/olemosaic.orbitalia.org\/fr\/wp-json\/wp\/v2\/media?parent=34414"}],"wp:term":[{"taxonomy":"product_brand","embeddable":true,"href":"https:\/\/olemosaic.orbitalia.org\/fr\/wp-json\/wp\/v2\/product_brand?post=34414"},{"taxonomy":"product_cat","embeddable":true,"href":"https:\/\/olemosaic.orbitalia.org\/fr\/wp-json\/wp\/v2\/product_cat?post=34414"},{"taxonomy":"product_tag","embeddable":true,"href":"https:\/\/olemosaic.orbitalia.org\/fr\/wp-json\/wp\/v2\/product_tag?post=34414"}],"curies":[{"name":"wp","href":"https:\/\/api.w.org\/{rel}","templated":true}]}}