{"id":34398,"date":"2025-02-20T22:36:10","date_gmt":"2025-02-20T22:36:10","guid":{"rendered":"https:\/\/olemosaic.orbitalia.org\/producto\/iman-de-metal-panoramica-valencia-plata-8-cm\/"},"modified":"2025-07-25T19:04:29","modified_gmt":"2025-07-25T17:04:29","slug":"aimant-metal-panoramique-valence-argent-8-cm","status":"publish","type":"product","link":"https:\/\/olemosaic.orbitalia.org\/fr\/produit\/aimant-metal-panoramique-valence-argent-8-cm\/","title":{"rendered":"Aimant en m\u00e9tal. Panoramique. Valence. Argent. 8 cm."},"content":{"rendered":"<p>Aimant m\u00e9tallique avec une vue panoramique vibrante de Valence, id\u00e9al pour ceux qui recherchent un souvenir authentique de cette ville fascinante. D&rsquo;une taille de 8 cm, cet aimant pr\u00e9sente un design color\u00e9 qui capture l&rsquo;essence du m\u00e9lange entre la riche architecture historique de la cath\u00e9drale de Valence et la futuriste Cit\u00e9 des Arts et des Sciences. L&rsquo;illustration, avec des d\u00e9tails argent\u00e9s, souligne la beaut\u00e9 et la singularit\u00e9 de ces monuments embl\u00e9matiques, entour\u00e9s d&rsquo;une mosa\u00efque d\u00e9licate qui symbolise l&rsquo;h\u00e9ritage culturel de Valence.<\/p>\n<p>La cath\u00e9drale, avec son c\u00e9l\u00e8bre clocher, le Miguelete, se dresse majestueusement aux c\u00f4t\u00e9s de la structure innovante de l&rsquo;Hemisf\u00e8ric, cr\u00e9ant un contraste visuel qui refl\u00e8te l&rsquo;histoire et la modernit\u00e9 de la ville. Cet aimant n&rsquo;est pas seulement un objet d\u00e9coratif, mais un authentique souvenir qui encapsule la diversit\u00e9 architecturale de Valence, constituant une excellente option pour les touristes qui souhaitent emporter un morceau de cette m\u00e9tropole vibrante.<\/p>\n<p>Chez Ol\u00e9 Mosaic, nous nous sp\u00e9cialisons dans la distribution de souvenirs en gros, et cet aimant de Valence se pr\u00e9sente comme un produit essentiel pour les boutiques de cadeaux touristiques qui cherchent \u00e0 offrir des articles distinctifs et culturellement pertinents. C&rsquo;est un cadeau parfait pour les amateurs d&rsquo;architecture et d&rsquo;art, ainsi qu&rsquo;un souvenir qui transmet l&rsquo;\u00e9nergie et le charme uniques de Valence.<\/p>\n","protected":false},"excerpt":{"rendered":"<p>Aimant m\u00e9tallique avec une vue panoramique vibrante de Valence, montrant le m\u00e9lange de son architecture historique et moderne. D&rsquo;une taille de 8 cm, cet aimant pr\u00e9sente un design color\u00e9 avec des d\u00e9tails argent\u00e9s et une repr\u00e9sentation artistique de la cath\u00e9drale de Valence et de la Cit\u00e9 des Arts et des Sciences. Avec des motifs de mosa\u00efque, il souligne la richesse culturelle de la ville, constituant un souvenir id\u00e9al pour les amateurs d&rsquo;architecture et d&rsquo;art.<\/p>\n","protected":false},"featured_media":10457,"template":"","meta":{"_acf_changed":false},"product_brand":[],"product_cat":[697],"product_tag":[],"class_list":{"0":"post-34398","1":"product","2":"type-product","3":"status-publish","4":"has-post-thumbnail","6":"product_cat-aimants","7":"pa_ciudad-valencia","8":"pa_motivo-panoramas","9":"pa_pais-espana","11":"first","12":"instock","13":"shipping-taxable","14":"product-type-simple"},"acf":[],"_links":{"self":[{"href":"https:\/\/olemosaic.orbitalia.org\/fr\/wp-json\/wp\/v2\/product\/34398","targetHints":{"allow":["GET"]}}],"collection":[{"href":"https:\/\/olemosaic.orbitalia.org\/fr\/wp-json\/wp\/v2\/product"}],"about":[{"href":"https:\/\/olemosaic.orbitalia.org\/fr\/wp-json\/wp\/v2\/types\/product"}],"wp:featuredmedia":[{"embeddable":true,"href":"https:\/\/olemosaic.orbitalia.org\/fr\/wp-json\/wp\/v2\/media\/10457"}],"wp:attachment":[{"href":"https:\/\/olemosaic.orbitalia.org\/fr\/wp-json\/wp\/v2\/media?parent=34398"}],"wp:term":[{"taxonomy":"product_brand","embeddable":true,"href":"https:\/\/olemosaic.orbitalia.org\/fr\/wp-json\/wp\/v2\/product_brand?post=34398"},{"taxonomy":"product_cat","embeddable":true,"href":"https:\/\/olemosaic.orbitalia.org\/fr\/wp-json\/wp\/v2\/product_cat?post=34398"},{"taxonomy":"product_tag","embeddable":true,"href":"https:\/\/olemosaic.orbitalia.org\/fr\/wp-json\/wp\/v2\/product_tag?post=34398"}],"curies":[{"name":"wp","href":"https:\/\/api.w.org\/{rel}","templated":true}]}}