{"id":34387,"date":"2025-02-20T23:36:09","date_gmt":"2025-02-20T22:36:09","guid":{"rendered":"https:\/\/olemosaic.orbitalia.org\/producto\/iman-de-metal-sagrada-familia-barcelona-8-cm-26\/"},"modified":"2025-07-25T19:27:17","modified_gmt":"2025-07-25T17:27:17","slug":"aimant-metal-sagrada-familia-barcelone-8-cm-26","status":"publish","type":"product","link":"https:\/\/olemosaic.orbitalia.org\/fr\/produit\/aimant-metal-sagrada-familia-barcelone-8-cm-26\/","title":{"rendered":"Aimant en m\u00e9tal. Sagrada Familia. Gaud\u00ed. Barcelone. 8 cm."},"content":{"rendered":"<p>Aimant en m\u00e9tal de la Sagrada Familia \u00e0 Barcelone, une repr\u00e9sentation color\u00e9e et vibrante de cet embl\u00e9matique monument architectural. D&rsquo;une taille de 8 cm, cet aimant se distingue par son illustration qui capture la majest\u00e9 de la Sagrada Familia, montrant ses tours et fa\u00e7ades distinctives dans un style rappelant le c\u00e9l\u00e8bre trencad\u00eds d&rsquo;Antoni Gaud\u00ed. La palette de couleurs utilis\u00e9e souligne les d\u00e9tails architecturaux uniques, cr\u00e9ant une \u0153uvre visuelle captivante qui transporte l&rsquo;essence de Barcelone n&rsquo;importe o\u00f9. Le fond bleu rehausse la figure principale et le nom \u00ab\u00a0Barcelone\u00a0\u00bb appara\u00eet avec des lettres color\u00e9es en haut, ajoutant une touche joyeuse qui attire le regard. Cet aimant n&rsquo;est pas seulement un accessoire pratique pour la maison, mais devient un souvenir culturel significatif, parfait pour les collectionneurs et les voyageurs souhaitant emporter un morceau de l&rsquo;histoire de la ville. Chez Ol\u00e9 Mosaic, nous distribuons des images repr\u00e9sentatives de ce riche patrimoine culturel, faisant de ce souvenir une excellente option pour les boutiques de cadeaux touristiques, ainsi qu&rsquo;un symbole authentique de la culture espagnole. Id\u00e9al comme souvenir, l&rsquo;aimant de la Sagrada Familia est un moyen parfait de se rappeler votre visite dans cette ville embl\u00e9matique.<\/p>\n","protected":false},"excerpt":{"rendered":"<p>Aimant m\u00e9tallique de 8 cm, d\u00e9cor\u00e9 d&rsquo;une illustration vibrante de la Sagrada Familia de Barcelone. Ce design color\u00e9 met en valeur les d\u00e9tails architecturaux uniques du monument embl\u00e9matique, y compris ses tours et fa\u00e7ades, dans un style rappelant le trencad\u00eds de Gaud\u00ed. Le fond bleu rehausse l&rsquo;image, tandis que le nom \u00ab\u00a0Barcelone\u00a0\u00bb est pr\u00e9sent\u00e9 en lettres color\u00e9es sur la partie sup\u00e9rieure. Parfait pour les collectionneurs ou comme souvenir d&rsquo;une visite dans cette ville iconique.<\/p>\n","protected":false},"featured_media":11382,"template":"","meta":{"_acf_changed":false},"product_brand":[],"product_cat":[697],"product_tag":[],"class_list":{"0":"post-34387","1":"product","2":"type-product","3":"status-publish","4":"has-post-thumbnail","6":"product_cat-aimants","7":"pa_ciudad-barcelona","8":"pa_motivo-sagrada-familia","9":"pa_pais-espana","11":"first","12":"instock","13":"shipping-taxable","14":"product-type-simple"},"acf":[],"_links":{"self":[{"href":"https:\/\/olemosaic.orbitalia.org\/fr\/wp-json\/wp\/v2\/product\/34387","targetHints":{"allow":["GET"]}}],"collection":[{"href":"https:\/\/olemosaic.orbitalia.org\/fr\/wp-json\/wp\/v2\/product"}],"about":[{"href":"https:\/\/olemosaic.orbitalia.org\/fr\/wp-json\/wp\/v2\/types\/product"}],"wp:featuredmedia":[{"embeddable":true,"href":"https:\/\/olemosaic.orbitalia.org\/fr\/wp-json\/wp\/v2\/media\/11382"}],"wp:attachment":[{"href":"https:\/\/olemosaic.orbitalia.org\/fr\/wp-json\/wp\/v2\/media?parent=34387"}],"wp:term":[{"taxonomy":"product_brand","embeddable":true,"href":"https:\/\/olemosaic.orbitalia.org\/fr\/wp-json\/wp\/v2\/product_brand?post=34387"},{"taxonomy":"product_cat","embeddable":true,"href":"https:\/\/olemosaic.orbitalia.org\/fr\/wp-json\/wp\/v2\/product_cat?post=34387"},{"taxonomy":"product_tag","embeddable":true,"href":"https:\/\/olemosaic.orbitalia.org\/fr\/wp-json\/wp\/v2\/product_tag?post=34387"}],"curies":[{"name":"wp","href":"https:\/\/api.w.org\/{rel}","templated":true}]}}