{"id":34368,"date":"2025-02-20T23:36:08","date_gmt":"2025-02-20T22:36:08","guid":{"rendered":"https:\/\/olemosaic.orbitalia.org\/producto\/iman-de-metal-sagrada-familia-barcelona-8-cm-24\/"},"modified":"2025-07-25T20:28:19","modified_gmt":"2025-07-25T18:28:19","slug":"aimant-metal-sagrada-familia-barcelone-8-cm-24","status":"publish","type":"product","link":"https:\/\/olemosaic.orbitalia.org\/fr\/produit\/aimant-metal-sagrada-familia-barcelone-8-cm-24\/","title":{"rendered":"Aimant en m\u00e9tal. Sagrada Familia. Mosa\u00efque. Barcelone. 8 cm."},"content":{"rendered":"<p>Aimant m\u00e9tallique de la Sagrada Familia de Barcelone<\/p>\n<p>Cet aimant m\u00e9tallique vibrant de 8 cm capture l&rsquo;essence de l&rsquo;iconique Sagrada Familia de Barcelone, l&rsquo;un des monuments les plus reconnus et repr\u00e9sentatifs de l&rsquo;architecture moderniste d&rsquo;Antoni Gaud\u00ed. Avec un design color\u00e9 qui se d\u00e9marque \u00e0 travers une mosa\u00efque captivante, cet aimant souligne les \u00e9l\u00e9ments architecturaux singuliers de la basilique, tels que ses hautes tours et ses fa\u00e7ades \u00e9labor\u00e9es, le tout dans un d\u00e9ploiement de tons rouge, bleu, jaune et vert. La sc\u00e8ne est compl\u00e9t\u00e9e par un fond en mosa\u00efque qui non seulement accentue la majest\u00e9 du monument, mais rend \u00e9galement hommage \u00e0 la riche tradition artistique de la ville.<\/p>\n<p>En haut, le mot \u00ab\u00a0Barcelone\u00a0\u00bb est pr\u00e9sent\u00e9 avec des lettres pro\u00e9minentes, faisant de cet aimant non seulement un objet d\u00e9coratif, mais aussi un souvenir m\u00e9morable de l&rsquo;une des villes les plus visit\u00e9es d&rsquo;Europe. C&rsquo;est le souvenir id\u00e9al pour les touristes souhaitant emporter un morceau de la culture et de l&rsquo;architecture vibrantes de Barcelone. Chez Ol\u00e9 Mosaic, nous proposons une s\u00e9lection unique d&rsquo;aimants m\u00e9talliques repr\u00e9sentant l&rsquo;authenticit\u00e9 et le charme des souvenirs de Barcelone, parfaits pour les boutiques de cadeaux touristiques. En tant que grossistes en souvenirs, nous garantissons que chaque pi\u00e8ce r\u00e9sonne avec l&rsquo;esprit de son origine culturelle.<\/p>\n","protected":false},"excerpt":{"rendered":"<p>Aimant m\u00e9tallique de 8 cm repr\u00e9sentant la c\u00e9l\u00e8bre Sagrada Familia de Barcelone. Cet aimant color\u00e9 met en avant les \u00e9l\u00e9ments architecturaux du monument embl\u00e9matique, avec des d\u00e9tails vibrants dans les tons rouge, bleu, jaune et vert, \u00e9voquant le style moderniste d&rsquo;Antoni Gaud\u00ed. Le fond pr\u00e9sente une mosa\u00efque qui compl\u00e8te la majest\u00e9 de l&rsquo;\u00e9glise, tandis que le mot \u00ab\u00a0Barcelone\u00a0\u00bb se d\u00e9tache en haut, en faisant un souvenir attrayant de la ville.<\/p>\n","protected":false},"featured_media":11391,"template":"","meta":{"_acf_changed":false},"product_brand":[],"product_cat":[697],"product_tag":[],"class_list":{"0":"post-34368","1":"product","2":"type-product","3":"status-publish","4":"has-post-thumbnail","6":"product_cat-aimants","7":"pa_ciudad-barcelona","8":"pa_motivo-sagrada-familia","9":"pa_pais-espana","11":"first","12":"instock","13":"shipping-taxable","14":"product-type-simple"},"acf":[],"_links":{"self":[{"href":"https:\/\/olemosaic.orbitalia.org\/fr\/wp-json\/wp\/v2\/product\/34368","targetHints":{"allow":["GET"]}}],"collection":[{"href":"https:\/\/olemosaic.orbitalia.org\/fr\/wp-json\/wp\/v2\/product"}],"about":[{"href":"https:\/\/olemosaic.orbitalia.org\/fr\/wp-json\/wp\/v2\/types\/product"}],"wp:featuredmedia":[{"embeddable":true,"href":"https:\/\/olemosaic.orbitalia.org\/fr\/wp-json\/wp\/v2\/media\/11391"}],"wp:attachment":[{"href":"https:\/\/olemosaic.orbitalia.org\/fr\/wp-json\/wp\/v2\/media?parent=34368"}],"wp:term":[{"taxonomy":"product_brand","embeddable":true,"href":"https:\/\/olemosaic.orbitalia.org\/fr\/wp-json\/wp\/v2\/product_brand?post=34368"},{"taxonomy":"product_cat","embeddable":true,"href":"https:\/\/olemosaic.orbitalia.org\/fr\/wp-json\/wp\/v2\/product_cat?post=34368"},{"taxonomy":"product_tag","embeddable":true,"href":"https:\/\/olemosaic.orbitalia.org\/fr\/wp-json\/wp\/v2\/product_tag?post=34368"}],"curies":[{"name":"wp","href":"https:\/\/api.w.org\/{rel}","templated":true}]}}