{"id":34339,"date":"2025-02-20T22:36:06","date_gmt":"2025-02-20T22:36:06","guid":{"rendered":"https:\/\/olemosaic.orbitalia.org\/producto\/iman-de-metal-gato-fuerteventura-8-cm\/"},"modified":"2025-07-25T20:02:12","modified_gmt":"2025-07-25T18:02:12","slug":"aimant-metal-chat-fuerteventura-8-cm","status":"publish","type":"product","link":"https:\/\/olemosaic.orbitalia.org\/fr\/produit\/aimant-metal-chat-fuerteventura-8-cm\/","title":{"rendered":"Aimant en m\u00e9tal. Chat. Fuerteventura. 8 cm."},"content":{"rendered":"<p>Aimant en m\u00e9tal au design de chat color\u00e9 inspir\u00e9 de Fuerteventura, un souvenir qui capture l&rsquo;essence vibrante de cette pr\u00e9cieuse \u00eele canarienne. Avec ses 8 cm, cet aimant se distingue par son design artistique, \u00e9voquant le style mosa\u00efque avec un d\u00e9ploiement de couleurs \u00e9clatantes comme le bleu, le vert, le rouge et le jaune, qui remplissent le chat d&rsquo;une \u00e9nergie joyeuse et captivante. La figure du chat, symbolisant l&rsquo;ind\u00e9pendance et la cr\u00e9ativit\u00e9, se dresse sur un fond simulant le ciel bleu de Fuerteventura, cr\u00e9ant un contraste visuel percutant. Le mot \u00ab\u00a0Fuerteventura\u00a0\u00bb appara\u00eet imprim\u00e9 dans un texte \u00e9l\u00e9gant, renfor\u00e7ant le lien culturel avec la r\u00e9gion et faisant de cet aimant le souvenir parfait de l&rsquo;une des \u00eeles les plus charmantes d&rsquo;Espagne.<\/p>\n<p>Cet aimant en m\u00e9tal n&rsquo;est pas seulement un objet d\u00e9coratif, mais une repr\u00e9sentation tangible de la chaleur et de l&rsquo;esprit de Fuerteventura, id\u00e9al pour les touristes cherchant \u00e0 emporter un petit morceau de cette culture unique. Chez Ol\u00e9 Mosaic, nous nous consacrons \u00e0 la distribution de souvenirs en gros, et cet aimant est une excellente option pour les boutiques de cadeaux touristiques cherchant \u00e0 offrir des produits authentiques et de qualit\u00e9. En tant que grossistes de souvenirs, nous garantissons que chaque pi\u00e8ce, comme cet aimant de chat color\u00e9, met en valeur la richesse culturelle et artistique de son lieu d&rsquo;origine.<\/p>\n","protected":false},"excerpt":{"rendered":"<p>Aimant m\u00e9tallique de 8 cm, avec un design vibrant d&rsquo;un chat inspir\u00e9 de la culture de Fuerteventura. Cet aimant color\u00e9, qui se distingue par ses tons bleus, verts, rouges et jaunes \u00e9clatants, \u00e9voque le style de la mosa\u00efque, apportant une touche artistique et joyeuse. Le mot \u00ab\u00a0Fuerteventura\u00a0\u00bb est imprim\u00e9 dans une typographie \u00e9l\u00e9gante qui compl\u00e8te le design, en faisant le souvenir parfait pour se rappeler la beaut\u00e9 de cette \u00eele canarienne.<\/p>\n","protected":false},"featured_media":12846,"template":"","meta":{"_acf_changed":false},"product_brand":[],"product_cat":[697],"product_tag":[530],"class_list":{"0":"post-34339","1":"product","2":"type-product","3":"status-publish","4":"has-post-thumbnail","6":"product_cat-aimants","7":"product_tag-animaux","8":"pa_ciudad-fuerteventura","9":"pa_motivo-chats","10":"pa_pais-espana","12":"first","13":"instock","14":"shipping-taxable","15":"product-type-simple"},"acf":[],"_links":{"self":[{"href":"https:\/\/olemosaic.orbitalia.org\/fr\/wp-json\/wp\/v2\/product\/34339","targetHints":{"allow":["GET"]}}],"collection":[{"href":"https:\/\/olemosaic.orbitalia.org\/fr\/wp-json\/wp\/v2\/product"}],"about":[{"href":"https:\/\/olemosaic.orbitalia.org\/fr\/wp-json\/wp\/v2\/types\/product"}],"wp:featuredmedia":[{"embeddable":true,"href":"https:\/\/olemosaic.orbitalia.org\/fr\/wp-json\/wp\/v2\/media\/12846"}],"wp:attachment":[{"href":"https:\/\/olemosaic.orbitalia.org\/fr\/wp-json\/wp\/v2\/media?parent=34339"}],"wp:term":[{"taxonomy":"product_brand","embeddable":true,"href":"https:\/\/olemosaic.orbitalia.org\/fr\/wp-json\/wp\/v2\/product_brand?post=34339"},{"taxonomy":"product_cat","embeddable":true,"href":"https:\/\/olemosaic.orbitalia.org\/fr\/wp-json\/wp\/v2\/product_cat?post=34339"},{"taxonomy":"product_tag","embeddable":true,"href":"https:\/\/olemosaic.orbitalia.org\/fr\/wp-json\/wp\/v2\/product_tag?post=34339"}],"curies":[{"name":"wp","href":"https:\/\/api.w.org\/{rel}","templated":true}]}}