{"id":34313,"date":"2025-02-20T22:36:05","date_gmt":"2025-02-20T22:36:05","guid":{"rendered":"https:\/\/olemosaic.orbitalia.org\/producto\/iman-de-metal-don-quijote-negro-8-cm\/"},"modified":"2025-07-25T23:30:17","modified_gmt":"2025-07-25T21:30:17","slug":"aimant-en-metal-don-quichotte-noir-8-cm","status":"publish","type":"product","link":"https:\/\/olemosaic.orbitalia.org\/fr\/produit\/aimant-en-metal-don-quichotte-noir-8-cm\/","title":{"rendered":"Aimant en m\u00e9tal. Don Quichotte. Noir. 8 cm."},"content":{"rendered":"<p>Aimant en m\u00e9tal de Don Quichotte, une figure embl\u00e9matique de la litt\u00e9rature espagnole qui capture l&rsquo;essence de l&rsquo;ing\u00e9niosit\u00e9 et de l&rsquo;aventure. Cet aimant de 8 cm pr\u00e9sente un design vibrant avec des finitions de style mosa\u00efque, o\u00f9 Don Quichotte appara\u00eet mont\u00e9 sur son fid\u00e8le cheval, entour\u00e9 de moulins \u00e0 vent iconiques et d&rsquo;un soleil radieux qui illumine la sc\u00e8ne de couleurs vives. Le fond noir souligne le contraste des tons, rendant chaque d\u00e9tail, du costume de Don Quichotte \u00e0 la texture des moulins, frappant et attrayant.<\/p>\n<p>Avec son design original, cet aimant est plus qu&rsquo;un simple souvenir ; c&rsquo;est une pi\u00e8ce qui refl\u00e8te la riche culture espagnole et l&rsquo;h\u00e9ritage litt\u00e9raire de Cervant\u00e8s. Il repr\u00e9sente la lutte de l&rsquo;id\u00e9alisme contre la r\u00e9alit\u00e9, un th\u00e8me puissant qui r\u00e9sonne tant en Espagne que dans le reste du monde. Id\u00e9al pour les touristes \u00e0 la recherche d&rsquo;un souvenir qui encapsule l&rsquo;essence de leurs voyages, cet aimant de Don Quichotte sera un magnifique compl\u00e9ment pour tout r\u00e9frig\u00e9rateur ou surface m\u00e9tallique, rappelant toujours les merveilles de la litt\u00e9rature et de l&rsquo;art espagnol.<\/p>\n<p>Chez Ol\u00e9 Mosaic, nous nous sp\u00e9cialisons dans la distribution de souvenirs en gros, offrant des articles authentiques et repr\u00e9sentatifs comme cet aimant de Don Quichotte, parfait pour les boutiques de cadeaux touristiques qui recherchent qualit\u00e9 et pertinence culturelle. Les souvenirs de notre catalogue, comme cet aimant, sont id\u00e9aux pour ceux qui souhaitent emporter un morceau d&rsquo;Espagne avec eux.<\/p>\n","protected":false},"excerpt":{"rendered":"<p>Aimant m\u00e9tallique de 8 cm de Don Quichotte, une figure embl\u00e9matique de la litt\u00e9rature espagnole. Cet aimant pr\u00e9sente un design vibrant avec des finitions de style mosa\u00efque, montrant Don Quichotte mont\u00e9 sur son cheval, avec des moulins \u00e0 vent en arri\u00e8re-plan et un soleil radieux. Les couleurs vives sur un fond noir cr\u00e9ent un contraste attrayant, faisant de cet aimant une pi\u00e8ce id\u00e9ale pour se souvenir de l&rsquo;essence de la culture espagnole sur n&rsquo;importe quel r\u00e9frig\u00e9rateur ou surface m\u00e9tallique.<\/p>\n","protected":false},"featured_media":6957,"template":"","meta":{"_acf_changed":false},"product_brand":[],"product_cat":[697],"product_tag":[530],"class_list":{"0":"post-34313","1":"product","2":"type-product","3":"status-publish","4":"has-post-thumbnail","6":"product_cat-aimants","7":"product_tag-animaux","8":"pa_motivo-don-quichotte","10":"first","11":"instock","12":"shipping-taxable","13":"product-type-simple"},"acf":[],"_links":{"self":[{"href":"https:\/\/olemosaic.orbitalia.org\/fr\/wp-json\/wp\/v2\/product\/34313","targetHints":{"allow":["GET"]}}],"collection":[{"href":"https:\/\/olemosaic.orbitalia.org\/fr\/wp-json\/wp\/v2\/product"}],"about":[{"href":"https:\/\/olemosaic.orbitalia.org\/fr\/wp-json\/wp\/v2\/types\/product"}],"wp:featuredmedia":[{"embeddable":true,"href":"https:\/\/olemosaic.orbitalia.org\/fr\/wp-json\/wp\/v2\/media\/6957"}],"wp:attachment":[{"href":"https:\/\/olemosaic.orbitalia.org\/fr\/wp-json\/wp\/v2\/media?parent=34313"}],"wp:term":[{"taxonomy":"product_brand","embeddable":true,"href":"https:\/\/olemosaic.orbitalia.org\/fr\/wp-json\/wp\/v2\/product_brand?post=34313"},{"taxonomy":"product_cat","embeddable":true,"href":"https:\/\/olemosaic.orbitalia.org\/fr\/wp-json\/wp\/v2\/product_cat?post=34313"},{"taxonomy":"product_tag","embeddable":true,"href":"https:\/\/olemosaic.orbitalia.org\/fr\/wp-json\/wp\/v2\/product_tag?post=34313"}],"curies":[{"name":"wp","href":"https:\/\/api.w.org\/{rel}","templated":true}]}}