{"id":34312,"date":"2025-02-20T22:36:05","date_gmt":"2025-02-20T22:36:05","guid":{"rendered":"https:\/\/olemosaic.orbitalia.org\/producto\/iman-de-metal-delfin-8-cm\/"},"modified":"2025-07-25T20:22:30","modified_gmt":"2025-07-25T18:22:30","slug":"aimant-en-metal-dauphin-8-cm","status":"publish","type":"product","link":"https:\/\/olemosaic.orbitalia.org\/fr\/produit\/aimant-en-metal-dauphin-8-cm\/","title":{"rendered":"Aimant en m\u00e9tal. Dauphin. 8 cm."},"content":{"rendered":"<p>Un aimant en m\u00e9tal avec des dauphins dansant dans la mer est un souvenir vibrant qui c\u00e9l\u00e8bre la beaut\u00e9 de la M\u00e9diterran\u00e9e. D&rsquo;une taille de 8 cm, cet aimant pr\u00e9sente une illustration color\u00e9e de quatre dauphins \u00e9nergiques sautant sur un fond bleu brillant. La technique de la mosa\u00efque utilis\u00e9e dans le design souligne les tons \u00e9clatants des dauphins, incluant des jaunes, des oranges, des verts et des bleus, cr\u00e9ant une \u0153uvre d&rsquo;art visuellement frappante qui \u00e9voque la joie et le dynamisme. Les vagues stylis\u00e9es entourant les dauphins ajoutent une touche de mouvement et de vie, capturant l&rsquo;essence de l&rsquo;oc\u00e9an dans chaque d\u00e9tail.<\/p>\n<p>Cet aimant n&rsquo;est pas seulement un accessoire d\u00e9coratif fonctionnel, mais il agit \u00e9galement comme un rappel des c\u00f4tes m\u00e9diterran\u00e9ennes et de la riche biodiversit\u00e9 marine qui les entoure. Sa connexion culturelle est palpable, rappelant aux touristes les eaux cristallines et la vie marine vibrante qui caract\u00e9risent des r\u00e9gions comme la Costa del Sol et les \u00eeles Bal\u00e9ares. Fabriqu\u00e9 en m\u00e9tal, cet aimant de dauphins est un authentique souvenir qui repr\u00e9sente la culture et la nature de la M\u00e9diterran\u00e9e.<\/p>\n<p>Chez Ol\u00e9 Mosaic, nous sommes distributeurs de souvenirs de qualit\u00e9 et cet aimant est une option id\u00e9ale pour les boutiques de cadeaux touristiques souhaitant offrir des souvenirs authentiques et color\u00e9s qui mettent en valeur la beaut\u00e9 de l&rsquo;Espagne. Avec son design attrayant, cet aimant se distingue comme un excellent choix pour ceux qui recherchent un souvenir significatif et d\u00e9coratif.<\/p>\n","protected":false},"excerpt":{"rendered":"<p>Aimant m\u00e9tallique de 8 cm avec une mosa\u00efque vibrante de dauphins dansant dans la mer. Ce produit capture l&rsquo;essence de l&rsquo;oc\u00e9an, montrant quatre dauphins dans une gamme de couleurs \u00e9clatantes sautant sur un fond bleu. Les d\u00e9tails artistiques incluent des vagues et un environnement lumineux, \u00e9voquant la joie et la beaut\u00e9 de la vie marine. Un souvenir parfait pour se rappeler les c\u00f4tes m\u00e9diterran\u00e9ennes.<\/p>\n","protected":false},"featured_media":12816,"template":"","meta":{"_acf_changed":false},"product_brand":[],"product_cat":[697],"product_tag":[530],"class_list":{"0":"post-34312","1":"product","2":"type-product","3":"status-publish","4":"has-post-thumbnail","6":"product_cat-aimants","7":"product_tag-animaux","8":"pa_motivo-dauphins","10":"first","11":"instock","12":"shipping-taxable","13":"product-type-simple"},"acf":[],"_links":{"self":[{"href":"https:\/\/olemosaic.orbitalia.org\/fr\/wp-json\/wp\/v2\/product\/34312","targetHints":{"allow":["GET"]}}],"collection":[{"href":"https:\/\/olemosaic.orbitalia.org\/fr\/wp-json\/wp\/v2\/product"}],"about":[{"href":"https:\/\/olemosaic.orbitalia.org\/fr\/wp-json\/wp\/v2\/types\/product"}],"wp:featuredmedia":[{"embeddable":true,"href":"https:\/\/olemosaic.orbitalia.org\/fr\/wp-json\/wp\/v2\/media\/12816"}],"wp:attachment":[{"href":"https:\/\/olemosaic.orbitalia.org\/fr\/wp-json\/wp\/v2\/media?parent=34312"}],"wp:term":[{"taxonomy":"product_brand","embeddable":true,"href":"https:\/\/olemosaic.orbitalia.org\/fr\/wp-json\/wp\/v2\/product_brand?post=34312"},{"taxonomy":"product_cat","embeddable":true,"href":"https:\/\/olemosaic.orbitalia.org\/fr\/wp-json\/wp\/v2\/product_cat?post=34312"},{"taxonomy":"product_tag","embeddable":true,"href":"https:\/\/olemosaic.orbitalia.org\/fr\/wp-json\/wp\/v2\/product_tag?post=34312"}],"curies":[{"name":"wp","href":"https:\/\/api.w.org\/{rel}","templated":true}]}}