{"id":34310,"date":"2025-02-20T23:36:04","date_gmt":"2025-02-20T22:36:04","guid":{"rendered":"https:\/\/olemosaic.orbitalia.org\/producto\/iman-de-metal-buho-barcelona-8-cm-2\/"},"modified":"2025-07-25T20:00:34","modified_gmt":"2025-07-25T18:00:34","slug":"aimant-metal-hibou-barcelone-8-cm-2","status":"publish","type":"product","link":"https:\/\/olemosaic.orbitalia.org\/fr\/produit\/aimant-metal-hibou-barcelone-8-cm-2\/","title":{"rendered":"Aimant en m\u00e9tal. Hibou. Mosa\u00efque. Barcelone. 8 cm."},"content":{"rendered":"<p>Aimant en m\u00e9tal hibou de Barcelone<\/p>\n<p>Cet adorable aimant en m\u00e9tal de 8 cm est une repr\u00e9sentation vibrante et color\u00e9e de la c\u00e9l\u00e8bre mosa\u00efque de Barcelone, capturant l&rsquo;essence de l&rsquo;art moderniste de la ville. Le design pr\u00e9sente un hibou \u00e9labor\u00e9 avec une riche palette de couleurs, o\u00f9 des formes g\u00e9om\u00e9triques s&rsquo;entrelacent dans un motif complexe qui rend hommage \u00e0 la cr\u00e9ativit\u00e9 de l&rsquo;architecture catalane. Avec un fond bleu clair qui fait ressortir les d\u00e9tails de l&rsquo;oiseau, chaque teinte du hibou a \u00e9t\u00e9 soigneusement s\u00e9lectionn\u00e9e pour cr\u00e9er un effet visuel attrayant et vibrant.<\/p>\n<p>Au-dessus du hibou, le mot \u00ab\u00a0Barcelona\u00a0\u00bb appara\u00eet en grandes lettres lumineuses, compl\u00e9tant parfaitement la composition artistique. Cet aimant n&rsquo;est pas seulement une excellente option pour d\u00e9corer le r\u00e9frig\u00e9rateur, mais il sert \u00e9galement de souvenir authentique de la capitale catalane, parfait pour emporter un morceau de sa culture et de son art n&rsquo;importe o\u00f9.<\/p>\n<p>Ce souvenir de Barcelone ne capture pas seulement un symbole iconique de la r\u00e9gion, mais met \u00e9galement en avant la tradition de la mosa\u00efque, tr\u00e8s pr\u00e9sente dans les \u0153uvres de grands artistes comme Antoni Gaud\u00ed. Chez Ol\u00e9 Mosaic, en tant que distributeurs de souvenirs en gros, nous proposons cette pi\u00e8ce unique qui sera un favori parmi les touristes et les amateurs d&rsquo;art moderniste. C&rsquo;est une option id\u00e9ale pour les boutiques de cadeaux touristiques \u00e0 la recherche de produits authentiques et repr\u00e9sentatifs du riche patrimoine culturel de Barcelone.<\/p>\n","protected":false},"excerpt":{"rendered":"<p>Aimant en m\u00e9tal de 8 cm avec un design color\u00e9 de hibou inspir\u00e9 de la c\u00e9l\u00e8bre mosa\u00efque de Barcelone. Ce design attrayant pr\u00e9sente une riche palette de couleurs et des formes g\u00e9om\u00e9triques qui rehaussent l&rsquo;art moderniste de la ville. Au-dessus du hibou, le mot \u00ab\u00a0Barcelona\u00a0\u00bb se d\u00e9tache en lettres vibrantes, compl\u00e9tant le fond bleu clair qui contraste avec les d\u00e9tails de l&rsquo;oiseau. Un souvenir id\u00e9al pour se souvenir de l&rsquo;essence de la capitale catalane.<\/p>\n","protected":false},"featured_media":11443,"template":"","meta":{"_acf_changed":false},"product_brand":[],"product_cat":[697],"product_tag":[530],"class_list":{"0":"post-34310","1":"product","2":"type-product","3":"status-publish","4":"has-post-thumbnail","6":"product_cat-aimants","7":"product_tag-animaux","8":"pa_ciudad-barcelona","9":"pa_motivo-hiboux","10":"pa_pais-espana","12":"first","13":"instock","14":"shipping-taxable","15":"product-type-simple"},"acf":[],"_links":{"self":[{"href":"https:\/\/olemosaic.orbitalia.org\/fr\/wp-json\/wp\/v2\/product\/34310","targetHints":{"allow":["GET"]}}],"collection":[{"href":"https:\/\/olemosaic.orbitalia.org\/fr\/wp-json\/wp\/v2\/product"}],"about":[{"href":"https:\/\/olemosaic.orbitalia.org\/fr\/wp-json\/wp\/v2\/types\/product"}],"wp:featuredmedia":[{"embeddable":true,"href":"https:\/\/olemosaic.orbitalia.org\/fr\/wp-json\/wp\/v2\/media\/11443"}],"wp:attachment":[{"href":"https:\/\/olemosaic.orbitalia.org\/fr\/wp-json\/wp\/v2\/media?parent=34310"}],"wp:term":[{"taxonomy":"product_brand","embeddable":true,"href":"https:\/\/olemosaic.orbitalia.org\/fr\/wp-json\/wp\/v2\/product_brand?post=34310"},{"taxonomy":"product_cat","embeddable":true,"href":"https:\/\/olemosaic.orbitalia.org\/fr\/wp-json\/wp\/v2\/product_cat?post=34310"},{"taxonomy":"product_tag","embeddable":true,"href":"https:\/\/olemosaic.orbitalia.org\/fr\/wp-json\/wp\/v2\/product_tag?post=34310"}],"curies":[{"name":"wp","href":"https:\/\/api.w.org\/{rel}","templated":true}]}}