{"id":34309,"date":"2025-02-20T22:36:04","date_gmt":"2025-02-20T22:36:04","guid":{"rendered":"https:\/\/olemosaic.orbitalia.org\/producto\/iman-de-metal-buho-mallorca-plata-8-cm\/"},"modified":"2025-07-25T19:34:46","modified_gmt":"2025-07-25T17:34:46","slug":"aimant-metal-hibou-majorque-argent-8-cm","status":"publish","type":"product","link":"https:\/\/olemosaic.orbitalia.org\/fr\/produit\/aimant-metal-hibou-majorque-argent-8-cm\/","title":{"rendered":"Aimant en m\u00e9tal. Hibou. Majorque. Argent. 8 cm."},"content":{"rendered":"<p>Aimant en m\u00e9tal au design color\u00e9 d&rsquo;un hibou de Majorque. Cet aimant attrayant de 8 cm capture l&rsquo;essence de l&rsquo;\u00eele \u00e0 travers un style artistique vibrant et contemporain. L&rsquo;image centrale, un hibou repr\u00e9sent\u00e9 avec une vari\u00e9t\u00e9 de tons vifs s&rsquo;entrem\u00ealant dans un motif de mosa\u00efque, symbolise le riche h\u00e9ritage artistique de Majorque et attirera sans aucun doute l&rsquo;attention de quiconque le verra. Dans la partie sup\u00e9rieure, le nom \u00ab\u00a0MALLORCA\u00a0\u00bb est pr\u00e9sent\u00e9 en lettres frappantes, ajoutant une touche distinctive \u00e0 cette pi\u00e8ce d\u00e9corative. Le fond textur\u00e9 rehausse non seulement la beaut\u00e9 visuelle de l&rsquo;aimant, mais lui apporte \u00e9galement une dimension qui le rend encore plus attrayant.<\/p>\n<p>Cet aimant en m\u00e9tal n&rsquo;est pas seulement un objet fonctionnel, il repr\u00e9sente aussi un morceau de la riche culture majorquine, id\u00e9al comme souvenir pour les touristes souhaitant emporter un bout de l&rsquo;\u00eele. Son design frais et color\u00e9 refl\u00e8te le folklore et la joie de vivre \u00e0 Majorque, en faisant un cadeau parfait pour ceux qui souhaitent se souvenir de leur visite. Chez Ol\u00e9 Mosaic, nous proposons ce souvenir et d&rsquo;autres articles authentiques en gros, garantissant que chaque article respecte des normes \u00e9lev\u00e9es de qualit\u00e9 et d&rsquo;authenticit\u00e9. Cet aimant est une excellente option pour les boutiques de cadeaux touristiques cherchant des produits qui c\u00e9l\u00e8brent la beaut\u00e9 et la tradition de Majorque.<\/p>\n","protected":false},"excerpt":{"rendered":"<p>Aimant m\u00e9tallique de 8 cm d\u00e9cor\u00e9 d&rsquo;un hibou color\u00e9, repr\u00e9sentant la culture de Majorque. Son design vibrant inclut une vari\u00e9t\u00e9 de tons formant une mosa\u00efque brillante, symbolisant la riche tradition artistique de l&rsquo;\u00eele. Dans la partie sup\u00e9rieure, le nom \u00ab\u00a0MALLORCA\u00a0\u00bb se d\u00e9tache en lettres frappantes, encadr\u00e9 par un fond textur\u00e9 qui rehausse la pi\u00e8ce. Id\u00e9al pour se souvenir de la beaut\u00e9 et du folklore de Majorque dans n&rsquo;importe quel espace.<\/p>\n","protected":false},"featured_media":11439,"template":"","meta":{"_acf_changed":false},"product_brand":[],"product_cat":[697],"product_tag":[530],"class_list":{"0":"post-34309","1":"product","2":"type-product","3":"status-publish","4":"has-post-thumbnail","6":"product_cat-aimants","7":"product_tag-animaux","8":"pa_ciudad-mallorca","9":"pa_motivo-hiboux","10":"pa_pais-espana","12":"first","13":"instock","14":"shipping-taxable","15":"product-type-simple"},"acf":[],"_links":{"self":[{"href":"https:\/\/olemosaic.orbitalia.org\/fr\/wp-json\/wp\/v2\/product\/34309","targetHints":{"allow":["GET"]}}],"collection":[{"href":"https:\/\/olemosaic.orbitalia.org\/fr\/wp-json\/wp\/v2\/product"}],"about":[{"href":"https:\/\/olemosaic.orbitalia.org\/fr\/wp-json\/wp\/v2\/types\/product"}],"wp:featuredmedia":[{"embeddable":true,"href":"https:\/\/olemosaic.orbitalia.org\/fr\/wp-json\/wp\/v2\/media\/11439"}],"wp:attachment":[{"href":"https:\/\/olemosaic.orbitalia.org\/fr\/wp-json\/wp\/v2\/media?parent=34309"}],"wp:term":[{"taxonomy":"product_brand","embeddable":true,"href":"https:\/\/olemosaic.orbitalia.org\/fr\/wp-json\/wp\/v2\/product_brand?post=34309"},{"taxonomy":"product_cat","embeddable":true,"href":"https:\/\/olemosaic.orbitalia.org\/fr\/wp-json\/wp\/v2\/product_cat?post=34309"},{"taxonomy":"product_tag","embeddable":true,"href":"https:\/\/olemosaic.orbitalia.org\/fr\/wp-json\/wp\/v2\/product_tag?post=34309"}],"curies":[{"name":"wp","href":"https:\/\/api.w.org\/{rel}","templated":true}]}}