{"id":34307,"date":"2025-02-20T22:36:04","date_gmt":"2025-02-20T22:36:04","guid":{"rendered":"https:\/\/olemosaic.orbitalia.org\/producto\/iman-de-metal-casa-batllo-barcelona-azul-8-cm\/"},"modified":"2025-07-25T18:49:20","modified_gmt":"2025-07-25T16:49:20","slug":"aimant-metal-casa-batllo-barcelone-bleu-8-cm","status":"publish","type":"product","link":"https:\/\/olemosaic.orbitalia.org\/fr\/produit\/aimant-metal-casa-batllo-barcelone-bleu-8-cm\/","title":{"rendered":"Aimant en m\u00e9tal. Casa Batll\u00f3. Barcelone. Bleu. 8 cm."},"content":{"rendered":"<p>Aimant m\u00e9tallique de 8 cm inspir\u00e9 de l&rsquo;iconique Casa Batll\u00f3 de Barcelone. Cet aimant attrayant capture l&rsquo;essence du modernisme catalan \u00e0 travers son illustration vibrante dans les tons bleus, \u00e9voquant la spectaculaire mosa\u00efque de c\u00e9ramique et les d\u00e9tails architecturaux uniques con\u00e7us par Antoni Gaud\u00ed. Son design pr\u00e9sente les ondulations caract\u00e9ristiques de la Casa Batll\u00f3, ainsi que les mosa\u00efques color\u00e9es qui ornent sa fa\u00e7ade, cr\u00e9ant une pi\u00e8ce qui n&rsquo;est pas seulement d\u00e9corative, mais aussi un v\u00e9ritable hommage \u00e0 la cr\u00e9ativit\u00e9 de l&rsquo;architecte. L&rsquo;inscription \u00ab\u00a0Barcelona\u00a0\u00bb dans une couleur vive compl\u00e8te l&rsquo;image, renfor\u00e7ant son lien avec la ville.<\/p>\n<p>Cet aimant m\u00e9tallique est un souvenir parfait pour ceux qui ont visit\u00e9 ce chef-d&rsquo;\u0153uvre moderniste. Avec ses 8 cm, il est id\u00e9al pour \u00eatre plac\u00e9 sur n&rsquo;importe quelle surface m\u00e9tallique, comme les r\u00e9frig\u00e9rateurs ou les tableaux magn\u00e9tiques, gardant vivant le souvenir de l&rsquo;aventure barcelonaise. De plus, son design artistique et culturel en fait un excellent souvenir de Barcelone, permettant aux touristes et aux locaux de revivre leurs moments dans cette localit\u00e9 embl\u00e9matique. Chez Ol\u00e9 Mosaic, en tant que grossiste de souvenirs, nous proposons des produits authentiques qui mettent en valeur la richesse culturelle de chaque coin, et cet aimant est une option id\u00e9ale pour les boutiques de cadeaux touristiques cherchant \u00e0 offrir quelque chose d&rsquo;unique et de repr\u00e9sentatif de Barcelone.<\/p>\n","protected":false},"excerpt":{"rendered":"<p>Aimant m\u00e9tallique de 8 cm inspir\u00e9 de l&#8217;embl\u00e9matique Casa Batll\u00f3 de Barcelone. Cet aimant attrayant pr\u00e9sente une illustration vibrante dans les tons bleus, avec des d\u00e9tails color\u00e9s qui capturent la singularit\u00e9 de l&rsquo;architecte Antoni Gaud\u00ed. Son design inclut des \u00e9l\u00e9ments distinctifs du b\u00e2timent, tels que ses mosa\u00efques et ses formes ondul\u00e9es, ainsi que l&rsquo;inscription \u00ab\u00a0Barcelona\u00a0\u00bb. Il est parfait pour se souvenir de votre visite de ce chef-d&rsquo;\u0153uvre moderniste.<\/p>\n","protected":false},"featured_media":8165,"template":"","meta":{"_acf_changed":false},"product_brand":[],"product_cat":[697],"product_tag":[],"class_list":{"0":"post-34307","1":"product","2":"type-product","3":"status-publish","4":"has-post-thumbnail","6":"product_cat-aimants","7":"pa_ciudad-barcelona","8":"pa_motivo-casa-batllo","9":"pa_pais-espana","11":"first","12":"instock","13":"shipping-taxable","14":"product-type-simple"},"acf":[],"_links":{"self":[{"href":"https:\/\/olemosaic.orbitalia.org\/fr\/wp-json\/wp\/v2\/product\/34307","targetHints":{"allow":["GET"]}}],"collection":[{"href":"https:\/\/olemosaic.orbitalia.org\/fr\/wp-json\/wp\/v2\/product"}],"about":[{"href":"https:\/\/olemosaic.orbitalia.org\/fr\/wp-json\/wp\/v2\/types\/product"}],"wp:featuredmedia":[{"embeddable":true,"href":"https:\/\/olemosaic.orbitalia.org\/fr\/wp-json\/wp\/v2\/media\/8165"}],"wp:attachment":[{"href":"https:\/\/olemosaic.orbitalia.org\/fr\/wp-json\/wp\/v2\/media?parent=34307"}],"wp:term":[{"taxonomy":"product_brand","embeddable":true,"href":"https:\/\/olemosaic.orbitalia.org\/fr\/wp-json\/wp\/v2\/product_brand?post=34307"},{"taxonomy":"product_cat","embeddable":true,"href":"https:\/\/olemosaic.orbitalia.org\/fr\/wp-json\/wp\/v2\/product_cat?post=34307"},{"taxonomy":"product_tag","embeddable":true,"href":"https:\/\/olemosaic.orbitalia.org\/fr\/wp-json\/wp\/v2\/product_tag?post=34307"}],"curies":[{"name":"wp","href":"https:\/\/api.w.org\/{rel}","templated":true}]}}