{"id":34292,"date":"2025-02-20T23:36:03","date_gmt":"2025-02-20T22:36:03","guid":{"rendered":"https:\/\/olemosaic.orbitalia.org\/producto\/iman-de-metal-bailaora-negro-11-cm-6\/"},"modified":"2025-07-25T18:59:59","modified_gmt":"2025-07-25T16:59:59","slug":"aimant-metal-danseuse-flamenco-noir-11-cm-fr","status":"publish","type":"product","link":"https:\/\/olemosaic.orbitalia.org\/fr\/produit\/aimant-metal-danseuse-flamenco-noir-11-cm-fr\/","title":{"rendered":"Aimant en m\u00e9tal. Danseuse de flamenco. Noir. Espagne. 11 cm."},"content":{"rendered":"<p>Aimant m\u00e9tallique de 11 cm avec une danseuse de flamenco vibrante, parfait pour \u00e9voquer l&rsquo;essence culturelle de l&rsquo;Espagne. Cet aimant color\u00e9 est d\u00e9cor\u00e9 d&rsquo;une charmante illustration repr\u00e9sentant une danseuse en plein mouvement, v\u00eatue d&rsquo;un \u00e9l\u00e9gant costume \u00e0 volants dans une combinaison de couleurs exub\u00e9rante comprenant le rouge, le bleu et le vert, capturant l&rsquo;\u00e9nergie et la passion du flamenco. La danseuse l\u00e8ve le bras dans un geste gracieux, transmettant la joie et la vivacit\u00e9 de cette tradition espagnole. Au-dessus de la figure, le mot \u00ab\u00a0ESPA\u00d1A\u00a0\u00bb se distingue par un design attrayant, compl\u00e9tant parfaitement l&rsquo;impact visuel de l&rsquo;aimant.<\/p>\n<p>Fabriqu\u00e9 en m\u00e9tal, cet aimant n&rsquo;est pas seulement un accessoire fonctionnel, mais aussi un souvenir significatif qui symbolise le riche h\u00e9ritage culturel de la p\u00e9ninsule ib\u00e9rique. Parfait pour les touristes \u00e0 la recherche de souvenirs authentiques, cet aimant est id\u00e9al pour ramener un morceau d&rsquo;Espagne \u00e0 la maison, en se rem\u00e9morant les paysages, la musique et l&rsquo;art flamenco \u00e0 chaque occasion. Chez Ol\u00e9 Mosaic, en tant que distributeurs de souvenirs en gros, nous proposons des produits de haute qualit\u00e9 qui c\u00e9l\u00e8brent la culture et les traditions de l&rsquo;Espagne. Cet aimant de danseuse est une excellente option pour les boutiques de cadeaux touristiques souhaitant proposer des articles mettant en valeur l&rsquo;authenticit\u00e9 et le folklore espagnol.<\/p>\n","protected":false},"excerpt":{"rendered":"<p>Aimant en m\u00e9tal de 11 cm repr\u00e9sentant une danseuse de flamenco vibrante, id\u00e9al pour se souvenir de l&rsquo;essence culturelle de l&rsquo;Espagne. D\u00e9cor\u00e9 d&rsquo;un design color\u00e9 et joyeux, l&rsquo;aimant montre la danseuse v\u00eatue d&rsquo;un costume \u00e0 volants dans les tons rouge, bleu et vert, tout en levant le bras avec gr\u00e2ce. Le mot \u00ab\u00a0ESPA\u00d1A\u00a0\u00bb appara\u00eet en haut, compl\u00e9tant parfaitement l&rsquo;attrait visuel et le caract\u00e8re folklorique du produit.<\/p>\n","protected":false},"featured_media":8798,"template":"","meta":{"_acf_changed":false},"product_brand":[],"product_cat":[697],"product_tag":[],"class_list":{"0":"post-34292","1":"product","2":"type-product","3":"status-publish","4":"has-post-thumbnail","6":"product_cat-aimants","7":"pa_motivo-danseurs","9":"first","10":"instock","11":"shipping-taxable","12":"product-type-simple"},"acf":[],"_links":{"self":[{"href":"https:\/\/olemosaic.orbitalia.org\/fr\/wp-json\/wp\/v2\/product\/34292","targetHints":{"allow":["GET"]}}],"collection":[{"href":"https:\/\/olemosaic.orbitalia.org\/fr\/wp-json\/wp\/v2\/product"}],"about":[{"href":"https:\/\/olemosaic.orbitalia.org\/fr\/wp-json\/wp\/v2\/types\/product"}],"wp:featuredmedia":[{"embeddable":true,"href":"https:\/\/olemosaic.orbitalia.org\/fr\/wp-json\/wp\/v2\/media\/8798"}],"wp:attachment":[{"href":"https:\/\/olemosaic.orbitalia.org\/fr\/wp-json\/wp\/v2\/media?parent=34292"}],"wp:term":[{"taxonomy":"product_brand","embeddable":true,"href":"https:\/\/olemosaic.orbitalia.org\/fr\/wp-json\/wp\/v2\/product_brand?post=34292"},{"taxonomy":"product_cat","embeddable":true,"href":"https:\/\/olemosaic.orbitalia.org\/fr\/wp-json\/wp\/v2\/product_cat?post=34292"},{"taxonomy":"product_tag","embeddable":true,"href":"https:\/\/olemosaic.orbitalia.org\/fr\/wp-json\/wp\/v2\/product_tag?post=34292"}],"curies":[{"name":"wp","href":"https:\/\/api.w.org\/{rel}","templated":true}]}}