{"id":34281,"date":"2025-02-20T23:36:02","date_gmt":"2025-02-20T22:36:02","guid":{"rendered":"https:\/\/olemosaic.orbitalia.org\/producto\/iman-de-metal-toro-negro-8-cm-3\/"},"modified":"2025-07-25T20:11:56","modified_gmt":"2025-07-25T18:11:56","slug":"aimant-en-metal-taureau-noir-8-cm-3","status":"publish","type":"product","link":"https:\/\/olemosaic.orbitalia.org\/fr\/produit\/aimant-en-metal-taureau-noir-8-cm-3\/","title":{"rendered":"Aimant en m\u00e9tal. Taureau. Fond noir. Espagne. 8 cm."},"content":{"rendered":"<p>Aimant m\u00e9tallique avec des taureaux color\u00e9s de style mosa\u00efque. Cet aimant attrayant de 8 cm est une pi\u00e8ce d\u00e9corative qui capture l&rsquo;essence du folklore espagnol \u00e0 travers son illustration vibrante de taureaux, se d\u00e9tachant sur un fond noir qui intensifie ses couleurs. Les taureaux, repr\u00e9sent\u00e9s dans une fusion de rouge, bleu et autres tons, sont un symbole iconique de la culture espagnole, \u00e9voquant \u00e0 la fois la tradition des corridas et le lien fort du peuple avec sa terre et ses coutumes. Le design en mosa\u00efque apporte non seulement une touche artistique, mais refl\u00e8te \u00e9galement le riche h\u00e9ritage de l&rsquo;art populaire espagnol, faisant de cet aimant un excellent souvenir qui allie fonctionnalit\u00e9 et esth\u00e9tique. C&rsquo;est une pi\u00e8ce id\u00e9ale pour ceux qui recherchent un souvenir authentique de leur visite en Espagne, qui peut \u00eatre expos\u00e9 sur n&rsquo;importe quelle surface magn\u00e9tique et rappeler la vie culturelle vibrante du pays. Chez Ol\u00e9 Mosaic, nous nous engageons \u00e0 offrir des souvenirs de haute qualit\u00e9 en gros, comme cet aimant de taureaux, qui repr\u00e9sente la fusion de l&rsquo;art et de la tradition caract\u00e9risant nos pi\u00e8ces. Parfait pour les boutiques de cadeaux touristiques souhaitant offrir \u00e0 leurs clients des souvenirs repr\u00e9sentatifs de l&rsquo;Espagne.<\/p>\n","protected":false},"excerpt":{"rendered":"<p>Aimant m\u00e9tallique de 8 cm avec une illustration vibrante de taureaux, fusionnant les couleurs dans un style mosa\u00efque. Cet aimant attrayant se d\u00e9tache sur un fond noir, rehaussant les tons rouge et bleu des taureaux, avec un design dynamique qui capture l&rsquo;essence du folklore espagnol. Id\u00e9al comme souvenir d&rsquo;Espagne, il allie art et tradition dans un format pratique et d\u00e9coratif.<\/p>\n","protected":false},"featured_media":7465,"template":"","meta":{"_acf_changed":false},"product_brand":[],"product_cat":[697],"product_tag":[530],"class_list":{"0":"post-34281","1":"product","2":"type-product","3":"status-publish","4":"has-post-thumbnail","6":"product_cat-aimants","7":"product_tag-animaux","8":"pa_motivo-taureaux","10":"first","11":"instock","12":"shipping-taxable","13":"product-type-simple"},"acf":[],"_links":{"self":[{"href":"https:\/\/olemosaic.orbitalia.org\/fr\/wp-json\/wp\/v2\/product\/34281","targetHints":{"allow":["GET"]}}],"collection":[{"href":"https:\/\/olemosaic.orbitalia.org\/fr\/wp-json\/wp\/v2\/product"}],"about":[{"href":"https:\/\/olemosaic.orbitalia.org\/fr\/wp-json\/wp\/v2\/types\/product"}],"wp:featuredmedia":[{"embeddable":true,"href":"https:\/\/olemosaic.orbitalia.org\/fr\/wp-json\/wp\/v2\/media\/7465"}],"wp:attachment":[{"href":"https:\/\/olemosaic.orbitalia.org\/fr\/wp-json\/wp\/v2\/media?parent=34281"}],"wp:term":[{"taxonomy":"product_brand","embeddable":true,"href":"https:\/\/olemosaic.orbitalia.org\/fr\/wp-json\/wp\/v2\/product_brand?post=34281"},{"taxonomy":"product_cat","embeddable":true,"href":"https:\/\/olemosaic.orbitalia.org\/fr\/wp-json\/wp\/v2\/product_cat?post=34281"},{"taxonomy":"product_tag","embeddable":true,"href":"https:\/\/olemosaic.orbitalia.org\/fr\/wp-json\/wp\/v2\/product_tag?post=34281"}],"curies":[{"name":"wp","href":"https:\/\/api.w.org\/{rel}","templated":true}]}}