{"id":34279,"date":"2025-02-20T23:36:02","date_gmt":"2025-02-20T22:36:02","guid":{"rendered":"https:\/\/olemosaic.orbitalia.org\/producto\/iman-de-metal-sagrada-familia-barcelona-8-cm-23\/"},"modified":"2025-07-25T19:40:59","modified_gmt":"2025-07-25T17:40:59","slug":"aimant-en-metal-sagrada-familia-barcelone-8-cm-23","status":"publish","type":"product","link":"https:\/\/olemosaic.orbitalia.org\/fr\/produit\/aimant-en-metal-sagrada-familia-barcelone-8-cm-23\/","title":{"rendered":"Aimant en m\u00e9tal. Sagrada Familia. Gaud\u00ed. Barcelone. Fond bleu. 8 cm."},"content":{"rendered":"<p>Aimant en m\u00e9tal avec la Sagrada Familia : un souvenir attrayant de Barcelone. Cet aimant de 8 cm capture la majest\u00e9 de l&#8217;embl\u00e9matique basilique, un symbole iconique de la cit\u00e9 comtale, con\u00e7ue par l&rsquo;architecte Antoni Gaud\u00ed. Son design vibrant met en valeur les d\u00e9tails architecturaux complexes, des hautes tours aux magnifiques fa\u00e7ades d\u00e9cor\u00e9es qui caract\u00e9risent ce monument. Le fond en mosa\u00efque aux tons bleus et multicolores encadre la Sagrada Familia, \u00e9voquant l&rsquo;essence artistique du modernisme catalan que Gaud\u00ed a magistralement repr\u00e9sent\u00e9.<\/p>\n<p>Le mot \u00ab\u00a0Barcelone\u00a0\u00bb est imprim\u00e9 dans un style \u00e9l\u00e9gant, compl\u00e9tant l&rsquo;esth\u00e9tique de la pi\u00e8ce et garantissant qu&rsquo;elle devienne un v\u00e9ritable embl\u00e8me de la ville. Cet aimant n&rsquo;est pas seulement un objet d\u00e9coratif, mais aussi un souvenir pr\u00e9cieux qui relie les visiteurs \u00e0 la riche histoire culturelle de Barcelone, faisant \u00e9cho \u00e0 l&rsquo;art et \u00e0 l&rsquo;architecture qui ont marqu\u00e9 le monde. Id\u00e9al pour les touristes \u00e0 la recherche de souvenirs authentiques, cet aimant en m\u00e9tal est une excellente option pour ceux qui souhaitent ramener un morceau de la magie de la Sagrada Familia chez eux.<\/p>\n<p>Chez Ol\u00e9 Mosaic, sp\u00e9cialis\u00e9s dans la distribution de souvenirs en gros, nous proposons des produits qui c\u00e9l\u00e8brent l&rsquo;essence des villes espagnoles et catalanes. Cet aimant de la Sagrada Familia est un article parfait pour les boutiques de cadeaux touristiques qui cherchent \u00e0 offrir des souvenirs de qualit\u00e9 avec une valeur culturelle. En tant que grossiste de souvenirs, nous garantissons l&rsquo;authenticit\u00e9 et un design attrayant pour chaque pi\u00e8ce.<\/p>\n","protected":false},"excerpt":{"rendered":"<p>Aimant m\u00e9tallique avec une repr\u00e9sentation color\u00e9e de la Sagrada Familia, le symbole iconique de Barcelone. D&rsquo;une taille de 8 cm, cet aimant pr\u00e9sente un design vibrant qui souligne les d\u00e9tails architecturaux de la basilique, sur un fond de mosa\u00efque aux tons bleus et multicolores. Le mot \u00ab\u00a0Barcelone\u00a0\u00bb est imprim\u00e9 dans un style \u00e9l\u00e9gant, compl\u00e9tant l&rsquo;attrait visuel de l&rsquo;aimant et en faisant un souvenir parfait de l&rsquo;architecture moderniste de la ville.<\/p>\n","protected":false},"featured_media":11367,"template":"","meta":{"_acf_changed":false},"product_brand":[],"product_cat":[697],"product_tag":[],"class_list":{"0":"post-34279","1":"product","2":"type-product","3":"status-publish","4":"has-post-thumbnail","6":"product_cat-aimants","7":"pa_ciudad-barcelona","8":"pa_motivo-sagrada-familia","9":"pa_pais-espana","11":"first","12":"instock","13":"shipping-taxable","14":"product-type-simple"},"acf":[],"_links":{"self":[{"href":"https:\/\/olemosaic.orbitalia.org\/fr\/wp-json\/wp\/v2\/product\/34279","targetHints":{"allow":["GET"]}}],"collection":[{"href":"https:\/\/olemosaic.orbitalia.org\/fr\/wp-json\/wp\/v2\/product"}],"about":[{"href":"https:\/\/olemosaic.orbitalia.org\/fr\/wp-json\/wp\/v2\/types\/product"}],"wp:featuredmedia":[{"embeddable":true,"href":"https:\/\/olemosaic.orbitalia.org\/fr\/wp-json\/wp\/v2\/media\/11367"}],"wp:attachment":[{"href":"https:\/\/olemosaic.orbitalia.org\/fr\/wp-json\/wp\/v2\/media?parent=34279"}],"wp:term":[{"taxonomy":"product_brand","embeddable":true,"href":"https:\/\/olemosaic.orbitalia.org\/fr\/wp-json\/wp\/v2\/product_brand?post=34279"},{"taxonomy":"product_cat","embeddable":true,"href":"https:\/\/olemosaic.orbitalia.org\/fr\/wp-json\/wp\/v2\/product_cat?post=34279"},{"taxonomy":"product_tag","embeddable":true,"href":"https:\/\/olemosaic.orbitalia.org\/fr\/wp-json\/wp\/v2\/product_tag?post=34279"}],"curies":[{"name":"wp","href":"https:\/\/api.w.org\/{rel}","templated":true}]}}