{"id":34275,"date":"2025-02-20T23:36:01","date_gmt":"2025-02-20T22:36:01","guid":{"rendered":"https:\/\/olemosaic.orbitalia.org\/producto\/iman-de-metal-panoramica-barcelona-8-cm-15\/"},"modified":"2025-07-25T20:46:18","modified_gmt":"2025-07-25T18:46:18","slug":"aimant-metal-panoramique-barcelone-8-cm-15","status":"publish","type":"product","link":"https:\/\/olemosaic.orbitalia.org\/fr\/produit\/aimant-metal-panoramique-barcelone-8-cm-15\/","title":{"rendered":"Aimant en m\u00e9tal. Panoramique. I \u2665 Barcelone. Barcelone. 8 cm."},"content":{"rendered":"<p>Aimant en m\u00e9tal avec une vue panoramique de Barcelone, un souvenir incontournable pour emporter un petit morceau de cette ville vibrante. Cet aimant attrayant, de 8 cm, montre une illustration color\u00e9e qui rend hommage \u00e0 deux des ic\u00f4nes architecturales les plus embl\u00e9matiques de Barcelone : la majestueuse Sagrada Familia et la c\u00e9l\u00e8bre mosa\u00efque du Parc G\u00fcell. En haut, le texte \u00ab\u00a0I \u2665 Barcelone\u00a0\u00bb souligne l&rsquo;affection que les visiteurs portent \u00e0 cette ville magnifique. La technique employ\u00e9e dans sa conception rehausse les tons brillants et les d\u00e9tails architecturaux complexes, capturant l&rsquo;essence artistique du lieu.<\/p>\n<p>Cet aimant n&rsquo;est pas seulement un accessoire d\u00e9coratif pour la maison, mais un souvenir authentique de la richesse culturelle de Barcelone, qui allie histoire, art et modernit\u00e9. C&rsquo;est un cadeau id\u00e9al pour ceux qui recherchent des souvenirs repr\u00e9sentatifs et de qualit\u00e9. Chez Ol\u00e9 Mosaic, nous sommes reconnus comme distributeurs de souvenirs en gros, et cet aimant de Barcelone est une excellente option pour les boutiques de cadeaux touristiques souhaitant proposer des produits distinctifs et m\u00e9morables. Ramener chez soi un aimant de l&rsquo;architecture barcelonaise est une merveilleuse fa\u00e7on d&rsquo;immortaliser les moments et les exp\u00e9riences v\u00e9cus dans cette ville fascinante.<\/p>\n","protected":false},"excerpt":{"rendered":"<p>Aimant m\u00e9tallique avec une vue panoramique vibrante de Barcelone, de 8 cm. Cet aimant attrayant pr\u00e9sente un design color\u00e9 montrant la c\u00e9l\u00e8bre Sagrada Familia et l&#8217;embl\u00e9matique mosa\u00efque du Parc G\u00fcell, ainsi que le texte \u00ab\u00a0I \u2665 Barcelone\u00a0\u00bb. Avec une technique qui rehausse les tons brillants et les d\u00e9tails architecturaux, ce souvenir capture l&rsquo;essence artistique de la ville, en faisant le souvenir parfait pour les amoureux de Barcelone.<\/p>\n","protected":false},"featured_media":11431,"template":"","meta":{"_acf_changed":false},"product_brand":[],"product_cat":[697],"product_tag":[],"class_list":{"0":"post-34275","1":"product","2":"type-product","3":"status-publish","4":"has-post-thumbnail","6":"product_cat-aimants","7":"pa_ciudad-barcelona","8":"pa_motivo-panoramas","9":"pa_pais-espana","11":"first","12":"instock","13":"shipping-taxable","14":"product-type-simple"},"acf":[],"_links":{"self":[{"href":"https:\/\/olemosaic.orbitalia.org\/fr\/wp-json\/wp\/v2\/product\/34275","targetHints":{"allow":["GET"]}}],"collection":[{"href":"https:\/\/olemosaic.orbitalia.org\/fr\/wp-json\/wp\/v2\/product"}],"about":[{"href":"https:\/\/olemosaic.orbitalia.org\/fr\/wp-json\/wp\/v2\/types\/product"}],"wp:featuredmedia":[{"embeddable":true,"href":"https:\/\/olemosaic.orbitalia.org\/fr\/wp-json\/wp\/v2\/media\/11431"}],"wp:attachment":[{"href":"https:\/\/olemosaic.orbitalia.org\/fr\/wp-json\/wp\/v2\/media?parent=34275"}],"wp:term":[{"taxonomy":"product_brand","embeddable":true,"href":"https:\/\/olemosaic.orbitalia.org\/fr\/wp-json\/wp\/v2\/product_brand?post=34275"},{"taxonomy":"product_cat","embeddable":true,"href":"https:\/\/olemosaic.orbitalia.org\/fr\/wp-json\/wp\/v2\/product_cat?post=34275"},{"taxonomy":"product_tag","embeddable":true,"href":"https:\/\/olemosaic.orbitalia.org\/fr\/wp-json\/wp\/v2\/product_tag?post=34275"}],"curies":[{"name":"wp","href":"https:\/\/api.w.org\/{rel}","templated":true}]}}