{"id":34273,"date":"2025-02-20T23:36:01","date_gmt":"2025-02-20T22:36:01","guid":{"rendered":"https:\/\/olemosaic.orbitalia.org\/producto\/iman-de-metal-panoramica-barcelona-8-cm-14\/"},"modified":"2025-07-25T23:36:12","modified_gmt":"2025-07-25T21:36:12","slug":"aimant-metal-panoramique-barcelone-8-cm-14","status":"publish","type":"product","link":"https:\/\/olemosaic.orbitalia.org\/fr\/produit\/aimant-metal-panoramique-barcelone-8-cm-14\/","title":{"rendered":"Aimant en m\u00e9tal. Panoramique. Gaud\u00ed. Barcelone. 8 cm."},"content":{"rendered":"<p>Aimant m\u00e9tallique avec vue panoramique de Barcelone<\/p>\n<p>Cet charmant aimant m\u00e9tallique capture l&rsquo;essence de Barcelone dans un design de mosa\u00efque vibrant, parfait pour se souvenir de votre visite dans cette ville embl\u00e9matique. D&rsquo;une taille de 8 cm, il pr\u00e9sente une repr\u00e9sentation artistique de certains de ses monuments les plus embl\u00e9matiques, tels que l&rsquo;\u0153uvre c\u00e9l\u00e8bre de Gaud\u00ed, le Parc G\u00fcell et l&rsquo;imposante Sagrada Familia. Chaque \u00e9l\u00e9ment se distingue par des couleurs vives et des formes distinctives qui \u00e9voquent la cr\u00e9ativit\u00e9 et l&rsquo;esprit innovant du modernisme catalan.<\/p>\n<p>Le fond color\u00e9 ajoute une touche dynamique, tandis que les silhouettes embl\u00e9matiques de la ville s&rsquo;entrelacent dans une composition harmonieuse qui souligne la beaut\u00e9 architecturale de Barcelone. Cet aimant n&rsquo;est pas seulement un accessoire d\u00e9coratif, mais aussi un souvenir authentique qui c\u00e9l\u00e8bre la riche culture et le patrimoine artistique de la capitale catalane.<\/p>\n<p>Parfait pour les touristes \u00e0 la recherche de souvenirs repr\u00e9sentatifs et de qualit\u00e9, cet aimant est un choix exceptionnel pour les boutiques de cadeaux touristiques. Chez Ol\u00e9 Mosaic, en tant que distributeurs de souvenirs en gros, nous proposons des produits authentiques et de grande valeur culturelle qui raviront ceux qui souhaitent ramener un morceau de Barcelone chez eux.<\/p>\n","protected":false},"excerpt":{"rendered":"<p>Aimant m\u00e9tallique avec une vue panoramique vibrante de Barcelone, pr\u00e9sentant des \u00e9l\u00e9ments embl\u00e9matiques de la ville dans un design de mosa\u00efque color\u00e9. D&rsquo;une taille de 8 cm, cet aimant attrayant offre une repr\u00e9sentation artistique de la c\u00e9l\u00e8bre sculpture de Gaud\u00ed, du Parc G\u00fcell et de la Sagrada Familia, mettant en avant des tons brillants et des formes distinctives. Id\u00e9al pour se souvenir de votre visite dans cette ville embl\u00e9matique, cet aimant est un hommage \u00e0 la cr\u00e9ativit\u00e9 catalane.<\/p>\n","protected":false},"featured_media":11422,"template":"","meta":{"_acf_changed":false},"product_brand":[],"product_cat":[697],"product_tag":[],"class_list":{"0":"post-34273","1":"product","2":"type-product","3":"status-publish","4":"has-post-thumbnail","6":"product_cat-aimants","7":"pa_ciudad-barcelona","8":"pa_motivo-panoramas","9":"pa_pais-espana","11":"first","12":"instock","13":"shipping-taxable","14":"product-type-simple"},"acf":[],"_links":{"self":[{"href":"https:\/\/olemosaic.orbitalia.org\/fr\/wp-json\/wp\/v2\/product\/34273","targetHints":{"allow":["GET"]}}],"collection":[{"href":"https:\/\/olemosaic.orbitalia.org\/fr\/wp-json\/wp\/v2\/product"}],"about":[{"href":"https:\/\/olemosaic.orbitalia.org\/fr\/wp-json\/wp\/v2\/types\/product"}],"wp:featuredmedia":[{"embeddable":true,"href":"https:\/\/olemosaic.orbitalia.org\/fr\/wp-json\/wp\/v2\/media\/11422"}],"wp:attachment":[{"href":"https:\/\/olemosaic.orbitalia.org\/fr\/wp-json\/wp\/v2\/media?parent=34273"}],"wp:term":[{"taxonomy":"product_brand","embeddable":true,"href":"https:\/\/olemosaic.orbitalia.org\/fr\/wp-json\/wp\/v2\/product_brand?post=34273"},{"taxonomy":"product_cat","embeddable":true,"href":"https:\/\/olemosaic.orbitalia.org\/fr\/wp-json\/wp\/v2\/product_cat?post=34273"},{"taxonomy":"product_tag","embeddable":true,"href":"https:\/\/olemosaic.orbitalia.org\/fr\/wp-json\/wp\/v2\/product_tag?post=34273"}],"curies":[{"name":"wp","href":"https:\/\/api.w.org\/{rel}","templated":true}]}}