{"id":34250,"date":"2025-02-20T22:36:00","date_gmt":"2025-02-20T22:36:00","guid":{"rendered":"https:\/\/olemosaic.orbitalia.org\/producto\/iman-de-metal-bailaora-malaga-negro-8-cm\/"},"modified":"2025-07-25T18:35:41","modified_gmt":"2025-07-25T16:35:41","slug":"aimant-metal-danseuse-flamenco-malaga-noir-8-cm","status":"publish","type":"product","link":"https:\/\/olemosaic.orbitalia.org\/fr\/produit\/aimant-metal-danseuse-flamenco-malaga-noir-8-cm\/","title":{"rendered":"Aimant en m\u00e9tal. Danseuse de flamenco. Malaga. Noir. 8 cm."},"content":{"rendered":"<p>Aimant m\u00e9tallique avec illustration d&rsquo;une danseuse de flamenco, inspir\u00e9 de la tradition culturelle de Malaga. Cet aimant de 8 cm pr\u00e9sente une repr\u00e9sentation stylis\u00e9e et vibrante d&rsquo;une femme v\u00eatue d&rsquo;une robe \u00e0 volants spectaculaire, pleine de tons color\u00e9s qui refl\u00e8tent la joie et l&rsquo;\u00e9nergie du flamenco. La danseuse, avec une expression rayonnante, adopte une pose dynamiquement \u00e9l\u00e9gante, mettant en valeur sa robe qui se d\u00e9ploie dans une danse color\u00e9e et brillante. Le fond noir rehausse les couleurs vibrantes de la robe et, en haut, on peut voir le mot \u00ab\u00a0M\u00e1laga\u00a0\u00bb en lettres frappantes, ajoutant une touche distinctive et facilement reconnaissable \u00e0 l&rsquo;aimant.<\/p>\n<p>Ce souvenir n&rsquo;est pas seulement une repr\u00e9sentation visuelle du folklore andalou, mais aussi un rappel du riche patrimoine culturel de la r\u00e9gion de Malaga, c\u00e9l\u00e8bre pour sa musique, sa danse et ses traditions flamencas. Propos\u00e9 par Ol\u00e9 Mosaic, cet aimant de danseuse est une excellente option pour les boutiques de cadeaux touristiques, cherchant \u00e0 attirer les touristes qui souhaitent emporter un morceau de l&rsquo;essence de l&rsquo;Andalousie. La combinaison d&rsquo;art et d&rsquo;authenticit\u00e9 dans ce produit en fait un souvenir incontournable de Malaga, id\u00e9al pour ceux qui recherchent des souvenirs authentiques repr\u00e9sentant leur exp\u00e9rience en Espagne. En tant que grossistes de souvenirs, nous garantissons un produit qui est \u00e0 la fois fonctionnel et une pi\u00e8ce d&rsquo;art culturel.<\/p>\n","protected":false},"excerpt":{"rendered":"<p>Aimant m\u00e9tallique avec l&rsquo;illustration d&rsquo;une danseuse de flamenco, inspir\u00e9 de la tradition culturelle de Malaga. Cet aimant de 8 cm pr\u00e9sente une repr\u00e9sentation color\u00e9e et stylis\u00e9e d&rsquo;une femme avec une robe vibrante \u00e0 volants dans divers tons. Le fond noir rehausse les couleurs brillantes, tandis que le mot \u00ab\u00a0M\u00e1laga\u00a0\u00bb se d\u00e9tache en lettres frappantes, faisant de cet aimant un souvenir attrayant et repr\u00e9sentatif du folklore andalou.<\/p>\n","protected":false},"featured_media":10542,"template":"","meta":{"_acf_changed":false},"product_brand":[],"product_cat":[697],"product_tag":[],"class_list":{"0":"post-34250","1":"product","2":"type-product","3":"status-publish","4":"has-post-thumbnail","6":"product_cat-aimants","7":"pa_ciudad-malaga","8":"pa_motivo-danseurs","9":"pa_pais-espana","11":"first","12":"instock","13":"shipping-taxable","14":"product-type-simple"},"acf":[],"_links":{"self":[{"href":"https:\/\/olemosaic.orbitalia.org\/fr\/wp-json\/wp\/v2\/product\/34250","targetHints":{"allow":["GET"]}}],"collection":[{"href":"https:\/\/olemosaic.orbitalia.org\/fr\/wp-json\/wp\/v2\/product"}],"about":[{"href":"https:\/\/olemosaic.orbitalia.org\/fr\/wp-json\/wp\/v2\/types\/product"}],"wp:featuredmedia":[{"embeddable":true,"href":"https:\/\/olemosaic.orbitalia.org\/fr\/wp-json\/wp\/v2\/media\/10542"}],"wp:attachment":[{"href":"https:\/\/olemosaic.orbitalia.org\/fr\/wp-json\/wp\/v2\/media?parent=34250"}],"wp:term":[{"taxonomy":"product_brand","embeddable":true,"href":"https:\/\/olemosaic.orbitalia.org\/fr\/wp-json\/wp\/v2\/product_brand?post=34250"},{"taxonomy":"product_cat","embeddable":true,"href":"https:\/\/olemosaic.orbitalia.org\/fr\/wp-json\/wp\/v2\/product_cat?post=34250"},{"taxonomy":"product_tag","embeddable":true,"href":"https:\/\/olemosaic.orbitalia.org\/fr\/wp-json\/wp\/v2\/product_tag?post=34250"}],"curies":[{"name":"wp","href":"https:\/\/api.w.org\/{rel}","templated":true}]}}