{"id":34241,"date":"2025-02-20T22:35:59","date_gmt":"2025-02-20T22:35:59","guid":{"rendered":"https:\/\/olemosaic.orbitalia.org\/producto\/iman-de-metal-flamenco-negro-8-cm\/"},"modified":"2025-07-25T20:08:38","modified_gmt":"2025-07-25T18:08:38","slug":"aimant-metal-flamant-rose-noir-8-cm","status":"publish","type":"product","link":"https:\/\/olemosaic.orbitalia.org\/fr\/produit\/aimant-metal-flamant-rose-noir-8-cm\/","title":{"rendered":"Aimant en m\u00e9tal. Flamant rose. Noir. 8 cm."},"content":{"rendered":"<p>Aimant en m\u00e9tal avec design de flamants roses &#8211; Souvenir d&rsquo;Espagne<\/p>\n<p>Cet aimant en m\u00e9tal, avec un design vibrant de deux flamants roses dans une posture amoureuse, est le souvenir id\u00e9al pour capturer l&rsquo;essence des r\u00e9gions c\u00f4ti\u00e8res espagnoles. Avec ses 8 cm, l&rsquo;aimant se distingue par sa mosa\u00efque de tons roses, rouges et oranges sur un fond noir, qui accentue la beaut\u00e9 et l&rsquo;\u00e9l\u00e9gance de ces oiseaux embl\u00e9matiques. Les flamants roses sont une repr\u00e9sentation iconique de la nature espagnole, symbolisant l&rsquo;harmonie et la beaut\u00e9 naturelle qui caract\u00e9risent leurs habitats.<\/p>\n<p>L&rsquo;illustration, pleine de couleurs et de d\u00e9tails, \u00e9voque les traditions culturelles et le folklore des zones c\u00f4ti\u00e8res, o\u00f9 les flamants vivent en libert\u00e9. Offrir ou poss\u00e9der cet aimant n&rsquo;est pas seulement une fa\u00e7on de d\u00e9corer le r\u00e9frig\u00e9rateur ou toute surface m\u00e9tallique, mais aussi une mani\u00e8re de ramener un petit morceau de la chaleur du soleil espagnol \u00e0 la maison.<\/p>\n<p>Ol\u00e9 Mosaic propose ce souvenir distinctif de flamants roses, parfait pour les touristes recherchant un souvenir authentique repr\u00e9sentant la culture et la beaut\u00e9 de l&rsquo;Espagne. Cet aimant est id\u00e9al pour les boutiques de cadeaux touristiques cherchant des produits qui soulignent la tradition et l&rsquo;attrait des r\u00e9gions locales. En tant que distributeurs de souvenirs en gros, nous garantissons la qualit\u00e9 et l&rsquo;authenticit\u00e9 de chaque pi\u00e8ce.<\/p>\n","protected":false},"excerpt":{"rendered":"<p>Aimant m\u00e9tallique avec un design color\u00e9 de flamants roses, repr\u00e9sentant deux oiseaux dans une posture amoureuse. Cet aimant de 8 cm expose une mosa\u00efque vibrante de tons roses, rouges et oranges sur un fond noir, qui souligne la beaut\u00e9 de ces oiseaux embl\u00e9matiques. Parfait pour d\u00e9corer votre r\u00e9frig\u00e9rateur ou toute surface m\u00e9tallique, il \u00e9voque l&rsquo;esprit vibrant des r\u00e9gions c\u00f4ti\u00e8res d&rsquo;Espagne, o\u00f9 les flamants roses sont un symbole de la nature locale.<\/p>\n","protected":false},"featured_media":6959,"template":"","meta":{"_acf_changed":false},"product_brand":[],"product_cat":[697],"product_tag":[530],"class_list":{"0":"post-34241","1":"product","2":"type-product","3":"status-publish","4":"has-post-thumbnail","6":"product_cat-aimants","7":"product_tag-animaux","8":"pa_motivo-flamants-roses","10":"first","11":"instock","12":"shipping-taxable","13":"product-type-simple"},"acf":[],"_links":{"self":[{"href":"https:\/\/olemosaic.orbitalia.org\/fr\/wp-json\/wp\/v2\/product\/34241","targetHints":{"allow":["GET"]}}],"collection":[{"href":"https:\/\/olemosaic.orbitalia.org\/fr\/wp-json\/wp\/v2\/product"}],"about":[{"href":"https:\/\/olemosaic.orbitalia.org\/fr\/wp-json\/wp\/v2\/types\/product"}],"wp:featuredmedia":[{"embeddable":true,"href":"https:\/\/olemosaic.orbitalia.org\/fr\/wp-json\/wp\/v2\/media\/6959"}],"wp:attachment":[{"href":"https:\/\/olemosaic.orbitalia.org\/fr\/wp-json\/wp\/v2\/media?parent=34241"}],"wp:term":[{"taxonomy":"product_brand","embeddable":true,"href":"https:\/\/olemosaic.orbitalia.org\/fr\/wp-json\/wp\/v2\/product_brand?post=34241"},{"taxonomy":"product_cat","embeddable":true,"href":"https:\/\/olemosaic.orbitalia.org\/fr\/wp-json\/wp\/v2\/product_cat?post=34241"},{"taxonomy":"product_tag","embeddable":true,"href":"https:\/\/olemosaic.orbitalia.org\/fr\/wp-json\/wp\/v2\/product_tag?post=34241"}],"curies":[{"name":"wp","href":"https:\/\/api.w.org\/{rel}","templated":true}]}}