{"id":34233,"date":"2025-02-20T23:35:58","date_gmt":"2025-02-20T22:35:58","guid":{"rendered":"https:\/\/olemosaic.orbitalia.org\/producto\/iman-de-madera-panoramica-barcelona-3\/"},"modified":"2025-07-25T20:21:19","modified_gmt":"2025-07-25T18:21:19","slug":"aimant-en-bois-panoramique-barcelone-3","status":"publish","type":"product","link":"https:\/\/olemosaic.orbitalia.org\/fr\/produit\/aimant-en-bois-panoramique-barcelone-3\/","title":{"rendered":"Aimant en bois. Panoramique. Sagrada Familia. Barcelone."},"content":{"rendered":"<p>Aimant en bois panoramique de Barcelone<\/p>\n<p>Cet aimant en bois panoramique de Barcelone est un souvenir vibrant qui capture l&rsquo;essence architecturale de la fascinante ville catalane. Avec un design moderne et color\u00e9, il met en valeur l&rsquo;iconique Sagrada Familia, chef-d&rsquo;\u0153uvre d&rsquo;Antoni Gaud\u00ed, entour\u00e9e d&rsquo;autres b\u00e2timents embl\u00e9matiques qui refl\u00e8tent la richesse culturelle et artistique de Barcelone. Les tons jaunes, oranges et bleus pr\u00e9dominent dans l&rsquo;illustration, \u00e9voquant la lumi\u00e8re et l&rsquo;ambiance chaleureuse de la ville. Il d\u00e9crit un d\u00e9cor qui invite les touristes \u00e0 se souvenir de leur visite \u00e0 chaque regard. Le texte imprim\u00e9 \u00ab\u00a0Barcelone\u00a0\u00bb compl\u00e8te l&rsquo;image, faisant de cet aimant le souvenir parfait pour ceux qui souhaitent ramener un petit morceau de la ville chez eux.<\/p>\n<p>La connexion culturelle de cet aimant avec Barcelone est ind\u00e9niable ; chaque \u00e9l\u00e9ment repr\u00e9sent\u00e9 symbolise la singularit\u00e9 de son paysage urbain. Cet aimant n&rsquo;est pas seulement un objet d\u00e9coratif, mais un symbole de l&rsquo;identit\u00e9 catalane. Chez Ol\u00e9 Mosaic, en tant que grossistes de souvenirs de Barcelone, nous proposons des produits qui refl\u00e8tent l&rsquo;authenticit\u00e9 et la valeur culturelle de la ville. Cet aimant en bois est une excellente option pour les boutiques de cadeaux touristiques qui cherchent \u00e0 offrir \u00e0 leurs clients un souvenir repr\u00e9sentatif et attrayant de cette m\u00e9tropole vibrante.<\/p>\n","protected":false},"excerpt":{"rendered":"<p>Aimant en bois avec une vue panoramique vibrante de Barcelone, mettant en valeur l&rsquo;iconique Sagrada Familia et d&rsquo;autres b\u00e2timents embl\u00e9matiques de la ville. Cet aimant, fabriqu\u00e9 en bois, pr\u00e9sente un design color\u00e9 et moderne, avec des tons jaunes, oranges et bleus qui \u00e9voquent l&rsquo;architecture unique de Barcelone. Avec le mot \u00ab\u00a0Barcelone\u00a0\u00bb imprim\u00e9, c&rsquo;est un souvenir parfait qui capture l&rsquo;essence de cette m\u00e9tropole catalane vibrante.<\/p>\n","protected":false},"featured_media":9176,"template":"","meta":{"_acf_changed":false},"product_brand":[],"product_cat":[697],"product_tag":[],"class_list":{"0":"post-34233","1":"product","2":"type-product","3":"status-publish","4":"has-post-thumbnail","6":"product_cat-aimants","7":"pa_ciudad-barcelona","8":"pa_motivo-panoramas","9":"pa_pais-espana","11":"first","12":"instock","13":"shipping-taxable","14":"product-type-simple"},"acf":[],"_links":{"self":[{"href":"https:\/\/olemosaic.orbitalia.org\/fr\/wp-json\/wp\/v2\/product\/34233","targetHints":{"allow":["GET"]}}],"collection":[{"href":"https:\/\/olemosaic.orbitalia.org\/fr\/wp-json\/wp\/v2\/product"}],"about":[{"href":"https:\/\/olemosaic.orbitalia.org\/fr\/wp-json\/wp\/v2\/types\/product"}],"wp:featuredmedia":[{"embeddable":true,"href":"https:\/\/olemosaic.orbitalia.org\/fr\/wp-json\/wp\/v2\/media\/9176"}],"wp:attachment":[{"href":"https:\/\/olemosaic.orbitalia.org\/fr\/wp-json\/wp\/v2\/media?parent=34233"}],"wp:term":[{"taxonomy":"product_brand","embeddable":true,"href":"https:\/\/olemosaic.orbitalia.org\/fr\/wp-json\/wp\/v2\/product_brand?post=34233"},{"taxonomy":"product_cat","embeddable":true,"href":"https:\/\/olemosaic.orbitalia.org\/fr\/wp-json\/wp\/v2\/product_cat?post=34233"},{"taxonomy":"product_tag","embeddable":true,"href":"https:\/\/olemosaic.orbitalia.org\/fr\/wp-json\/wp\/v2\/product_tag?post=34233"}],"curies":[{"name":"wp","href":"https:\/\/api.w.org\/{rel}","templated":true}]}}