{"id":34232,"date":"2025-02-20T23:35:58","date_gmt":"2025-02-20T22:35:58","guid":{"rendered":"https:\/\/olemosaic.orbitalia.org\/producto\/iman-de-madera-panoramica-sevilla\/"},"modified":"2025-07-25T19:01:32","modified_gmt":"2025-07-25T17:01:32","slug":"aimant-en-bois-panoramique-seville","status":"publish","type":"product","link":"https:\/\/olemosaic.orbitalia.org\/fr\/produit\/aimant-en-bois-panoramique-seville\/","title":{"rendered":"Aimant en bois. Panoramique. S\u00e9ville."},"content":{"rendered":"<p>Aimant en bois panoramique de S\u00e9ville : un souvenir vibrant de cette ville andalouse magique. Cet aimant color\u00e9 pr\u00e9sente une illustration \u00e0 effet peint \u00e0 la main qui capture la majest\u00e9 des monuments embl\u00e9matiques de S\u00e9ville, tels que la Giralda et l&rsquo;Alcazar, entour\u00e9s d&rsquo;\u00e9l\u00e9ments botaniques luxuriants et d&rsquo;un ciel bleu \u00e9clatant. Le design met en avant le mot \u00ab\u00a0S\u00c9VILLE\u00a0\u00bb en lettres multicolores, ce qui ajoute une touche fra\u00eeche et dynamique au produit, en faisant une pi\u00e8ce d\u00e9corative parfaite pour n&rsquo;importe quelle maison. Fabriqu\u00e9 en bois de haute qualit\u00e9, cet aimant est non seulement fonctionnel, mais aussi une \u0153uvre d&rsquo;art qui repr\u00e9sente l&rsquo;essence culturelle de S\u00e9ville.<\/p>\n<p>Ce souvenir est id\u00e9al pour les touristes qui cherchent \u00e0 emporter un morceau de la richesse architecturale et de l&rsquo;ambiance vibrante de la ville, et sa connexion avec la culture andalouse en fait un cadeau m\u00e9morable. Chez Ol\u00e9 Mosaic, nous comprenons l&rsquo;importance de proposer des souvenirs authentiques et significatifs, et cet aimant est une excellente option pour les boutiques de cadeaux touristiques qui souhaitent mettre en avant des produits repr\u00e9sentatifs de S\u00e9ville. Avec son design attrayant et sa connotation culturelle, cet aimant en bois est un choix id\u00e9al pour ceux qui recherchent des souvenirs de S\u00e9ville en gros, apportant une touche d&rsquo;art et de tradition \u00e0 chaque foyer.<\/p>\n","protected":false},"excerpt":{"rendered":"<p>Aimant en bois avec une vue panoramique color\u00e9e de S\u00e9ville qui souligne la majest\u00e9 de la ville andalouse. Ce souvenir attrayant pr\u00e9sente une illustration vibrante des monuments embl\u00e9matiques de S\u00e9ville, tels que la Giralda et l&rsquo;Alcazar, entour\u00e9s d&rsquo;\u00e9l\u00e9ments botaniques et d&rsquo;un ciel bleu ensoleill\u00e9. Avec le mot \u00ab\u00a0S\u00c9VILLE\u00a0\u00bb en lettres frappantes et multicolores, cet aimant au design artisanal, peint \u00e0 la main, est une excellente fa\u00e7on d&rsquo;\u00e9voquer l&rsquo;essence de S\u00e9ville dans n&rsquo;importe quel foyer.<\/p>\n","protected":false},"featured_media":9561,"template":"","meta":{"_acf_changed":false},"product_brand":[],"product_cat":[697],"product_tag":[],"class_list":{"0":"post-34232","1":"product","2":"type-product","3":"status-publish","4":"has-post-thumbnail","6":"product_cat-aimants","7":"pa_ciudad-sevilla","8":"pa_motivo-panoramas","9":"pa_pais-espana","11":"first","12":"instock","13":"shipping-taxable","14":"product-type-simple"},"acf":[],"_links":{"self":[{"href":"https:\/\/olemosaic.orbitalia.org\/fr\/wp-json\/wp\/v2\/product\/34232","targetHints":{"allow":["GET"]}}],"collection":[{"href":"https:\/\/olemosaic.orbitalia.org\/fr\/wp-json\/wp\/v2\/product"}],"about":[{"href":"https:\/\/olemosaic.orbitalia.org\/fr\/wp-json\/wp\/v2\/types\/product"}],"wp:featuredmedia":[{"embeddable":true,"href":"https:\/\/olemosaic.orbitalia.org\/fr\/wp-json\/wp\/v2\/media\/9561"}],"wp:attachment":[{"href":"https:\/\/olemosaic.orbitalia.org\/fr\/wp-json\/wp\/v2\/media?parent=34232"}],"wp:term":[{"taxonomy":"product_brand","embeddable":true,"href":"https:\/\/olemosaic.orbitalia.org\/fr\/wp-json\/wp\/v2\/product_brand?post=34232"},{"taxonomy":"product_cat","embeddable":true,"href":"https:\/\/olemosaic.orbitalia.org\/fr\/wp-json\/wp\/v2\/product_cat?post=34232"},{"taxonomy":"product_tag","embeddable":true,"href":"https:\/\/olemosaic.orbitalia.org\/fr\/wp-json\/wp\/v2\/product_tag?post=34232"}],"curies":[{"name":"wp","href":"https:\/\/api.w.org\/{rel}","templated":true}]}}