{"id":34214,"date":"2025-02-20T23:35:57","date_gmt":"2025-02-20T22:35:57","guid":{"rendered":"https:\/\/olemosaic.orbitalia.org\/producto\/iman-de-madera-guitarra-barcelona-2\/"},"modified":"2025-07-25T20:02:44","modified_gmt":"2025-07-25T18:02:44","slug":"aimant-en-bois-guitare-barcelone-2","status":"publish","type":"product","link":"https:\/\/olemosaic.orbitalia.org\/fr\/produit\/aimant-en-bois-guitare-barcelone-2\/","title":{"rendered":"Aimant en bois. Guitare. Gaud\u00ed. Barcelone."},"content":{"rendered":"<p>Aimant en bois en forme de guitare, inspir\u00e9 par la culture vibrante de Barcelone. Cet aimant attrayant capture l&rsquo;essence de la ville avec un design color\u00e9 qui fusionne l&rsquo;architecture moderniste iconique et les c\u00e9l\u00e8bres mosa\u00efques d&rsquo;Antoni Gaud\u00ed. La guitare, symbole universel de la musique et de l&rsquo;art, est d\u00e9cor\u00e9e de d\u00e9tails vifs qui \u00e9voquent les trencad\u00eds color\u00e9s de La Pedrera et du Park G\u00fcell, mettant \u00e9galement en avant l&#8217;embl\u00e9matique Sagrada Familia, qui \u00e9merge en arri\u00e8re-plan, refl\u00e9tant la singularit\u00e9 de la ville. Dans la partie sup\u00e9rieure, le mot \u00ab\u00a0Barcelone\u00a0\u00bb appara\u00eet avec une typographie artistique, ajoutant une touche distinctive et authentique au souvenir. Cet aimant n&rsquo;est pas seulement un \u00e9l\u00e9ment d\u00e9coratif id\u00e9al pour toute maison, mais c&rsquo;est aussi un excellent souvenir pour ceux qui souhaitent emporter un petit morceau de Barcelone. Sa connexion culturelle avec la musique et l&rsquo;architecture renforce sa pertinence en tant que souvenir repr\u00e9sentatif de la ville. Chez Ol\u00e9 Mosaic, en tant que grossiste de souvenirs, nous proposons cet aimant guitare, un article parfait pour les boutiques de cadeaux touristiques, qui apporte art et culture dans chaque pi\u00e8ce.<\/p>\n","protected":false},"excerpt":{"rendered":"<p>Aimant en bois en forme de guitare, inspir\u00e9 par la culture vibrante de Barcelone. Cet aimant attrayant pr\u00e9sente un design color\u00e9, o\u00f9 l&rsquo;architecture iconique de la ville se fusionne avec des motifs de mosa\u00efque, \u00e9voquant l&rsquo;\u0153uvre de Gaud\u00ed. Le mot \u00ab\u00a0Barcelone\u00a0\u00bb se d\u00e9tache dans la partie sup\u00e9rieure, ajoutant une touche distinctive. Id\u00e9al pour se souvenir de votre visite dans cette ville magnifique ou comme cadeau pour les amateurs de musique et d&rsquo;art.<\/p>\n","protected":false},"featured_media":9534,"template":"","meta":{"_acf_changed":false},"product_brand":[],"product_cat":[697],"product_tag":[],"class_list":{"0":"post-34214","1":"product","2":"type-product","3":"status-publish","4":"has-post-thumbnail","6":"product_cat-aimants","7":"pa_ciudad-barcelona","8":"pa_motivo-guitares","9":"pa_pais-espana","11":"first","12":"instock","13":"shipping-taxable","14":"product-type-simple"},"acf":[],"_links":{"self":[{"href":"https:\/\/olemosaic.orbitalia.org\/fr\/wp-json\/wp\/v2\/product\/34214","targetHints":{"allow":["GET"]}}],"collection":[{"href":"https:\/\/olemosaic.orbitalia.org\/fr\/wp-json\/wp\/v2\/product"}],"about":[{"href":"https:\/\/olemosaic.orbitalia.org\/fr\/wp-json\/wp\/v2\/types\/product"}],"wp:featuredmedia":[{"embeddable":true,"href":"https:\/\/olemosaic.orbitalia.org\/fr\/wp-json\/wp\/v2\/media\/9534"}],"wp:attachment":[{"href":"https:\/\/olemosaic.orbitalia.org\/fr\/wp-json\/wp\/v2\/media?parent=34214"}],"wp:term":[{"taxonomy":"product_brand","embeddable":true,"href":"https:\/\/olemosaic.orbitalia.org\/fr\/wp-json\/wp\/v2\/product_brand?post=34214"},{"taxonomy":"product_cat","embeddable":true,"href":"https:\/\/olemosaic.orbitalia.org\/fr\/wp-json\/wp\/v2\/product_cat?post=34214"},{"taxonomy":"product_tag","embeddable":true,"href":"https:\/\/olemosaic.orbitalia.org\/fr\/wp-json\/wp\/v2\/product_tag?post=34214"}],"curies":[{"name":"wp","href":"https:\/\/api.w.org\/{rel}","templated":true}]}}