{"id":34211,"date":"2025-02-20T22:35:57","date_gmt":"2025-02-20T22:35:57","guid":{"rendered":"https:\/\/olemosaic.orbitalia.org\/producto\/iman-de-madera-salamandra-y-flores-fuerteventura\/"},"modified":"2025-07-25T19:39:56","modified_gmt":"2025-07-25T17:39:56","slug":"aimant-en-bois-salamandre-et-fleurs-fuerteventura","status":"publish","type":"product","link":"https:\/\/olemosaic.orbitalia.org\/fr\/produit\/aimant-en-bois-salamandre-et-fleurs-fuerteventura\/","title":{"rendered":"Aimant en bois. Salamandre et fleurs. Fuerteventura."},"content":{"rendered":"<p>Aimant en bois d\u00e9cor\u00e9 de salamandres et de fleurs color\u00e9es, inspir\u00e9 par la beaut\u00e9 naturelle de Fuerteventura. Cet aimant vibrant est une repr\u00e9sentation de la vie exub\u00e9rante des \u00eeles Canaries, mettant en avant un design plein de couleurs o\u00f9 deux salamandres, une rouge et une bleue, s&rsquo;entrelacent sur un fond de fleurs multicolores. Le mot \u201cFuerteventura\u201d est pr\u00e9sent\u00e9 de mani\u00e8re pro\u00e9minente et attrayante, cr\u00e9ant un souvenir distinctif qui capture l&rsquo;essence de l&rsquo;\u00eele.<\/p>\n<p>L&rsquo;utilisation du bois dans sa fabrication garantit que chaque aimant soit, en plus d&rsquo;un \u00e9l\u00e9ment d\u00e9coratif, un symbole de durabilit\u00e9 et d&rsquo;authenticit\u00e9. Les salamandres, une r\u00e9f\u00e9rence de la faune locale, ajoutent une touche organique qui rappelle la riche biodiversit\u00e9 de l&rsquo;\u00eele, tandis que les fleurs, all\u00e9goriques au paysage canarien, apportent un air frais et vibrant. Cet aimant est id\u00e9al pour orner toute surface m\u00e9tallique et fonctionner comme un rappel constant des merveilles qu&rsquo;offre Fuerteventura.<\/p>\n<p>De plus, son attrait visuel en fait une excellente option pour les touristes \u00e0 la recherche de souvenirs repr\u00e9sentatifs et de qualit\u00e9. Chez Ol\u00e9 Mosaic, nous sommes distributeurs en gros de souvenirs authentiques des \u00eeles Canaries, et cet aimant est parfait pour les boutiques de cadeaux touristiques qui souhaitent offrir une exp\u00e9rience unique et culturelle \u00e0 leurs clients.<\/p>\n","protected":false},"excerpt":{"rendered":"<p>Aimant en bois d\u00e9cor\u00e9 de joyeuses salamandres et de fleurs, inspir\u00e9 par la beaut\u00e9 naturelle de Fuerteventura. Cet aimant attrayant pr\u00e9sente un design vibrant, avec deux salamandres rouge et bleue sur un fond floral multicolore. Le mot \u00ab\u00a0Fuerteventura\u00a0\u00bb se distingue par une typographie frappante, en faisant un souvenir distinctif qui capture l&rsquo;essence des \u00eeles Canaries. Id\u00e9al pour d\u00e9corer toute surface m\u00e9tallique et ramener un petit morceau de l&rsquo;\u00eele chez soi.<\/p>\n","protected":false},"featured_media":11183,"template":"","meta":{"_acf_changed":false},"product_brand":[],"product_cat":[697],"product_tag":[530],"class_list":{"0":"post-34211","1":"product","2":"type-product","3":"status-publish","4":"has-post-thumbnail","6":"product_cat-aimants","7":"product_tag-animaux","8":"pa_ciudad-fuerteventura","9":"pa_motivo-salamandres","10":"pa_pais-espana","12":"first","13":"instock","14":"shipping-taxable","15":"product-type-simple"},"acf":[],"_links":{"self":[{"href":"https:\/\/olemosaic.orbitalia.org\/fr\/wp-json\/wp\/v2\/product\/34211","targetHints":{"allow":["GET"]}}],"collection":[{"href":"https:\/\/olemosaic.orbitalia.org\/fr\/wp-json\/wp\/v2\/product"}],"about":[{"href":"https:\/\/olemosaic.orbitalia.org\/fr\/wp-json\/wp\/v2\/types\/product"}],"wp:featuredmedia":[{"embeddable":true,"href":"https:\/\/olemosaic.orbitalia.org\/fr\/wp-json\/wp\/v2\/media\/11183"}],"wp:attachment":[{"href":"https:\/\/olemosaic.orbitalia.org\/fr\/wp-json\/wp\/v2\/media?parent=34211"}],"wp:term":[{"taxonomy":"product_brand","embeddable":true,"href":"https:\/\/olemosaic.orbitalia.org\/fr\/wp-json\/wp\/v2\/product_brand?post=34211"},{"taxonomy":"product_cat","embeddable":true,"href":"https:\/\/olemosaic.orbitalia.org\/fr\/wp-json\/wp\/v2\/product_cat?post=34211"},{"taxonomy":"product_tag","embeddable":true,"href":"https:\/\/olemosaic.orbitalia.org\/fr\/wp-json\/wp\/v2\/product_tag?post=34211"}],"curies":[{"name":"wp","href":"https:\/\/api.w.org\/{rel}","templated":true}]}}