{"id":34210,"date":"2025-02-20T22:35:57","date_gmt":"2025-02-20T22:35:57","guid":{"rendered":"https:\/\/olemosaic.orbitalia.org\/producto\/iman-de-madera-panoramica-bilbao\/"},"modified":"2025-07-25T20:12:04","modified_gmt":"2025-07-25T18:12:04","slug":"aimant-en-bois-panoramique-bilbao","status":"publish","type":"product","link":"https:\/\/olemosaic.orbitalia.org\/fr\/produit\/aimant-en-bois-panoramique-bilbao\/","title":{"rendered":"Aimant en bois. Panoramique. Bilbao."},"content":{"rendered":"<p>Aimant en bois de Bilbao, une pi\u00e8ce vibrante qui encapsule l&rsquo;essence de cette ville embl\u00e9matique du nord de l&rsquo;Espagne. Cet aimant attrayant pr\u00e9sente une vue panoramique color\u00e9e incluant certains des lieux les plus iconiques de Bilbao, tels que le mus\u00e9e Guggenheim avant-gardiste, l&rsquo;imposante tour Iberdrola et le pont suspendu historique. Chaque b\u00e2timent est illustr\u00e9 dans un style moderne et frappant qui se distingue par sa palette de couleurs satur\u00e9es et ses lignes dynamiques, cr\u00e9ant un collage visuel percutant qui c\u00e9l\u00e8bre \u00e0 la fois l&rsquo;architecture et le dynamisme de la ville.<\/p>\n<p>L&rsquo;aimant int\u00e8gre \u00e9galement un soleil radieux et un sympathique ours peint, des \u00e9l\u00e9ments qui ajoutent une touche de joie et de symbolisme local, repr\u00e9sentant la chaleur des gens et l&rsquo;ambiance festive qui caract\u00e9rise Bilbao. Ce souvenir n&rsquo;est pas seulement une repr\u00e9sentation artistique de la ville, mais un souvenir parfait pour les touristes qui souhaitent ramener un fragment de la culture de Bilbao chez eux.<\/p>\n<p>Chez Ol\u00e9 Mosaic, nous nous sp\u00e9cialisons dans la distribution de souvenirs en gros, et cet aimant en bois est une excellente option pour les boutiques de cadeaux qui cherchent \u00e0 proposer des produits authentiques et repr\u00e9sentatifs. Avec son design attrayant et culturellement significatif, il se positionne comme un incontournable pour ceux qui recherchent des souvenirs de Bilbao qui capturent r\u00e9ellement l&rsquo;essence de cette ville fascinante.<\/p>\n","protected":false},"excerpt":{"rendered":"<p>Aimant en bois avec une vue panoramique color\u00e9e de Bilbao. Cet aimant attrayant montre certains des points les plus embl\u00e9matiques de la ville, comme le mus\u00e9e Guggenheim, la tour Iberdrola et le pont suspendu, illustr\u00e9s dans un style vibrant et contemporain. Avec un design incluant un soleil brillant et un ours peint amusant, l&rsquo;aimant souligne l&rsquo;identit\u00e9 architecturale et culturelle de Bilbao, devenant un souvenir id\u00e9al pour se rem\u00e9morer la beaut\u00e9 de cette r\u00e9gion.<\/p>\n","protected":false},"featured_media":9553,"template":"","meta":{"_acf_changed":false},"product_brand":[],"product_cat":[697],"product_tag":[],"class_list":{"0":"post-34210","1":"product","2":"type-product","3":"status-publish","4":"has-post-thumbnail","6":"product_cat-aimants","7":"pa_ciudad-bilbao","8":"pa_motivo-panoramas","9":"pa_pais-espana","11":"first","12":"instock","13":"shipping-taxable","14":"product-type-simple"},"acf":[],"_links":{"self":[{"href":"https:\/\/olemosaic.orbitalia.org\/fr\/wp-json\/wp\/v2\/product\/34210","targetHints":{"allow":["GET"]}}],"collection":[{"href":"https:\/\/olemosaic.orbitalia.org\/fr\/wp-json\/wp\/v2\/product"}],"about":[{"href":"https:\/\/olemosaic.orbitalia.org\/fr\/wp-json\/wp\/v2\/types\/product"}],"wp:featuredmedia":[{"embeddable":true,"href":"https:\/\/olemosaic.orbitalia.org\/fr\/wp-json\/wp\/v2\/media\/9553"}],"wp:attachment":[{"href":"https:\/\/olemosaic.orbitalia.org\/fr\/wp-json\/wp\/v2\/media?parent=34210"}],"wp:term":[{"taxonomy":"product_brand","embeddable":true,"href":"https:\/\/olemosaic.orbitalia.org\/fr\/wp-json\/wp\/v2\/product_brand?post=34210"},{"taxonomy":"product_cat","embeddable":true,"href":"https:\/\/olemosaic.orbitalia.org\/fr\/wp-json\/wp\/v2\/product_cat?post=34210"},{"taxonomy":"product_tag","embeddable":true,"href":"https:\/\/olemosaic.orbitalia.org\/fr\/wp-json\/wp\/v2\/product_tag?post=34210"}],"curies":[{"name":"wp","href":"https:\/\/api.w.org\/{rel}","templated":true}]}}