{"id":34208,"date":"2025-02-20T23:35:56","date_gmt":"2025-02-20T22:35:56","guid":{"rendered":"https:\/\/olemosaic.orbitalia.org\/producto\/iman-de-ceramica-sardina-verde\/"},"modified":"2025-07-25T18:38:59","modified_gmt":"2025-07-25T16:38:59","slug":"aimant-en-ceramique-sardine-vert","status":"publish","type":"product","link":"https:\/\/olemosaic.orbitalia.org\/fr\/produit\/aimant-en-ceramique-sardine-vert\/","title":{"rendered":"Aimant en c\u00e9ramique. Sardine. Vert."},"content":{"rendered":"<p>Aimant en c\u00e9ramique en forme de sardine, d\u00e9cor\u00e9 de motifs complexes dans les tons verts et bleus. Ce souvenir attrayant capture l&rsquo;essence du folklore maritime du Portugal. Peint \u00e0 la main par des artisans locaux talentueux, cet aimant artisanal repr\u00e9sente une sardine, symbole iconique de la gastronomie portugaise et manifestation de sa riche culture de la p\u00eache. La c\u00e9ramique pr\u00e9sente des d\u00e9tails artistiques avec des motifs complexes \u00e9voquant la beaut\u00e9 des vagues de l&rsquo;oc\u00e9an et de la v\u00e9g\u00e9tation c\u00f4ti\u00e8re, en faisant une pi\u00e8ce d\u00e9corative unique.<\/p>\n<p>La combinaison de verts vibrants et de bleus profonds souligne non seulement l&rsquo;\u00e9l\u00e9gance du design, mais \u00e9voque \u00e9galement les eaux cristallines des c\u00f4tes portugaises, cr\u00e9ant un lien \u00e9motionnel avec les souvenirs de vacances \u00e0 la plage. Cet aimant n&rsquo;est pas seulement un objet fonctionnel, mais un rappel \u00e9l\u00e9gant de la culture portugaise, id\u00e9al pour ceux qui souhaitent emporter un morceau du riche h\u00e9ritage du pays.<\/p>\n<p>Chez Ol\u00e9 Mosaic, nous nous sp\u00e9cialisons dans la distribution en gros de souvenirs en c\u00e9ramique de haute qualit\u00e9, et cet aimant de sardine est une excellente option pour les boutiques de cadeaux touristiques \u00e0 la recherche de produits authentiques et repr\u00e9sentatifs. Parfait comme souvenir du Portugal, il ajoute une touche color\u00e9e \u00e0 toute surface magn\u00e9tique, id\u00e9al pour les touristes \u00e0 la recherche d&rsquo;un souvenir authentique et plein de sens.<\/p>\n","protected":false},"excerpt":{"rendered":"<p>Aimant en c\u00e9ramique en forme de sardine, d\u00e9cor\u00e9 de motifs complexes dans les tons verts et bleus. Ce souvenir attrayant capture l&rsquo;essence du folklore maritime, id\u00e9al pour \u00e9voquer la c\u00f4te et la gastronomie portugaise. Peint dans un style artisanal, il pr\u00e9sente des d\u00e9tails artistiques rappelant la tradition locale, en faisant une pi\u00e8ce d\u00e9corative singuli\u00e8re. Parfait pour ajouter une touche de color\u00e9e \u00e0 toute surface m\u00e9tallique.<\/p>\n","protected":false},"featured_media":8946,"template":"","meta":{"_acf_changed":false},"product_brand":[],"product_cat":[697],"product_tag":[530,585],"class_list":{"0":"post-34208","1":"product","2":"type-product","3":"status-publish","4":"has-post-thumbnail","6":"product_cat-aimants","7":"product_tag-animaux","8":"product_tag-ceramique","9":"pa_motivo-sardines","11":"first","12":"instock","13":"shipping-taxable","14":"product-type-simple"},"acf":[],"_links":{"self":[{"href":"https:\/\/olemosaic.orbitalia.org\/fr\/wp-json\/wp\/v2\/product\/34208","targetHints":{"allow":["GET"]}}],"collection":[{"href":"https:\/\/olemosaic.orbitalia.org\/fr\/wp-json\/wp\/v2\/product"}],"about":[{"href":"https:\/\/olemosaic.orbitalia.org\/fr\/wp-json\/wp\/v2\/types\/product"}],"wp:featuredmedia":[{"embeddable":true,"href":"https:\/\/olemosaic.orbitalia.org\/fr\/wp-json\/wp\/v2\/media\/8946"}],"wp:attachment":[{"href":"https:\/\/olemosaic.orbitalia.org\/fr\/wp-json\/wp\/v2\/media?parent=34208"}],"wp:term":[{"taxonomy":"product_brand","embeddable":true,"href":"https:\/\/olemosaic.orbitalia.org\/fr\/wp-json\/wp\/v2\/product_brand?post=34208"},{"taxonomy":"product_cat","embeddable":true,"href":"https:\/\/olemosaic.orbitalia.org\/fr\/wp-json\/wp\/v2\/product_cat?post=34208"},{"taxonomy":"product_tag","embeddable":true,"href":"https:\/\/olemosaic.orbitalia.org\/fr\/wp-json\/wp\/v2\/product_tag?post=34208"}],"curies":[{"name":"wp","href":"https:\/\/api.w.org\/{rel}","templated":true}]}}