{"id":34184,"date":"2025-02-20T23:35:55","date_gmt":"2025-02-20T22:35:55","guid":{"rendered":"https:\/\/olemosaic.orbitalia.org\/producto\/iman-de-ceramica-salamandra-y-flores-blanco-5\/"},"modified":"2025-07-25T20:29:41","modified_gmt":"2025-07-25T18:29:41","slug":"aimant-en-ceramique-salamandre-et-fleurs-blanc-5","status":"publish","type":"product","link":"https:\/\/olemosaic.orbitalia.org\/fr\/produit\/aimant-en-ceramique-salamandre-et-fleurs-blanc-5\/","title":{"rendered":"Aimant en c\u00e9ramique. Salamandre et fleurs. Blanc. Espagne."},"content":{"rendered":"<p>Aimant en c\u00e9ramique d\u00e9cor\u00e9 d&rsquo;une salamandre vibrante et de fleurs. Ce charmant souvenir capture l&rsquo;essence de la faune et de la flore espagnoles. Il pr\u00e9sente un design color\u00e9, o\u00f9 la salamandre, dans les tons verts et bleus, se d\u00e9tache sur un fond blanc lumineux. Entour\u00e9e d&rsquo;une explosion florale de rouge, jaune et bleu, la pi\u00e8ce \u00e9voque la joie et le dynamisme de la nature espagnole. Chaque d\u00e9tail est m\u00e9ticuleusement \u00e9labor\u00e9 selon la technique de la c\u00e9ramique \u00e9maill\u00e9e, qui non seulement offre une finition brillante et durable, mais souligne \u00e9galement les couleurs et les motifs vifs, en faisant un objet d\u00e9coratif id\u00e9al pour toute surface m\u00e9tallique. Cet aimant est un souvenir authentique et culturel qui rend hommage \u00e0 la riche biodiversit\u00e9 de l&rsquo;Espagne, d\u00e9montrant l&rsquo;admiration du pays pour son environnement naturel. Chez Ol\u00e9 Mosaic, nous nous sp\u00e9cialisons dans la distribution de souvenirs en c\u00e9ramique en gros, offrant des produits uniques comme cet aimant de salamandre, parfait pour les boutiques de cadeaux \u00e0 la recherche d&rsquo;articles repr\u00e9sentatifs et de qualit\u00e9. Emportez un morceau de la beaut\u00e9 culturelle espagnole avec ce charmant aimant, un excellent souvenir pour les touristes \u00e0 la recherche de souvenirs authentiques.<\/p>\n","protected":false},"excerpt":{"rendered":"<p>Aimant en c\u00e9ramique d\u00e9cor\u00e9 d&rsquo;une salamandre vibrante et de fleurs, inspir\u00e9 par l&rsquo;appr\u00e9ciation culturelle de la faune et de la flore espagnoles. Cet aimant charmant pr\u00e9sente un design color\u00e9, avec la salamandre dans les tons verts et bleus, entour\u00e9e de fleurs rouges, jaunes et bleues sur un fond blanc. La pi\u00e8ce se distingue par sa technique de c\u00e9ramique \u00e9maill\u00e9e, id\u00e9ale pour ajouter une touche artistique et joyeuse \u00e0 toute surface m\u00e9tallique.<\/p>\n","protected":false},"featured_media":8369,"template":"","meta":{"_acf_changed":false},"product_brand":[],"product_cat":[697],"product_tag":[530,585],"class_list":{"0":"post-34184","1":"product","2":"type-product","3":"status-publish","4":"has-post-thumbnail","6":"product_cat-aimants","7":"product_tag-animaux","8":"product_tag-ceramique","9":"pa_motivo-salamandres","11":"first","12":"instock","13":"shipping-taxable","14":"product-type-simple"},"acf":[],"_links":{"self":[{"href":"https:\/\/olemosaic.orbitalia.org\/fr\/wp-json\/wp\/v2\/product\/34184","targetHints":{"allow":["GET"]}}],"collection":[{"href":"https:\/\/olemosaic.orbitalia.org\/fr\/wp-json\/wp\/v2\/product"}],"about":[{"href":"https:\/\/olemosaic.orbitalia.org\/fr\/wp-json\/wp\/v2\/types\/product"}],"wp:featuredmedia":[{"embeddable":true,"href":"https:\/\/olemosaic.orbitalia.org\/fr\/wp-json\/wp\/v2\/media\/8369"}],"wp:attachment":[{"href":"https:\/\/olemosaic.orbitalia.org\/fr\/wp-json\/wp\/v2\/media?parent=34184"}],"wp:term":[{"taxonomy":"product_brand","embeddable":true,"href":"https:\/\/olemosaic.orbitalia.org\/fr\/wp-json\/wp\/v2\/product_brand?post=34184"},{"taxonomy":"product_cat","embeddable":true,"href":"https:\/\/olemosaic.orbitalia.org\/fr\/wp-json\/wp\/v2\/product_cat?post=34184"},{"taxonomy":"product_tag","embeddable":true,"href":"https:\/\/olemosaic.orbitalia.org\/fr\/wp-json\/wp\/v2\/product_tag?post=34184"}],"curies":[{"name":"wp","href":"https:\/\/api.w.org\/{rel}","templated":true}]}}