{"id":34182,"date":"2025-02-20T23:35:55","date_gmt":"2025-02-20T22:35:55","guid":{"rendered":"https:\/\/olemosaic.orbitalia.org\/producto\/iman-de-ceramica-patio-blanco-6\/"},"modified":"2025-07-25T18:40:27","modified_gmt":"2025-07-25T16:40:27","slug":"aimant-en-ceramique-patio-blanc-6","status":"publish","type":"product","link":"https:\/\/olemosaic.orbitalia.org\/fr\/produit\/aimant-en-ceramique-patio-blanc-6\/","title":{"rendered":"Aimant en c\u00e9ramique. Patio. Andalousie. Blanc."},"content":{"rendered":"<p>Aimant en c\u00e9ramique d&rsquo;un patio andalou vibrant. Cet aimant charmant repr\u00e9sente artistiquement l&rsquo;essence du folklore espagnol, avec une danseuse de flamenco frappante v\u00eatue d&rsquo;une robe \u00e9blouissante \u00e0 pois rouges, \u00e9voquant la riche tradition flamenca, accompagn\u00e9e d&rsquo;un danseur \u00e9l\u00e9gant dans une sc\u00e8ne festive. La c\u00e9ramique est orn\u00e9e de d\u00e9tails color\u00e9s, tels que des fleurs et des d\u00e9corations traditionnelles, qui soulignent la joie et le dynamisme de la culture andalouse. La base du design, un fond dans les tons blancs et gris de style mosa\u00efque, apporte une touche classique rappelant les patios andalous, c\u00e9l\u00e8bres pour leur beaut\u00e9 et leur exub\u00e9rance.<\/p>\n<p>Cet aimant n&rsquo;est pas seulement un objet d\u00e9coratif, mais un authentique souvenir qui capture l&rsquo;esprit vibrant de l&rsquo;Andalousie, id\u00e9al pour ceux qui souhaitent ramener un morceau d&rsquo;Espagne chez eux. Chez Ol\u00e9 Mosaic, notre mission est de proposer des souvenirs de qualit\u00e9 qui refl\u00e8tent la tradition et l&rsquo;art de chaque r\u00e9gion. Cet aimant en c\u00e9ramique est une excellente option pour les boutiques de cadeaux touristiques, ajoutant une touche culturelle \u00e0 toute collection. Parfait pour se souvenir de la chaleur et de la passion de la vie en Espagne, ne manquez pas votre pi\u00e8ce d&rsquo;histoire andalouse !<\/p>\n","protected":false},"excerpt":{"rendered":"<p>Aimant en c\u00e9ramique repr\u00e9sentant un patio andalou vibrant, orn\u00e9 de fleurs et d&rsquo;\u00e9l\u00e9ments typiques. Le design montre une danseuse de flamenco avec une robe rouge \u00e0 pois et un \u00e9ventail, aux c\u00f4t\u00e9s d&rsquo;un danseur \u00e9l\u00e9gamment v\u00eatu. La c\u00e9ramique est compl\u00e9t\u00e9e par un fond de mosa\u00efque blanc et gris, \u00e9voquant l&rsquo;essence du folklore espagnol. Id\u00e9al pour apporter la culture de l&rsquo;Espagne dans chaque coin de votre maison.<\/p>\n","protected":false},"featured_media":8430,"template":"","meta":{"_acf_changed":false},"product_brand":[],"product_cat":[697],"product_tag":[585],"class_list":{"0":"post-34182","1":"product","2":"type-product","3":"status-publish","4":"has-post-thumbnail","6":"product_cat-aimants","7":"product_tag-ceramique","8":"pa_motivo-cours-interieures","10":"first","11":"instock","12":"shipping-taxable","13":"product-type-simple"},"acf":[],"_links":{"self":[{"href":"https:\/\/olemosaic.orbitalia.org\/fr\/wp-json\/wp\/v2\/product\/34182","targetHints":{"allow":["GET"]}}],"collection":[{"href":"https:\/\/olemosaic.orbitalia.org\/fr\/wp-json\/wp\/v2\/product"}],"about":[{"href":"https:\/\/olemosaic.orbitalia.org\/fr\/wp-json\/wp\/v2\/types\/product"}],"wp:featuredmedia":[{"embeddable":true,"href":"https:\/\/olemosaic.orbitalia.org\/fr\/wp-json\/wp\/v2\/media\/8430"}],"wp:attachment":[{"href":"https:\/\/olemosaic.orbitalia.org\/fr\/wp-json\/wp\/v2\/media?parent=34182"}],"wp:term":[{"taxonomy":"product_brand","embeddable":true,"href":"https:\/\/olemosaic.orbitalia.org\/fr\/wp-json\/wp\/v2\/product_brand?post=34182"},{"taxonomy":"product_cat","embeddable":true,"href":"https:\/\/olemosaic.orbitalia.org\/fr\/wp-json\/wp\/v2\/product_cat?post=34182"},{"taxonomy":"product_tag","embeddable":true,"href":"https:\/\/olemosaic.orbitalia.org\/fr\/wp-json\/wp\/v2\/product_tag?post=34182"}],"curies":[{"name":"wp","href":"https:\/\/api.w.org\/{rel}","templated":true}]}}