{"id":34174,"date":"2025-02-20T23:35:54","date_gmt":"2025-02-20T22:35:54","guid":{"rendered":"https:\/\/olemosaic.orbitalia.org\/producto\/iman-de-ceramica-flores-blanco-3\/"},"modified":"2025-07-25T19:50:20","modified_gmt":"2025-07-25T17:50:20","slug":"aimant-ceramique-fleurs-blanc-3","status":"publish","type":"product","link":"https:\/\/olemosaic.orbitalia.org\/fr\/produit\/aimant-ceramique-fleurs-blanc-3\/","title":{"rendered":"Aimant en c\u00e9ramique. Fleurs. Mosa\u00efque. Blanc."},"content":{"rendered":"<p>Aimant en c\u00e9ramique \u00e0 fleurs, inspir\u00e9 de l&rsquo;art de la mosa\u00efque espagnole. Cet adorable aimant pr\u00e9sente un design vibrant qui \u00e9voque la beaut\u00e9 et les couleurs des rues andalouses, id\u00e9al pour ceux qui recherchent un souvenir authentique de leur voyage. Avec une base blanche offrant un contraste parfait, l&rsquo;aimant affiche une explosion de couleurs vives dans des tons rouges, jaunes, bleus et verts, formant un joyeux motif de fleurs stylis\u00e9es qui capture l&rsquo;essence de l&rsquo;art traditionnel espagnol. Chaque p\u00e9tale et d\u00e9tail de ce design est minutieusement \u00e9labor\u00e9, refl\u00e9tant le riche h\u00e9ritage culturel de la r\u00e9gion.<\/p>\n<p>Cet aimant n&rsquo;est pas seulement un \u00e9l\u00e9ment d\u00e9coratif id\u00e9al pour n&rsquo;importe quel r\u00e9frig\u00e9rateur, il sert \u00e9galement de souvenir repr\u00e9sentatif rappelant les march\u00e9s vibrants et les festivals locaux. Parfait pour ceux qui souhaitent ramener un petit morceau d&rsquo;Andalousie chez eux, cet aimant en c\u00e9ramique se distingue par sa qualit\u00e9 et son authenticit\u00e9, constituant un excellent choix pour les boutiques de cadeaux touristiques cherchant \u00e0 proposer des produits uniques. Chez Ol\u00e9 Mosaic, en tant que distributeurs de souvenirs en gros, nous garantissons que cet aimant \u00e0 fleurs est un ajout color\u00e9 et significatif \u00e0 toute collection de souvenirs.<\/p>\n","protected":false},"excerpt":{"rendered":"<p>Aimant en c\u00e9ramique d\u00e9cor\u00e9 d&rsquo;un design floral vibrant \u00e9voquant l&rsquo;art de la mosa\u00efque espagnole. Cet aimant attrayant pr\u00e9sente une combinaison de couleurs vives, telles que le rouge, le jaune, le bleu et le vert, cr\u00e9ant un effet joyeux et frappant. Le fond blanc fait ressortir les formes des fleurs, apportant une touche fra\u00eeche et color\u00e9e. Id\u00e9al pour d\u00e9corer votre r\u00e9frig\u00e9rateur ou comme souvenir d&rsquo;un voyage dans les rues color\u00e9es d&rsquo;Andalousie.<\/p>\n","protected":false},"featured_media":8904,"template":"","meta":{"_acf_changed":false},"product_brand":[],"product_cat":[697],"product_tag":[585],"class_list":{"0":"post-34174","1":"product","2":"type-product","3":"status-publish","4":"has-post-thumbnail","6":"product_cat-aimants","7":"product_tag-ceramique","8":"pa_motivo-fleurs","10":"first","11":"instock","12":"shipping-taxable","13":"product-type-simple"},"acf":[],"_links":{"self":[{"href":"https:\/\/olemosaic.orbitalia.org\/fr\/wp-json\/wp\/v2\/product\/34174","targetHints":{"allow":["GET"]}}],"collection":[{"href":"https:\/\/olemosaic.orbitalia.org\/fr\/wp-json\/wp\/v2\/product"}],"about":[{"href":"https:\/\/olemosaic.orbitalia.org\/fr\/wp-json\/wp\/v2\/types\/product"}],"wp:featuredmedia":[{"embeddable":true,"href":"https:\/\/olemosaic.orbitalia.org\/fr\/wp-json\/wp\/v2\/media\/8904"}],"wp:attachment":[{"href":"https:\/\/olemosaic.orbitalia.org\/fr\/wp-json\/wp\/v2\/media?parent=34174"}],"wp:term":[{"taxonomy":"product_brand","embeddable":true,"href":"https:\/\/olemosaic.orbitalia.org\/fr\/wp-json\/wp\/v2\/product_brand?post=34174"},{"taxonomy":"product_cat","embeddable":true,"href":"https:\/\/olemosaic.orbitalia.org\/fr\/wp-json\/wp\/v2\/product_cat?post=34174"},{"taxonomy":"product_tag","embeddable":true,"href":"https:\/\/olemosaic.orbitalia.org\/fr\/wp-json\/wp\/v2\/product_tag?post=34174"}],"curies":[{"name":"wp","href":"https:\/\/api.w.org\/{rel}","templated":true}]}}