{"id":34172,"date":"2025-02-20T22:35:54","date_gmt":"2025-02-20T22:35:54","guid":{"rendered":"https:\/\/olemosaic.orbitalia.org\/producto\/iman-de-ceramica-toros-sevilla-blanco\/"},"modified":"2025-07-25T19:52:55","modified_gmt":"2025-07-25T17:52:55","slug":"aimant-ceramique-taureaux-seville-blanc","status":"publish","type":"product","link":"https:\/\/olemosaic.orbitalia.org\/fr\/produit\/aimant-ceramique-taureaux-seville-blanc\/","title":{"rendered":"Aimant en c\u00e9ramique. Taureaux. S\u00e9ville. Blanc."},"content":{"rendered":"<p>Aimant en c\u00e9ramique avec un design vibrant de taureau, symbole de la culture s\u00e9villane. Cet aimant, fabriqu\u00e9 en c\u00e9ramique de haute qualit\u00e9, pr\u00e9sente une explosion de couleurs vives et de formes g\u00e9om\u00e9triques qui capturent l&rsquo;essence du folklore andalou, apportant de la vie \u00e0 n&rsquo;importe quel espace. Le taureau, ic\u00f4ne de la tradition taurine espagnole, est repr\u00e9sent\u00e9 dans un style contemporain m\u00ealant des tons vifs de bleu, rouge et vert, entour\u00e9 de motifs floraux et d&rsquo;un soleil radieux au sommet. En haut de l&rsquo;aimant, le nom \u00ab\u00a0Sevilla\u00a0\u00bb est imprim\u00e9 avec une touche moderne, soulignant son lien avec la ville embl\u00e9matique. Cet aimant, en plus d&rsquo;\u00eatre fonctionnel, est une pi\u00e8ce d\u00e9corative qui \u00e9voque la riche histoire et la culture de la r\u00e9gion. Parfait pour les touristes souhaitant ramener un morceau de S\u00e9ville chez eux, ce souvenir authentique est une excellente option pour faire conna\u00eetre la vitalit\u00e9 de la culture andalouse. Chez Ol\u00e9 Mosaic, nous sommes des distributeurs de souvenirs en gros, proposant des produits qui mettent en valeur la richesse culturelle de l&rsquo;Espagne. Profitez de cet aimant en c\u00e9ramique pour votre boutique et offrez \u00e0 vos clients un souvenir authentique de S\u00e9ville !<\/p>\n","protected":false},"excerpt":{"rendered":"<p>Aimant en c\u00e9ramique avec un design vibrant de taureau, symbolisant la culture de S\u00e9ville. Cet aimant pr\u00e9sente des couleurs vives et des formes g\u00e9om\u00e9triques qui capturent l&rsquo;essence du folklore andalou. D\u00e9cor\u00e9 de motifs floraux et d&rsquo;un soleil radieux au sommet, l&rsquo;article inclut le nom \u00ab\u00a0Sevilla\u00a0\u00bb imprim\u00e9 dans un style moderne. C&rsquo;est une pi\u00e8ce id\u00e9ale pour se souvenir de cette ville embl\u00e9matique et de sa riche tradition taurine.<\/p>\n","protected":false},"featured_media":8641,"template":"","meta":{"_acf_changed":false},"product_brand":[],"product_cat":[697],"product_tag":[530,585],"class_list":{"0":"post-34172","1":"product","2":"type-product","3":"status-publish","4":"has-post-thumbnail","6":"product_cat-aimants","7":"product_tag-animaux","8":"product_tag-ceramique","9":"pa_ciudad-sevilla","10":"pa_motivo-taureaux","11":"pa_pais-espana","13":"first","14":"instock","15":"shipping-taxable","16":"product-type-simple"},"acf":[],"_links":{"self":[{"href":"https:\/\/olemosaic.orbitalia.org\/fr\/wp-json\/wp\/v2\/product\/34172","targetHints":{"allow":["GET"]}}],"collection":[{"href":"https:\/\/olemosaic.orbitalia.org\/fr\/wp-json\/wp\/v2\/product"}],"about":[{"href":"https:\/\/olemosaic.orbitalia.org\/fr\/wp-json\/wp\/v2\/types\/product"}],"wp:featuredmedia":[{"embeddable":true,"href":"https:\/\/olemosaic.orbitalia.org\/fr\/wp-json\/wp\/v2\/media\/8641"}],"wp:attachment":[{"href":"https:\/\/olemosaic.orbitalia.org\/fr\/wp-json\/wp\/v2\/media?parent=34172"}],"wp:term":[{"taxonomy":"product_brand","embeddable":true,"href":"https:\/\/olemosaic.orbitalia.org\/fr\/wp-json\/wp\/v2\/product_brand?post=34172"},{"taxonomy":"product_cat","embeddable":true,"href":"https:\/\/olemosaic.orbitalia.org\/fr\/wp-json\/wp\/v2\/product_cat?post=34172"},{"taxonomy":"product_tag","embeddable":true,"href":"https:\/\/olemosaic.orbitalia.org\/fr\/wp-json\/wp\/v2\/product_tag?post=34172"}],"curies":[{"name":"wp","href":"https:\/\/api.w.org\/{rel}","templated":true}]}}