{"id":34171,"date":"2025-02-20T23:35:54","date_gmt":"2025-02-20T22:35:54","guid":{"rendered":"https:\/\/olemosaic.orbitalia.org\/producto\/iman-de-ceramica-toros-madrid-blanco-3\/"},"modified":"2025-07-25T18:42:24","modified_gmt":"2025-07-25T16:42:24","slug":"aimant-en-ceramique-taureaux-madrid-blanc-3","status":"publish","type":"product","link":"https:\/\/olemosaic.orbitalia.org\/fr\/produit\/aimant-en-ceramique-taureaux-madrid-blanc-3\/","title":{"rendered":"Aimant en c\u00e9ramique. Taureaux. Vert, bleu et rouge. Madrid. Blanc."},"content":{"rendered":"<p>Aimant en c\u00e9ramique en forme de cuill\u00e8re inspir\u00e9 de la figure embl\u00e9matique du taureau madril\u00e8ne. Cet aimant vibrant est une pi\u00e8ce distinctive qui capture l&rsquo;essence de la culture espagnole \u00e0 travers un design joyeux et color\u00e9. Le taureau, peint dans un m\u00e9lange de verts, bleus et rouges, se d\u00e9tache sur un fond blanc avec un bel effet mosa\u00efque, symbolisant la tradition taurine, partie du patrimoine madril\u00e8ne. Les fleurs qui l&rsquo;entourent ajoutent une touche fra\u00eeche et vibrante, en faisant un souvenir visuellement attrayant et repr\u00e9sentatif de la capitale espagnole.<\/p>\n<p>Le mot \u00ab\u00a0MADRID\u00a0\u00bb, \u00e9l\u00e9gamment inscrit en haut de l&rsquo;aimant, renforce son identit\u00e9 de souvenir et ajoute un \u00e9l\u00e9ment d&rsquo;authenticit\u00e9 et de connexion culturelle. Cet aimant en c\u00e9ramique est parfait pour ceux qui recherchent un cadeau repr\u00e9sentant la richesse culturelle de Madrid, id\u00e9al aussi bien pour les touristes souhaitant emporter un petit morceau de la ville que pour les commer\u00e7ants proposant des souvenirs uniques dans leurs boutiques. Chez Ol\u00e9 Mosaic, en tant que grossiste en souvenirs, nous proposons des produits authentiques qui refl\u00e8tent la diversit\u00e9 et le caract\u00e8re de l&rsquo;Espagne, et cet aimant en c\u00e9ramique est une excellente option pour enrichir toute collection de cadeaux touristiques.<\/p>\n","protected":false},"excerpt":{"rendered":"<p>Aimant en c\u00e9ramique en forme de cuill\u00e8re, inspir\u00e9 de la figure embl\u00e9matique du taureau madril\u00e8ne. Cet aimant pr\u00e9sente un design color\u00e9 et vibrant, avec un taureau peint dans les tons vert, bleu et rouge, entour\u00e9 de fleurs sur un fond blanc avec effet mosa\u00efque. Le mot \u00ab\u00a0MADRID\u00a0\u00bb est \u00e9l\u00e9gamment inscrit en haut, ajoutant une touche distinctive et repr\u00e9sentative de la culture espagnole. Parfait pour emporter un souvenir unique de la capitale.<\/p>\n","protected":false},"featured_media":8617,"template":"","meta":{"_acf_changed":false},"product_brand":[],"product_cat":[697],"product_tag":[530,585],"class_list":{"0":"post-34171","1":"product","2":"type-product","3":"status-publish","4":"has-post-thumbnail","6":"product_cat-aimants","7":"product_tag-animaux","8":"product_tag-ceramique","9":"pa_ciudad-madrid","10":"pa_motivo-taureaux","11":"pa_pais-espana","13":"first","14":"instock","15":"shipping-taxable","16":"product-type-simple"},"acf":[],"_links":{"self":[{"href":"https:\/\/olemosaic.orbitalia.org\/fr\/wp-json\/wp\/v2\/product\/34171","targetHints":{"allow":["GET"]}}],"collection":[{"href":"https:\/\/olemosaic.orbitalia.org\/fr\/wp-json\/wp\/v2\/product"}],"about":[{"href":"https:\/\/olemosaic.orbitalia.org\/fr\/wp-json\/wp\/v2\/types\/product"}],"wp:featuredmedia":[{"embeddable":true,"href":"https:\/\/olemosaic.orbitalia.org\/fr\/wp-json\/wp\/v2\/media\/8617"}],"wp:attachment":[{"href":"https:\/\/olemosaic.orbitalia.org\/fr\/wp-json\/wp\/v2\/media?parent=34171"}],"wp:term":[{"taxonomy":"product_brand","embeddable":true,"href":"https:\/\/olemosaic.orbitalia.org\/fr\/wp-json\/wp\/v2\/product_brand?post=34171"},{"taxonomy":"product_cat","embeddable":true,"href":"https:\/\/olemosaic.orbitalia.org\/fr\/wp-json\/wp\/v2\/product_cat?post=34171"},{"taxonomy":"product_tag","embeddable":true,"href":"https:\/\/olemosaic.orbitalia.org\/fr\/wp-json\/wp\/v2\/product_tag?post=34171"}],"curies":[{"name":"wp","href":"https:\/\/api.w.org\/{rel}","templated":true}]}}