{"id":34167,"date":"2025-02-20T22:35:53","date_gmt":"2025-02-20T22:35:53","guid":{"rendered":"https:\/\/olemosaic.orbitalia.org\/producto\/funda-de-telefono-para-xiaomi-rmnote-12-tpu-forjas-azul\/"},"modified":"2025-07-25T18:47:43","modified_gmt":"2025-07-25T16:47:43","slug":"coque-de-telephone-pour-xiaomi-rmnote-12-tpu-forges-bleu","status":"publish","type":"product","link":"https:\/\/olemosaic.orbitalia.org\/fr\/produit\/coque-de-telephone-pour-xiaomi-rmnote-12-tpu-forges-bleu\/","title":{"rendered":"Coque de t\u00e9l\u00e9phone pour Xiaomi RMNote 12 (TPU). Forges. Bleu"},"content":{"rendered":"<p>Coque pour t\u00e9l\u00e9phone Xiaomi Redmi Note 12, fabriqu\u00e9e en TPU haute r\u00e9sistance. Cette \u00e9l\u00e9gante coque, d&rsquo;un bleu profond, pr\u00e9sente des motifs de forge complexes en blanc qui \u00e9voquent la riche tradition artisanale espagnole. Son design d\u00e9licat et attrayant prot\u00e8ge non seulement efficacement l&rsquo;appareil, mais ajoute \u00e9galement une touche d\u00e9corative qui en fait un excellent choix pour ceux qui recherchent un \u00e9quilibre entre style et fonctionnalit\u00e9. La surface douce au toucher garantit une prise en main confortable, parfaite pour un usage quotidien.<\/p>\n<p>La d\u00e9coration avec des motifs de forge rappelle les grilles et les balcons des anciens palais espagnols, symbolisant l&rsquo;union de la modernit\u00e9 avec l&rsquo;h\u00e9ritage culturel du pays. Ce souvenir n&rsquo;est pas seulement pratique, il agit \u00e9galement comme un rappel constant de la beaut\u00e9 et de l&rsquo;artisanat espagnol, offrant un morceau de sa riche histoire au quotidien. Id\u00e9ale pour les touristes cherchant \u00e0 ramener un fragment authentique de la culture espagnole chez eux, cette coque se distingue comme un cadeau repr\u00e9sentatif et fonctionnel. Chez Ol\u00e9 Mosaic, en tant que grossistes d&rsquo;articles de d\u00e9coration, nous garantissons la qualit\u00e9 et l&rsquo;authenticit\u00e9 de chaque produit, faisant de cette coque un incontournable pour votre catalogue de souvenirs.<\/p>\n","protected":false},"excerpt":{"rendered":"<p>Coque pour Xiaomi Redmi Note 12, fabriqu\u00e9e en TPU haute r\u00e9sistance. Son design d\u00e9licat dans les tons bleus pr\u00e9sente des motifs de forge complexes en blanc, \u00e9voquant l&rsquo;\u00e9l\u00e9gance de la tradition artisanale espagnole. Avec une surface douce au toucher, cette coque prot\u00e8ge non seulement l&rsquo;appareil, mais ajoute \u00e9galement une touche d\u00e9corative, id\u00e9ale pour ceux qui recherchent style et fonctionnalit\u00e9 dans un seul produit.<\/p>\n","protected":false},"featured_media":12702,"template":"","meta":{"_acf_changed":false},"product_brand":[],"product_cat":[674],"product_tag":[],"class_list":{"0":"post-34167","1":"product","2":"type-product","3":"status-publish","4":"has-post-thumbnail","6":"product_cat-etuis-pour-telephones-portables","7":"pa_motivo-forges","9":"first","10":"instock","11":"shipping-taxable","12":"product-type-simple"},"acf":[],"_links":{"self":[{"href":"https:\/\/olemosaic.orbitalia.org\/fr\/wp-json\/wp\/v2\/product\/34167","targetHints":{"allow":["GET"]}}],"collection":[{"href":"https:\/\/olemosaic.orbitalia.org\/fr\/wp-json\/wp\/v2\/product"}],"about":[{"href":"https:\/\/olemosaic.orbitalia.org\/fr\/wp-json\/wp\/v2\/types\/product"}],"wp:featuredmedia":[{"embeddable":true,"href":"https:\/\/olemosaic.orbitalia.org\/fr\/wp-json\/wp\/v2\/media\/12702"}],"wp:attachment":[{"href":"https:\/\/olemosaic.orbitalia.org\/fr\/wp-json\/wp\/v2\/media?parent=34167"}],"wp:term":[{"taxonomy":"product_brand","embeddable":true,"href":"https:\/\/olemosaic.orbitalia.org\/fr\/wp-json\/wp\/v2\/product_brand?post=34167"},{"taxonomy":"product_cat","embeddable":true,"href":"https:\/\/olemosaic.orbitalia.org\/fr\/wp-json\/wp\/v2\/product_cat?post=34167"},{"taxonomy":"product_tag","embeddable":true,"href":"https:\/\/olemosaic.orbitalia.org\/fr\/wp-json\/wp\/v2\/product_tag?post=34167"}],"curies":[{"name":"wp","href":"https:\/\/api.w.org\/{rel}","templated":true}]}}