{"id":34153,"date":"2025-02-20T23:35:53","date_gmt":"2025-02-20T22:35:53","guid":{"rendered":"https:\/\/olemosaic.orbitalia.org\/producto\/funda-de-telefono-para-xiaomi-rmnote-12-tpu-salamandra-barcelona-blanco\/"},"modified":"2025-07-25T20:09:38","modified_gmt":"2025-07-25T18:09:38","slug":"coque-de-telephone-pour-xiaomi-rmnote-12-tpu-salamandre-barcelone-blanc","status":"publish","type":"product","link":"https:\/\/olemosaic.orbitalia.org\/fr\/produit\/coque-de-telephone-pour-xiaomi-rmnote-12-tpu-salamandre-barcelone-blanc\/","title":{"rendered":"Coque de t\u00e9l\u00e9phone pour Xiaomi RMNote 12 (TPU). Salamandre. Barcelone. Blanc"},"content":{"rendered":"<p>Coque pour Xiaomi Redmi Note 12 avec un design vibrant de salamandres et de fleurs, id\u00e9al pour capturer l&rsquo;essence de Barcelone. Fabriqu\u00e9e en TPU, cette coque ne prot\u00e8ge pas seulement votre appareil, mais se transforme en une \u0153uvre d&rsquo;art portable. La base blanche du design met en valeur un style de mosa\u00efque qui \u00e9voque l&rsquo;\u0153uvre c\u00e9l\u00e8bre d&rsquo;Antoni Gaud\u00ed, tandis que les salamandres color\u00e9es \u2014 dans des tons rouges, bleus et verts \u2014 s&rsquo;entrelacent avec des fleurs d\u00e9licates, cr\u00e9ant un effet visuel \u00e9blouissant. Dans la partie inf\u00e9rieure, le mot \u00ab\u00a0Barcelona\u00a0\u00bb se distingue, faisant de cette coque un souvenir embl\u00e9matique de la ville.<\/p>\n<p>Cet accessoire est bien plus qu&rsquo;une simple coque ; c&rsquo;est un hommage \u00e0 la riche culture et \u00e0 l&rsquo;art qui caract\u00e9risent Barcelone, ce qui en fait un cadeau parfait pour les touristes qui souhaitent emporter un morceau de la ville. Son authenticit\u00e9 et son design tr\u00e8s sp\u00e9cial en font un excellent choix pour les boutiques de cadeaux touristiques. Chez Ol\u00e9 Mosaic, en tant que distributeurs de souvenirs en gros, nous proposons des produits qui encapsulent l&rsquo;essence de chaque lieu. Cette coque pour smartphone repr\u00e9sente l&rsquo;h\u00e9ritage culturel de Barcelone et constitue une option id\u00e9ale pour ceux qui recherchent un souvenir unique et fonctionnel.<\/p>\n","protected":false},"excerpt":{"rendered":"<p>Coque pour Xiaomi Redmi Note 12, fabriqu\u00e9e en TPU, avec un design vibrant de salamandres et de fleurs qui \u00e9voquent l&rsquo;essence de Barcelone. D\u00e9cor\u00e9e sur un fond blanc avec un style de mosa\u00efque, cette coque se distingue par ses couleurs vives \u00e9clatantes, comme le rouge, le bleu et le vert, et un texte avec le mot \u00ab\u00a0Barcelona\u00a0\u00bb. Cet accessoire prot\u00e8ge non seulement votre appareil, mais ajoute \u00e9galement une touche artistique inspir\u00e9e de la riche culture de la ville.<\/p>\n","protected":false},"featured_media":12689,"template":"","meta":{"_acf_changed":false},"product_brand":[],"product_cat":[674],"product_tag":[530],"class_list":{"0":"post-34153","1":"product","2":"type-product","3":"status-publish","4":"has-post-thumbnail","6":"product_cat-etuis-pour-telephones-portables","7":"product_tag-animaux","8":"pa_ciudad-barcelona","9":"pa_motivo-salamandres","10":"pa_pais-espana","12":"first","13":"instock","14":"shipping-taxable","15":"product-type-simple"},"acf":[],"_links":{"self":[{"href":"https:\/\/olemosaic.orbitalia.org\/fr\/wp-json\/wp\/v2\/product\/34153","targetHints":{"allow":["GET"]}}],"collection":[{"href":"https:\/\/olemosaic.orbitalia.org\/fr\/wp-json\/wp\/v2\/product"}],"about":[{"href":"https:\/\/olemosaic.orbitalia.org\/fr\/wp-json\/wp\/v2\/types\/product"}],"wp:featuredmedia":[{"embeddable":true,"href":"https:\/\/olemosaic.orbitalia.org\/fr\/wp-json\/wp\/v2\/media\/12689"}],"wp:attachment":[{"href":"https:\/\/olemosaic.orbitalia.org\/fr\/wp-json\/wp\/v2\/media?parent=34153"}],"wp:term":[{"taxonomy":"product_brand","embeddable":true,"href":"https:\/\/olemosaic.orbitalia.org\/fr\/wp-json\/wp\/v2\/product_brand?post=34153"},{"taxonomy":"product_cat","embeddable":true,"href":"https:\/\/olemosaic.orbitalia.org\/fr\/wp-json\/wp\/v2\/product_cat?post=34153"},{"taxonomy":"product_tag","embeddable":true,"href":"https:\/\/olemosaic.orbitalia.org\/fr\/wp-json\/wp\/v2\/product_tag?post=34153"}],"curies":[{"name":"wp","href":"https:\/\/api.w.org\/{rel}","templated":true}]}}