{"id":34128,"date":"2025-02-20T22:35:51","date_gmt":"2025-02-20T22:35:51","guid":{"rendered":"https:\/\/olemosaic.orbitalia.org\/producto\/funda-de-telefono-para-xiaomi-13-tpu-gato-barcelona-blanco\/"},"modified":"2025-07-25T18:58:03","modified_gmt":"2025-07-25T16:58:03","slug":"coque-de-telephone-pour-xiaomi-13-tpu-chat-barcelone-blanc","status":"publish","type":"product","link":"https:\/\/olemosaic.orbitalia.org\/fr\/produit\/coque-de-telephone-pour-xiaomi-13-tpu-chat-barcelone-blanc\/","title":{"rendered":"Coque de t\u00e9l\u00e9phone pour Xiaomi 13 (TPU). Chat. Barcelone. Blanc"},"content":{"rendered":"<p>Coque pour t\u00e9l\u00e9phone Xiaomi 13 inspir\u00e9e par l&rsquo;esth\u00e9tique vibrante de la mosa\u00efque barcelonaise. Cette coque en TPU se distingue par son design exquis, o\u00f9 un chat color\u00e9 est entour\u00e9 de papillons. La base blanche fait ressortir le motif unique du chat, \u00e9labor\u00e9 dans de multiples nuances de rouge, bleu, vert et jaune, simulant la technique de la mosa\u00efque caract\u00e9ristique de l&rsquo;\u0153uvre du c\u00e9l\u00e8bre architecte Antoni Gaud\u00ed et de son h\u00e9ritage visuel dans la ville. Le mot \u00ab\u00a0Barcelona\u00a0\u00bb est \u00e9l\u00e9gamment imprim\u00e9, ajoutant une touche d&rsquo;authenticit\u00e9 et de personnalit\u00e9 \u00e0 l&rsquo;accessoire.<\/p>\n<p>En plus de son attrait visuel, cette coque de t\u00e9l\u00e9phone prot\u00e8ge non seulement efficacement votre appareil, mais agit \u00e9galement comme un rappel quotidien de la riche culture catalane. Son design joyeux et artistique en fait un souvenir parfait pour les touristes et les amateurs d&rsquo;art qui cherchent \u00e0 emporter un morceau de Barcelone avec eux. Chez Ol\u00e9 Mosaic, nous distribuons des souvenirs authentiques et de qualit\u00e9. Cette coque avec le chat est une excellente option pour les boutiques de cadeaux touristiques souhaitant proposer des produits uniques et repr\u00e9sentatifs de la capitale catalane. Avec cette coque, vous n&rsquo;acqu\u00e9rez pas seulement un accessoire, mais aussi un symbole de la beaut\u00e9 et de la cr\u00e9ativit\u00e9 que Barcelone rayonne.<\/p>\n","protected":false},"excerpt":{"rendered":"<p>Coque de t\u00e9l\u00e9phone pour Xiaomi 13 fabriqu\u00e9e en TPU, avec un design vibrant repr\u00e9sentant un chat color\u00e9 entour\u00e9 de papillons. Cette coque blanche met en valeur l&rsquo;esth\u00e9tique de la mosa\u00efque barcelonaise, combinant des tons rouges, bleus, verts et jaunes dans son illustration. Avec une finition attrayante et le mot \u00ab\u00a0Barcelona\u00a0\u00bb imprim\u00e9, cette coque prot\u00e8ge non seulement votre appareil, mais ajoute \u00e9galement une touche artistique et locale au style de l&rsquo;utilisateur.<\/p>\n","protected":false},"featured_media":12670,"template":"","meta":{"_acf_changed":false},"product_brand":[],"product_cat":[674],"product_tag":[530],"class_list":{"0":"post-34128","1":"product","2":"type-product","3":"status-publish","4":"has-post-thumbnail","6":"product_cat-etuis-pour-telephones-portables","7":"product_tag-animaux","8":"pa_ciudad-barcelona","9":"pa_motivo-chats","10":"pa_pais-espana","12":"first","13":"instock","14":"shipping-taxable","15":"product-type-simple"},"acf":[],"_links":{"self":[{"href":"https:\/\/olemosaic.orbitalia.org\/fr\/wp-json\/wp\/v2\/product\/34128","targetHints":{"allow":["GET"]}}],"collection":[{"href":"https:\/\/olemosaic.orbitalia.org\/fr\/wp-json\/wp\/v2\/product"}],"about":[{"href":"https:\/\/olemosaic.orbitalia.org\/fr\/wp-json\/wp\/v2\/types\/product"}],"wp:featuredmedia":[{"embeddable":true,"href":"https:\/\/olemosaic.orbitalia.org\/fr\/wp-json\/wp\/v2\/media\/12670"}],"wp:attachment":[{"href":"https:\/\/olemosaic.orbitalia.org\/fr\/wp-json\/wp\/v2\/media?parent=34128"}],"wp:term":[{"taxonomy":"product_brand","embeddable":true,"href":"https:\/\/olemosaic.orbitalia.org\/fr\/wp-json\/wp\/v2\/product_brand?post=34128"},{"taxonomy":"product_cat","embeddable":true,"href":"https:\/\/olemosaic.orbitalia.org\/fr\/wp-json\/wp\/v2\/product_cat?post=34128"},{"taxonomy":"product_tag","embeddable":true,"href":"https:\/\/olemosaic.orbitalia.org\/fr\/wp-json\/wp\/v2\/product_tag?post=34128"}],"curies":[{"name":"wp","href":"https:\/\/api.w.org\/{rel}","templated":true}]}}