{"id":34127,"date":"2025-02-20T22:35:51","date_gmt":"2025-02-20T22:35:51","guid":{"rendered":"https:\/\/olemosaic.orbitalia.org\/producto\/funda-de-telefono-para-xiaomi-13-tpu-sagrada-familia-barcelona-azul\/"},"modified":"2025-07-25T20:20:43","modified_gmt":"2025-07-25T18:20:43","slug":"coque-de-telephone-pour-xiaomi-13-tpu-sagrada-familia-barcelone-bleu","status":"publish","type":"product","link":"https:\/\/olemosaic.orbitalia.org\/fr\/produit\/coque-de-telephone-pour-xiaomi-13-tpu-sagrada-familia-barcelone-bleu\/","title":{"rendered":"Coque de t\u00e9l\u00e9phone pour Xiaomi 13 (TPU). Sagrada Familia. Barcelone. Bleu"},"content":{"rendered":"<p>Coque pour Xiaomi 13 d\u00e9cor\u00e9e d&rsquo;une illustration vibrante de la Sagrada Familia de Barcelone. Fabriqu\u00e9e en TPU de haute qualit\u00e9, cette coque ne prot\u00e8ge pas seulement votre appareil, mais le transforme en une \u0153uvre d&rsquo;art. Le design pr\u00e9sente un fond bleu captivant qui souligne la majest\u00e9 de l&#8217;embl\u00e9matique Sagrada Familia, dont les d\u00e9tails architecturaux sont repr\u00e9sent\u00e9s dans des tons chauds d&rsquo;orange et de rouge, contrastant avec des \u00e9l\u00e9ments mis en valeur dans des couleurs vives comme le jaune et le vert. La disposition des tours et les formes complexes du monument capturent l&rsquo;essence du chef-d&rsquo;\u0153uvre d&rsquo;Antoni Gaud\u00ed, favorisant une connexion directe avec la riche histoire et la culture de Barcelone. Le texte \u00ab\u00a0Barcelona\u00a0\u00bb ajoute une touche personnelle \u00e0 cette coque, en faisant un souvenir id\u00e9al pour ceux qui souhaitent emporter un morceau de cette ville magnifique avec eux. Ce souvenir authentique, qui allie fonctionnalit\u00e9 et art, est une excellente option pour les touristes cherchant \u00e0 emporter un fragment de la culture espagnole. Chez Ol\u00e9 Mosaic, sp\u00e9cialistes de la distribution de souvenirs en gros, cette coque de t\u00e9l\u00e9phone est un produit phare qui captivera s\u00fbrement les visiteurs \u00e0 la recherche de souvenirs de haute qualit\u00e9 de Barcelone.<\/p>\n","protected":false},"excerpt":{"rendered":"<p>Coque pour Xiaomi 13 fabriqu\u00e9e en TPU, d\u00e9cor\u00e9e d&rsquo;une illustration vibrante de la Sagrada Familia de Barcelone. Son design se distingue par un fond bleu qui contraste avec les d\u00e9tails architecturaux aux tons chauds et les \u00e9l\u00e9ments mis en valeur par des couleurs vives, repr\u00e9sentant la majest\u00e9 de ce monument embl\u00e9matique. L&rsquo;inscription \u00ab\u00a0Barcelona\u00a0\u00bb ajoute une touche personnelle, faisant de cette coque un souvenir parfait pour ceux qui souhaitent emporter avec eux un morceau de la culture espagnole.<\/p>\n","protected":false},"featured_media":12679,"template":"","meta":{"_acf_changed":false},"product_brand":[],"product_cat":[674],"product_tag":[],"class_list":{"0":"post-34127","1":"product","2":"type-product","3":"status-publish","4":"has-post-thumbnail","6":"product_cat-etuis-pour-telephones-portables","7":"pa_ciudad-barcelona","8":"pa_motivo-sagrada-familia","9":"pa_pais-espana","11":"first","12":"instock","13":"shipping-taxable","14":"product-type-simple"},"acf":[],"_links":{"self":[{"href":"https:\/\/olemosaic.orbitalia.org\/fr\/wp-json\/wp\/v2\/product\/34127","targetHints":{"allow":["GET"]}}],"collection":[{"href":"https:\/\/olemosaic.orbitalia.org\/fr\/wp-json\/wp\/v2\/product"}],"about":[{"href":"https:\/\/olemosaic.orbitalia.org\/fr\/wp-json\/wp\/v2\/types\/product"}],"wp:featuredmedia":[{"embeddable":true,"href":"https:\/\/olemosaic.orbitalia.org\/fr\/wp-json\/wp\/v2\/media\/12679"}],"wp:attachment":[{"href":"https:\/\/olemosaic.orbitalia.org\/fr\/wp-json\/wp\/v2\/media?parent=34127"}],"wp:term":[{"taxonomy":"product_brand","embeddable":true,"href":"https:\/\/olemosaic.orbitalia.org\/fr\/wp-json\/wp\/v2\/product_brand?post=34127"},{"taxonomy":"product_cat","embeddable":true,"href":"https:\/\/olemosaic.orbitalia.org\/fr\/wp-json\/wp\/v2\/product_cat?post=34127"},{"taxonomy":"product_tag","embeddable":true,"href":"https:\/\/olemosaic.orbitalia.org\/fr\/wp-json\/wp\/v2\/product_tag?post=34127"}],"curies":[{"name":"wp","href":"https:\/\/api.w.org\/{rel}","templated":true}]}}