{"id":34111,"date":"2025-02-20T23:35:51","date_gmt":"2025-02-20T22:35:51","guid":{"rendered":"https:\/\/olemosaic.orbitalia.org\/producto\/funda-de-telefono-para-xiaomi-13-tpu-panoramica-barcelona-azul-2\/"},"modified":"2025-07-25T20:24:48","modified_gmt":"2025-07-25T18:24:48","slug":"coque-de-telephone-pour-xiaomi-13-tpu-panoramique-barcelone-bleu-2","status":"publish","type":"product","link":"https:\/\/olemosaic.orbitalia.org\/fr\/produit\/coque-de-telephone-pour-xiaomi-13-tpu-panoramique-barcelone-bleu-2\/","title":{"rendered":"Coque de t\u00e9l\u00e9phone pour Xiaomi 13 (TPU). Panoramique. Mosa\u00efque. Barcelone. Bleu"},"content":{"rendered":"<p>Coque pour Xiaomi 13 avec un design vibrant montrant une magnifique vue panoramique de Barcelone dans des tons bleus, capturant l&rsquo;essence de l&rsquo;une des villes les plus embl\u00e9matiques d&rsquo;Espagne. Cette coque, fabriqu\u00e9e en TPU r\u00e9sistant et flexible, offre une protection durable pour votre appareil, tout en affichant une esth\u00e9tique artistique. Le design, avec une mosa\u00efque inspir\u00e9e du style architectural unique de Gaud\u00ed, cr\u00e9e un fond dynamique qui compl\u00e8te les ic\u00f4nes repr\u00e9sentatives de la ville, comme la majestueuse Sagrada Familia, qui se dresse avec fiert\u00e9 dans la partie sup\u00e9rieure, faisant allusion au riche h\u00e9ritage culturel et artistique de Barcelone. Le mot \u00ab\u00a0Barcelone\u00a0\u00bb se d\u00e9tache en lettres joyeuses et color\u00e9es, ajoutant une touche de vitalit\u00e9 qui r\u00e9sonne avec l&rsquo;\u00e9nergie vibrante de la ville. Ce produit ne remplit pas seulement la fonction de protection, mais agit \u00e9galement comme un souvenir attrayant qui \u00e9voque chaque exp\u00e9rience v\u00e9cue dans cette m\u00e9tropole captivante. Chez Ol\u00e9 Mosaic, nous distribuons des souvenirs uniques et authentiques, et cette coque est une excellente option pour les boutiques de cadeaux touristiques souhaitant proposer des produits \u00e0 valeur culturelle et esth\u00e9tique. Id\u00e9al pour les touristes \u00e0 la recherche de souvenirs de Barcelone.<\/p>\n","protected":false},"excerpt":{"rendered":"<p>Coque pour Xiaomi 13 fabriqu\u00e9e en TPU, d\u00e9cor\u00e9e d&rsquo;une vue panoramique vibrante de Barcelone dans des tons bleus. Ce design color\u00e9 pr\u00e9sente une mosa\u00efque qui \u00e9voque le style architectural de Gaud\u00ed, ainsi que des ic\u00f4nes repr\u00e9sentatives de la ville comme la Sagrada Familia. Le mot \u00ab\u00a0Barcelone\u00a0\u00bb se d\u00e9tache en lettres joyeuses, compl\u00e9tant la sc\u00e8ne avec un fond marin. Id\u00e9al pour prot\u00e9ger votre appareil tout en affichant le charme de cette ville embl\u00e9matique.<\/p>\n","protected":false},"featured_media":12678,"template":"","meta":{"_acf_changed":false},"product_brand":[],"product_cat":[674],"product_tag":[],"class_list":{"0":"post-34111","1":"product","2":"type-product","3":"status-publish","4":"has-post-thumbnail","6":"product_cat-etuis-pour-telephones-portables","7":"pa_ciudad-barcelona","8":"pa_motivo-panoramas","9":"pa_pais-espana","11":"first","12":"instock","13":"shipping-taxable","14":"product-type-simple"},"acf":[],"_links":{"self":[{"href":"https:\/\/olemosaic.orbitalia.org\/fr\/wp-json\/wp\/v2\/product\/34111","targetHints":{"allow":["GET"]}}],"collection":[{"href":"https:\/\/olemosaic.orbitalia.org\/fr\/wp-json\/wp\/v2\/product"}],"about":[{"href":"https:\/\/olemosaic.orbitalia.org\/fr\/wp-json\/wp\/v2\/types\/product"}],"wp:featuredmedia":[{"embeddable":true,"href":"https:\/\/olemosaic.orbitalia.org\/fr\/wp-json\/wp\/v2\/media\/12678"}],"wp:attachment":[{"href":"https:\/\/olemosaic.orbitalia.org\/fr\/wp-json\/wp\/v2\/media?parent=34111"}],"wp:term":[{"taxonomy":"product_brand","embeddable":true,"href":"https:\/\/olemosaic.orbitalia.org\/fr\/wp-json\/wp\/v2\/product_brand?post=34111"},{"taxonomy":"product_cat","embeddable":true,"href":"https:\/\/olemosaic.orbitalia.org\/fr\/wp-json\/wp\/v2\/product_cat?post=34111"},{"taxonomy":"product_tag","embeddable":true,"href":"https:\/\/olemosaic.orbitalia.org\/fr\/wp-json\/wp\/v2\/product_tag?post=34111"}],"curies":[{"name":"wp","href":"https:\/\/api.w.org\/{rel}","templated":true}]}}