{"id":34108,"date":"2025-02-20T22:35:50","date_gmt":"2025-02-20T22:35:50","guid":{"rendered":"https:\/\/olemosaic.orbitalia.org\/producto\/funda-de-telefono-para-xiaomi-13-tpu-motivos-marinos-azul\/"},"modified":"2025-07-25T20:26:20","modified_gmt":"2025-07-25T18:26:20","slug":"coque-de-telephone-pour-xiaomi-13-tpu-motifs-marins-bleu","status":"publish","type":"product","link":"https:\/\/olemosaic.orbitalia.org\/fr\/produit\/coque-de-telephone-pour-xiaomi-13-tpu-motifs-marins-bleu\/","title":{"rendered":"Coque de t\u00e9l\u00e9phone pour Xiaomi 13 (TPU). Motifs marins. Bleu"},"content":{"rendered":"<p>La coque pour Xiaomi 13 avec motifs marins est un accessoire indispensable pour ceux qui cherchent \u00e0 prot\u00e9ger leur appareil avec une touche d&rsquo;art et de nature. Fabriqu\u00e9e en TPU de haute qualit\u00e9, cette coque se distingue par son design vibrant et color\u00e9 qui repr\u00e9sente un monde sous-marin plein de vie. Avec des tonalit\u00e9s bleues qui \u00e9voquent l&rsquo;oc\u00e9an, la d\u00e9coration comprend une vari\u00e9t\u00e9 de poissons, de tortues et d&rsquo;hippocampes, tous con\u00e7us dans un style mosa\u00efque qui capture l&rsquo;essence de la mer M\u00e9diterran\u00e9e, connue pour sa riche biodiversit\u00e9.<\/p>\n<p>Chaque \u00e9l\u00e9ment graphique a \u00e9t\u00e9 soigneusement \u00e9labor\u00e9 pour souligner la beaut\u00e9 de l&rsquo;environnement marin, cr\u00e9ant une exp\u00e9rience visuelle qui transporte les amoureux de la faune vers un fond marin vibrant et plein de mouvement. Les d\u00e9tails de chaque figure, comme les \u00e9cailles des poissons et la douceur des tortues, ajoutent une touche d&rsquo;authenticit\u00e9 et d&rsquo;art \u00e0 ce protecteur de mobile.<\/p>\n<p>Ce souvenir est id\u00e9al pour les touristes et les amoureux de l&rsquo;oc\u00e9an qui recherchent un souvenir fonctionnel et esth\u00e9tique de leur exp\u00e9rience en Espagne ou au Portugal. Chez Ol\u00e9 Mosaic, nous proposons des souvenirs de qualit\u00e9 en gros qui c\u00e9l\u00e8brent la culture et la beaut\u00e9 de la r\u00e9gion. La coque pour Xiaomi 13 ne fournit pas seulement une protection durable, mais elle est aussi un excellent cadeau qui combine style et signification, devenant une pi\u00e8ce unique pour revivre ces moments sp\u00e9ciaux du voyage.<\/p>\n","protected":false},"excerpt":{"rendered":"<p>Coque pour Xiaomi 13 fabriqu\u00e9e en TPU, d\u00e9cor\u00e9e de motifs marins vibrants dans les tons bleus. Son design montre une vari\u00e9t\u00e9 color\u00e9e de poissons, de tortues et d&rsquo;hippocampes, le tout dans un style mosa\u00efque qui capture l&rsquo;essence du monde sous-marin. Le fond bleu simule l&rsquo;oc\u00e9an, compl\u00e9tant ce protecteur id\u00e9al pour les amoureux de la faune marine et offrant une protection durable et stylis\u00e9e pour votre appareil.<\/p>\n","protected":false},"featured_media":12677,"template":"","meta":{"_acf_changed":false},"product_brand":[],"product_cat":[674],"product_tag":[530],"class_list":{"0":"post-34108","1":"product","2":"type-product","3":"status-publish","4":"has-post-thumbnail","6":"product_cat-etuis-pour-telephones-portables","7":"product_tag-animaux","8":"pa_motivo-animaux-marins","10":"first","11":"instock","12":"shipping-taxable","13":"product-type-simple"},"acf":[],"_links":{"self":[{"href":"https:\/\/olemosaic.orbitalia.org\/fr\/wp-json\/wp\/v2\/product\/34108","targetHints":{"allow":["GET"]}}],"collection":[{"href":"https:\/\/olemosaic.orbitalia.org\/fr\/wp-json\/wp\/v2\/product"}],"about":[{"href":"https:\/\/olemosaic.orbitalia.org\/fr\/wp-json\/wp\/v2\/types\/product"}],"wp:featuredmedia":[{"embeddable":true,"href":"https:\/\/olemosaic.orbitalia.org\/fr\/wp-json\/wp\/v2\/media\/12677"}],"wp:attachment":[{"href":"https:\/\/olemosaic.orbitalia.org\/fr\/wp-json\/wp\/v2\/media?parent=34108"}],"wp:term":[{"taxonomy":"product_brand","embeddable":true,"href":"https:\/\/olemosaic.orbitalia.org\/fr\/wp-json\/wp\/v2\/product_brand?post=34108"},{"taxonomy":"product_cat","embeddable":true,"href":"https:\/\/olemosaic.orbitalia.org\/fr\/wp-json\/wp\/v2\/product_cat?post=34108"},{"taxonomy":"product_tag","embeddable":true,"href":"https:\/\/olemosaic.orbitalia.org\/fr\/wp-json\/wp\/v2\/product_tag?post=34108"}],"curies":[{"name":"wp","href":"https:\/\/api.w.org\/{rel}","templated":true}]}}