{"id":34096,"date":"2025-02-20T23:35:50","date_gmt":"2025-02-20T22:35:50","guid":{"rendered":"https:\/\/olemosaic.orbitalia.org\/producto\/funda-de-telefono-para-xiaomi-13-tpu-abstracto-verde-2\/"},"modified":"2025-07-25T19:26:40","modified_gmt":"2025-07-25T17:26:40","slug":"coque-de-telephone-pour-xiaomi-13-tpu-abstrait-vert-2","status":"publish","type":"product","link":"https:\/\/olemosaic.orbitalia.org\/fr\/produit\/coque-de-telephone-pour-xiaomi-13-tpu-abstrait-vert-2\/","title":{"rendered":"Coque de t\u00e9l\u00e9phone pour Xiaomi 13 (TPU). Abstrait. Carreaux espagnols. Vert"},"content":{"rendered":"<p>Coque pour Xiaomi 13 avec design abstrait de mosa\u00efque. Cette coque \u00e9l\u00e9gante, fabriqu\u00e9e en TPU r\u00e9sistant, offre une protection optimale pour votre appareil, tout en ajoutant une touche artistique et moderne. Son design vibrant pr\u00e9sente un motif g\u00e9om\u00e9trique dans des tons verts, bleus et orange, qui \u00e9voque la riche tradition des carreaux espagnols (azulejos), \u00e9l\u00e9ments embl\u00e9matiques de l&rsquo;art et de la culture du pays. Chaque d\u00e9tail de la mosa\u00efque a \u00e9t\u00e9 r\u00e9alis\u00e9 avec soin, cr\u00e9ant un effet visuel dynamique qui attirera ceux qui appr\u00e9cient l&rsquo;esth\u00e9tique contemporaine avec un fond culturel profond.<\/p>\n<p>La texture douce et flexible de cette coque assure non seulement un ajustement parfait au Xiaomi 13, mais offre \u00e9galement un confort au toucher. Cela fait de cette coque non seulement un accessoire pratique, mais aussi une excellente proposition comme souvenir pour les touristes \u00e0 la recherche d&rsquo;une repr\u00e9sentation authentique de la culture espagnole. Chez Ol\u00e9 Mosaic, nous sommes sp\u00e9cialistes de la distribution d&rsquo;articles de qualit\u00e9 ; ce produit est id\u00e9al pour les boutiques de cadeaux touristiques qui souhaitent offrir des souvenirs uniques et repr\u00e9sentatifs. En choisissant cette coque, vous obtenez non seulement une protection pour votre appareil, mais aussi une pi\u00e8ce d&rsquo;art qui c\u00e9l\u00e8bre la diversit\u00e9 culturelle espagnole et son h\u00e9ritage en c\u00e9ramique et mosa\u00efque.<\/p>\n","protected":false},"excerpt":{"rendered":"<p>Coque pour t\u00e9l\u00e9phone Xiaomi 13 fabriqu\u00e9e en TPU avec un design abstrait dans des tons verts, bleus et orange. Cet accessoire se distingue par sa finition qui simule une mosa\u00efque color\u00e9e, \u00e9voquant la riche tradition artistique des carreaux espagnols. Sa texture douce et flexible offre une protection optimale pour votre appareil, tandis que le motif g\u00e9om\u00e9trique vibrant apporte une touche moderne et distinctive, id\u00e9ale pour ceux qui recherchent un style unique.<\/p>\n","protected":false},"featured_media":12676,"template":"","meta":{"_acf_changed":false},"product_brand":[],"product_cat":[674],"product_tag":[],"class_list":{"0":"post-34096","1":"product","2":"type-product","3":"status-publish","4":"has-post-thumbnail","6":"product_cat-etuis-pour-telephones-portables","7":"pa_motivo-resume","9":"first","10":"instock","11":"shipping-taxable","12":"product-type-simple"},"acf":[],"_links":{"self":[{"href":"https:\/\/olemosaic.orbitalia.org\/fr\/wp-json\/wp\/v2\/product\/34096","targetHints":{"allow":["GET"]}}],"collection":[{"href":"https:\/\/olemosaic.orbitalia.org\/fr\/wp-json\/wp\/v2\/product"}],"about":[{"href":"https:\/\/olemosaic.orbitalia.org\/fr\/wp-json\/wp\/v2\/types\/product"}],"wp:featuredmedia":[{"embeddable":true,"href":"https:\/\/olemosaic.orbitalia.org\/fr\/wp-json\/wp\/v2\/media\/12676"}],"wp:attachment":[{"href":"https:\/\/olemosaic.orbitalia.org\/fr\/wp-json\/wp\/v2\/media?parent=34096"}],"wp:term":[{"taxonomy":"product_brand","embeddable":true,"href":"https:\/\/olemosaic.orbitalia.org\/fr\/wp-json\/wp\/v2\/product_brand?post=34096"},{"taxonomy":"product_cat","embeddable":true,"href":"https:\/\/olemosaic.orbitalia.org\/fr\/wp-json\/wp\/v2\/product_cat?post=34096"},{"taxonomy":"product_tag","embeddable":true,"href":"https:\/\/olemosaic.orbitalia.org\/fr\/wp-json\/wp\/v2\/product_tag?post=34096"}],"curies":[{"name":"wp","href":"https:\/\/api.w.org\/{rel}","templated":true}]}}