{"id":34093,"date":"2025-02-20T22:35:49","date_gmt":"2025-02-20T22:35:49","guid":{"rendered":"https:\/\/olemosaic.orbitalia.org\/producto\/funda-de-telefono-para-xiaomi-12-tpu-mariposa-barcelona-blanco\/"},"modified":"2025-07-25T18:37:12","modified_gmt":"2025-07-25T16:37:12","slug":"coque-de-telephone-pour-xiaomi-12-tpu-papillon-barcelone-blanc","status":"publish","type":"product","link":"https:\/\/olemosaic.orbitalia.org\/fr\/produit\/coque-de-telephone-pour-xiaomi-12-tpu-papillon-barcelone-blanc\/","title":{"rendered":"Coque de t\u00e9l\u00e9phone pour Xiaomi 12 (TPU). Papillon. Barcelone. Blanc"},"content":{"rendered":"<p>Coque de t\u00e9l\u00e9phone pour Xiaomi 12 orn\u00e9e d&rsquo;un design vibrant de papillons inspir\u00e9 par l&rsquo;essence de Barcelone. Cette coque, \u00e9labor\u00e9e en TPU de haute qualit\u00e9, offre une protection efficace pour votre appareil tout en soulignant la cr\u00e9ativit\u00e9 de la ville. Le design pr\u00e9sente un fond blanc captivant sur lequel se d\u00e9ploient des papillons color\u00e9s dans des tons orange, bleu et rose, qui semblent voleter dans une mosa\u00efque \u00e9voquant les c\u00e9l\u00e8bres \u0153uvres d&rsquo;Antoni Gaud\u00ed. Le mot \u00ab\u00a0Barcelone\u00a0\u00bb est inclus dans un style typographique \u00e9l\u00e9gant, cr\u00e9ant un beau contraste qui rehausse le caract\u00e8re artistique de l&rsquo;accessoire.<\/p>\n<p>Chaque papillon est soigneusement illustr\u00e9, capturant non seulement la beaut\u00e9 de ces cr\u00e9atures, mais aussi la vie culturelle vibrante de Barcelone. Cette coque n&rsquo;est pas seulement une protection fonctionnelle, elle devient aussi un souvenir iconique qui \u00e9voque l&rsquo;architecture moderniste et l&rsquo;art qui caract\u00e9risent la cit\u00e9 comtale. En choisissant cette coque, les touristes pourront emporter un morceau de Barcelone avec eux, ce qui en fait une excellente option pour ceux qui recherchent des souvenirs authentiques et repr\u00e9sentatifs de leur voyage.<\/p>\n<p>Chez Ol\u00e9 Mosaic, nous nous sp\u00e9cialisons dans la distribution de souvenirs en gros, offrant des produits qui combinent utilit\u00e9 et esth\u00e9tique. Cette coque de t\u00e9l\u00e9phone est id\u00e9ale pour les boutiques de cadeaux touristiques qui souhaitent proposer des articles distinctifs et de qualit\u00e9, renfor\u00e7ant leur lien avec la riche culture de Barcelone.<\/p>\n","protected":false},"excerpt":{"rendered":"<p>Coque pour t\u00e9l\u00e9phone Xiaomi 12 fabriqu\u00e9e en TPU, orn\u00e9e d&rsquo;un design vibrant de papillons qui \u00e9voquent l&rsquo;essence de Barcelone. La coque pr\u00e9sente un fond blanc avec une mosa\u00efque de couleurs repr\u00e9sentant l&rsquo;\u0153uvre c\u00e9l\u00e8bre de Gaud\u00ed, cr\u00e9ant un contraste attrayant avec les papillons dans des tons orange, bleu et rose. Elle inclut le mot \u00ab\u00a0Barcelone\u00a0\u00bb dans une typographie \u00e9l\u00e9gante, combinant art et fonctionnalit\u00e9 dans un accessoire parfait pour prot\u00e9ger votre appareil.<\/p>\n","protected":false},"featured_media":12651,"template":"","meta":{"_acf_changed":false},"product_brand":[],"product_cat":[674],"product_tag":[530],"class_list":{"0":"post-34093","1":"product","2":"type-product","3":"status-publish","4":"has-post-thumbnail","6":"product_cat-etuis-pour-telephones-portables","7":"product_tag-animaux","8":"pa_ciudad-barcelona","9":"pa_motivo-papillons","10":"pa_pais-espana","12":"first","13":"instock","14":"shipping-taxable","15":"product-type-simple"},"acf":[],"_links":{"self":[{"href":"https:\/\/olemosaic.orbitalia.org\/fr\/wp-json\/wp\/v2\/product\/34093","targetHints":{"allow":["GET"]}}],"collection":[{"href":"https:\/\/olemosaic.orbitalia.org\/fr\/wp-json\/wp\/v2\/product"}],"about":[{"href":"https:\/\/olemosaic.orbitalia.org\/fr\/wp-json\/wp\/v2\/types\/product"}],"wp:featuredmedia":[{"embeddable":true,"href":"https:\/\/olemosaic.orbitalia.org\/fr\/wp-json\/wp\/v2\/media\/12651"}],"wp:attachment":[{"href":"https:\/\/olemosaic.orbitalia.org\/fr\/wp-json\/wp\/v2\/media?parent=34093"}],"wp:term":[{"taxonomy":"product_brand","embeddable":true,"href":"https:\/\/olemosaic.orbitalia.org\/fr\/wp-json\/wp\/v2\/product_brand?post=34093"},{"taxonomy":"product_cat","embeddable":true,"href":"https:\/\/olemosaic.orbitalia.org\/fr\/wp-json\/wp\/v2\/product_cat?post=34093"},{"taxonomy":"product_tag","embeddable":true,"href":"https:\/\/olemosaic.orbitalia.org\/fr\/wp-json\/wp\/v2\/product_tag?post=34093"}],"curies":[{"name":"wp","href":"https:\/\/api.w.org\/{rel}","templated":true}]}}