{"id":34090,"date":"2025-02-20T22:35:49","date_gmt":"2025-02-20T22:35:49","guid":{"rendered":"https:\/\/olemosaic.orbitalia.org\/producto\/funda-de-telefono-para-xiaomi-12-tpu-panoramica-barcelona-blanco\/"},"modified":"2025-07-25T20:07:59","modified_gmt":"2025-07-25T18:07:59","slug":"coque-de-telephone-pour-xiaomi-12-tpu-panoramique-barcelone-blanc","status":"publish","type":"product","link":"https:\/\/olemosaic.orbitalia.org\/fr\/produit\/coque-de-telephone-pour-xiaomi-12-tpu-panoramique-barcelone-blanc\/","title":{"rendered":"Coque de t\u00e9l\u00e9phone pour Xiaomi 12 (TPU). Panoramique. Barcelone. Blanc"},"content":{"rendered":"<p>Coque pour Xiaomi 12 avec une vue panoramique vibrante de Barcelone. Cet accessoire, fabriqu\u00e9 en TPU, un mat\u00e9riau flexible et r\u00e9sistant, offre une excellente protection pour votre appareil tout en affichant un design embl\u00e9matique de la ville. La coque met en avant l&rsquo;iconique Sagrada Familia, ainsi que d&rsquo;autres monuments repr\u00e9sentatifs comme le Parc G\u00fcell, dont les formes fluides et les mosa\u00efques color\u00e9es sont la marque de fabrique de l&rsquo;\u0153uvre d&rsquo;Antoni Gaud\u00ed. Le style mosa\u00efque ressort dans une palette chromatique pleine de vie, o\u00f9 pr\u00e9dominent les tons rouge, jaune, vert et bleu, \u00e9voquant la magie du modernisme catalan. Le fond blanc sert de d\u00e9cor parfait qui rehausse ces d\u00e9tails artistiques, offrant un contraste visuel percutant.<\/p>\n<p>Ce souvenir n&rsquo;est pas seulement une excellente option pour ceux qui cherchent un souvenir de leur visite \u00e0 Barcelone, mais il capture \u00e9galement l&rsquo;essence culturelle et patrimoniale de l&rsquo;une des villes les plus fascinantes au monde. En choisissant cette coque, les touristes ne prot\u00e8gent pas seulement leur t\u00e9l\u00e9phone, mais emportent \u00e9galement avec eux un morceau de la riche histoire et de la cr\u00e9ativit\u00e9 qui d\u00e9finissent la capitale catalane. Chez Ol\u00e9 Mosaic, en tant que grossistes de coques de t\u00e9l\u00e9phone, nous garantissons l&rsquo;authenticit\u00e9 et la qualit\u00e9 de nos produits, id\u00e9aux pour les boutiques de cadeaux touristiques qui cherchent \u00e0 proposer des souvenirs uniques et repr\u00e9sentatifs de la culture espagnole.<\/p>\n","protected":false},"excerpt":{"rendered":"<p>Coque pour Xiaomi 12 fabriqu\u00e9e en TPU avec une vue panoramique vibrante de Barcelone. Son design met en avant l&rsquo;iconique Sagrada Familia et d&rsquo;autres \u0153uvres embl\u00e9matiques de la ville, repr\u00e9sent\u00e9es dans un style de mosa\u00efque color\u00e9 qui \u00e9voque la c\u00e9l\u00e8bre technique de Gaud\u00ed. Les tons rouge, jaune, vert et bleu pr\u00e9dominent sur un fond blanc qui rehausse les d\u00e9tails artistiques. Id\u00e9al pour prot\u00e9ger votre appareil et afficher votre amour pour cette ville merveilleuse.<\/p>\n","protected":false},"featured_media":12653,"template":"","meta":{"_acf_changed":false},"product_brand":[],"product_cat":[674],"product_tag":[],"class_list":{"0":"post-34090","1":"product","2":"type-product","3":"status-publish","4":"has-post-thumbnail","6":"product_cat-etuis-pour-telephones-portables","7":"pa_ciudad-barcelona","8":"pa_motivo-panoramas","9":"pa_pais-espana","11":"first","12":"instock","13":"shipping-taxable","14":"product-type-simple"},"acf":[],"_links":{"self":[{"href":"https:\/\/olemosaic.orbitalia.org\/fr\/wp-json\/wp\/v2\/product\/34090","targetHints":{"allow":["GET"]}}],"collection":[{"href":"https:\/\/olemosaic.orbitalia.org\/fr\/wp-json\/wp\/v2\/product"}],"about":[{"href":"https:\/\/olemosaic.orbitalia.org\/fr\/wp-json\/wp\/v2\/types\/product"}],"wp:featuredmedia":[{"embeddable":true,"href":"https:\/\/olemosaic.orbitalia.org\/fr\/wp-json\/wp\/v2\/media\/12653"}],"wp:attachment":[{"href":"https:\/\/olemosaic.orbitalia.org\/fr\/wp-json\/wp\/v2\/media?parent=34090"}],"wp:term":[{"taxonomy":"product_brand","embeddable":true,"href":"https:\/\/olemosaic.orbitalia.org\/fr\/wp-json\/wp\/v2\/product_brand?post=34090"},{"taxonomy":"product_cat","embeddable":true,"href":"https:\/\/olemosaic.orbitalia.org\/fr\/wp-json\/wp\/v2\/product_cat?post=34090"},{"taxonomy":"product_tag","embeddable":true,"href":"https:\/\/olemosaic.orbitalia.org\/fr\/wp-json\/wp\/v2\/product_tag?post=34090"}],"curies":[{"name":"wp","href":"https:\/\/api.w.org\/{rel}","templated":true}]}}