{"id":34089,"date":"2025-02-20T23:35:49","date_gmt":"2025-02-20T22:35:49","guid":{"rendered":"https:\/\/olemosaic.orbitalia.org\/producto\/funda-de-telefono-para-xiaomi-12-tpu-salamandra-barcelona-negro\/"},"modified":"2025-07-25T19:59:54","modified_gmt":"2025-07-25T17:59:54","slug":"coque-de-telephone-pour-xiaomi-12-tpu-salamandre-barcelone-noir","status":"publish","type":"product","link":"https:\/\/olemosaic.orbitalia.org\/fr\/produit\/coque-de-telephone-pour-xiaomi-12-tpu-salamandre-barcelone-noir\/","title":{"rendered":"Coque de t\u00e9l\u00e9phone pour Xiaomi 12 (TPU). Salamandre. Barcelone. Noir"},"content":{"rendered":"<p>Coque pour t\u00e9l\u00e9phone Xiaomi 12 avec un design vibrant de salamandres color\u00e9es, id\u00e9ale pour ceux qui recherchent un souvenir fonctionnel refl\u00e9tant l&rsquo;essence artistique de Barcelone. Fabriqu\u00e9e en TPU, cette coque ne prot\u00e8ge pas seulement votre appareil, mais ajoute \u00e9galement une touche distinctive \u00e0 votre style quotidien. D&rsquo;une couleur noire \u00e9l\u00e9gante, elle pr\u00e9sente des illustrations \u00e0 effet peint \u00e0 la main de salamandres dans des tons bleus, verts et rouges, entour\u00e9es de d\u00e9licats d\u00e9tails floraux qui \u00e9voquent la riche biodiversit\u00e9 et l&rsquo;art vibrant de la ville. Dans la partie inf\u00e9rieure, le texte \u00ab\u00a0Barcelona\u00a0\u00bb se d\u00e9tache avec une touche personnelle, faisant de cette coque un souvenir parfait de votre visite dans la capitale catalane.<\/p>\n<p>La salamandre, symbole de transformation et de cr\u00e9ativit\u00e9, est profond\u00e9ment li\u00e9e \u00e0 la culture barcelonaise, c\u00e9l\u00e8bre pour son architecture innovante et son patrimoine artistique. Chaque fois que vous utiliserez votre t\u00e9l\u00e9phone, vous vous rappellerez la magie de Barcelone et ses charmes. Chez Ol\u00e9 Mosaic, en tant que grossistes de souvenirs, nous proposons des produits authentiques qui c\u00e9l\u00e8brent l&rsquo;identit\u00e9 culturelle de cette ville embl\u00e9matique. Cette coque de t\u00e9l\u00e9phone est une excellente option pour les boutiques de cadeaux touristiques \u00e0 la recherche de souvenirs uniques et repr\u00e9sentatifs de Barcelone, alliant fonctionnalit\u00e9 et art en un seul produit.<\/p>\n","protected":false},"excerpt":{"rendered":"<p>Coque pour Xiaomi 12 fabriqu\u00e9e en TPU, avec un design vibrant de salamandres color\u00e9es qui \u00e9voque l&rsquo;esprit artistique de Barcelone. Cette coque noire se distingue par ses illustrations \u00e0 effet peint \u00e0 la main, o\u00f9 se m\u00e9langent le bleu, le vert et le rouge, avec de petits d\u00e9tails floraux. Dans la partie inf\u00e9rieure, le mot \u00ab\u00a0Barcelona\u00a0\u00bb ajoute une touche personnelle et distinctive, faisant de cette coque un souvenir parfait et fonctionnel, qui rend hommage \u00e0 la riche culture locale.<\/p>\n","protected":false},"featured_media":12665,"template":"","meta":{"_acf_changed":false},"product_brand":[],"product_cat":[674],"product_tag":[530],"class_list":{"0":"post-34089","1":"product","2":"type-product","3":"status-publish","4":"has-post-thumbnail","6":"product_cat-etuis-pour-telephones-portables","7":"product_tag-animaux","8":"pa_ciudad-barcelona","9":"pa_motivo-salamandres","10":"pa_pais-espana","12":"first","13":"instock","14":"shipping-taxable","15":"product-type-simple"},"acf":[],"_links":{"self":[{"href":"https:\/\/olemosaic.orbitalia.org\/fr\/wp-json\/wp\/v2\/product\/34089","targetHints":{"allow":["GET"]}}],"collection":[{"href":"https:\/\/olemosaic.orbitalia.org\/fr\/wp-json\/wp\/v2\/product"}],"about":[{"href":"https:\/\/olemosaic.orbitalia.org\/fr\/wp-json\/wp\/v2\/types\/product"}],"wp:featuredmedia":[{"embeddable":true,"href":"https:\/\/olemosaic.orbitalia.org\/fr\/wp-json\/wp\/v2\/media\/12665"}],"wp:attachment":[{"href":"https:\/\/olemosaic.orbitalia.org\/fr\/wp-json\/wp\/v2\/media?parent=34089"}],"wp:term":[{"taxonomy":"product_brand","embeddable":true,"href":"https:\/\/olemosaic.orbitalia.org\/fr\/wp-json\/wp\/v2\/product_brand?post=34089"},{"taxonomy":"product_cat","embeddable":true,"href":"https:\/\/olemosaic.orbitalia.org\/fr\/wp-json\/wp\/v2\/product_cat?post=34089"},{"taxonomy":"product_tag","embeddable":true,"href":"https:\/\/olemosaic.orbitalia.org\/fr\/wp-json\/wp\/v2\/product_tag?post=34089"}],"curies":[{"name":"wp","href":"https:\/\/api.w.org\/{rel}","templated":true}]}}