{"id":34087,"date":"2025-02-20T23:35:48","date_gmt":"2025-02-20T22:35:48","guid":{"rendered":"https:\/\/olemosaic.orbitalia.org\/producto\/funda-de-telefono-para-xiaomi-12-tpu-abstracto-negro-2\/"},"modified":"2025-07-25T23:07:59","modified_gmt":"2025-07-25T21:07:59","slug":"coque-de-telephone-pour-xiaomi-12-tpu-abstrait-noir-2","status":"publish","type":"product","link":"https:\/\/olemosaic.orbitalia.org\/fr\/produit\/coque-de-telephone-pour-xiaomi-12-tpu-abstrait-noir-2\/","title":{"rendered":"Coque de t\u00e9l\u00e9phone pour Xiaomi 12 (TPU). Abstrait. Motif nuages. Noir"},"content":{"rendered":"<p>Coque pour t\u00e9l\u00e9phone Xiaomi 12 avec un design abstrait. Fabriqu\u00e9e en TPU de haute qualit\u00e9, cette coque allie fonctionnalit\u00e9 et style gr\u00e2ce \u00e0 sa palette de couleurs vibrante et captivante dans des tons bleus, oranges et roses. Sa surface se distingue par un motif de nuages d&rsquo;encre qui cr\u00e9e un effet visuel dynamique et moderne, en faisant l&rsquo;accessoire parfait pour ceux qui appr\u00e9cient l&rsquo;art contemporain. La base noire fait ressortir davantage ces illustrations, offrant un contraste attrayant qui capture l&rsquo;essence du design abstrait.<\/p>\n<p>Con\u00e7ue sp\u00e9cifiquement pour le mod\u00e8le Xiaomi 12, cette coque garantit un ajustement parfait, offrant une protection efficace contre les chocs et les rayures. Son mat\u00e9riau flexible permet une manipulation facile et un acc\u00e8s sans restriction \u00e0 tous les boutons et ports de l&rsquo;appareil. Le caract\u00e8re unique de cette coque en fait un souvenir pratique et stylis\u00e9, id\u00e9al pour les touristes qui cherchent \u00e0 emporter un morceau de cr\u00e9ativit\u00e9 contemporaine lors de leurs voyages.<\/p>\n<p>Chez Ol\u00e9 Mosaic, nous nous sp\u00e9cialisons dans la distribution de souvenirs en gros, et cette coque se pr\u00e9sente comme une excellente option pour les boutiques de cadeaux touristiques souhaitant proposer des produits fusionnant art et technologie. Avec son design attrayant, cette coque ne prot\u00e8ge pas seulement, mais c\u00e9l\u00e8bre \u00e9galement la connexion culturelle et dynamique de l&rsquo;art moderne, en faisant un souvenir authentique et pertinent.<\/p>\n","protected":false},"excerpt":{"rendered":"<p>Coque pour Xiaomi 12 fabriqu\u00e9e en TPU, avec un design abstrait qui se distingue par sa combinaison vibrante de couleurs bleues, oranges et roses. La surface pr\u00e9sente un motif de nuages d&rsquo;encre, cr\u00e9ant un effet visuel dynamique et moderne. Son mat\u00e9riau flexible permet un ajustement parfait, prot\u00e9geant l&rsquo;appareil des chocs et des rayures, et sa finition noire met en valeur l&rsquo;art abstrait, en faisant un accessoire attrayant et fonctionnel.<\/p>\n","protected":false},"featured_media":12667,"template":"","meta":{"_acf_changed":false},"product_brand":[],"product_cat":[674],"product_tag":[],"class_list":{"0":"post-34087","1":"product","2":"type-product","3":"status-publish","4":"has-post-thumbnail","6":"product_cat-etuis-pour-telephones-portables","7":"pa_motivo-resume","9":"first","10":"instock","11":"shipping-taxable","12":"product-type-simple"},"acf":[],"_links":{"self":[{"href":"https:\/\/olemosaic.orbitalia.org\/fr\/wp-json\/wp\/v2\/product\/34087","targetHints":{"allow":["GET"]}}],"collection":[{"href":"https:\/\/olemosaic.orbitalia.org\/fr\/wp-json\/wp\/v2\/product"}],"about":[{"href":"https:\/\/olemosaic.orbitalia.org\/fr\/wp-json\/wp\/v2\/types\/product"}],"wp:featuredmedia":[{"embeddable":true,"href":"https:\/\/olemosaic.orbitalia.org\/fr\/wp-json\/wp\/v2\/media\/12667"}],"wp:attachment":[{"href":"https:\/\/olemosaic.orbitalia.org\/fr\/wp-json\/wp\/v2\/media?parent=34087"}],"wp:term":[{"taxonomy":"product_brand","embeddable":true,"href":"https:\/\/olemosaic.orbitalia.org\/fr\/wp-json\/wp\/v2\/product_brand?post=34087"},{"taxonomy":"product_cat","embeddable":true,"href":"https:\/\/olemosaic.orbitalia.org\/fr\/wp-json\/wp\/v2\/product_cat?post=34087"},{"taxonomy":"product_tag","embeddable":true,"href":"https:\/\/olemosaic.orbitalia.org\/fr\/wp-json\/wp\/v2\/product_tag?post=34087"}],"curies":[{"name":"wp","href":"https:\/\/api.w.org\/{rel}","templated":true}]}}