{"id":34061,"date":"2025-02-20T22:35:48","date_gmt":"2025-02-20T22:35:48","guid":{"rendered":"https:\/\/olemosaic.orbitalia.org\/producto\/funda-de-telefono-para-xiaomi-12-tpu-abstracto-negro\/"},"modified":"2025-07-25T23:34:34","modified_gmt":"2025-07-25T21:34:34","slug":"coque-de-telephone-pour-xiaomi-12-tpu-abstrait-noir","status":"publish","type":"product","link":"https:\/\/olemosaic.orbitalia.org\/fr\/produit\/coque-de-telephone-pour-xiaomi-12-tpu-abstrait-noir\/","title":{"rendered":"Coque de t\u00e9l\u00e9phone pour Xiaomi 12 (TPU). Abstrait. Noir"},"content":{"rendered":"<p>Coque pour Xiaomi 12 avec design abstrait<\/p>\n<p>Cette coque pour le Xiaomi 12 est l&rsquo;accessoire id\u00e9al pour ceux qui recherchent une combinaison parfaite entre protection et style moderne. Fabriqu\u00e9e en TPU de haute qualit\u00e9, son design abstrait aux couleurs vibrantes pr\u00e9sente une base noire orn\u00e9e de lignes de lumi\u00e8re ondul\u00e9es dans des tons n\u00e9on, cr\u00e9ant un effet dynamique et contemporain. Ce motif n&rsquo;attire pas seulement l&rsquo;attention, mais \u00e9voque \u00e9galement une ambiance urbaine, parfaite pour ceux qui souhaitent exprimer leur personnalit\u00e9 \u00e0 travers leur appareil.<\/p>\n<p>La coque est con\u00e7ue pour offrir une protection optimale contre les impacts et les rayures, garantissant que votre t\u00e9l\u00e9phone conserve son aspect impeccable. De plus, sa structure l\u00e9g\u00e8re et fine permet un acc\u00e8s facile \u00e0 tous les boutons et ports, garantissant une exp\u00e9rience utilisateur confortable et pratique.<\/p>\n<p>Cet accessoire est un souvenir repr\u00e9sentatif de l&rsquo;esth\u00e9tique moderne et vibrante, id\u00e9al pour les touristes souhaitant emporter un morceau de style contemporain de leur voyage. Chez Ol\u00e9 Mosaic, nous sommes des distributeurs de produits uniques et authentiques ; cette coque est une excellente option pour les boutiques de souvenirs touristiques qui cherchent \u00e0 ajouter une touche de design innovant \u00e0 leur offre de souvenirs. En tant que grossistes de coques de t\u00e9l\u00e9phone, nous garantissons la qualit\u00e9 et l&rsquo;exclusivit\u00e9 de chaque pi\u00e8ce, assurant la satisfaction de vos clients lors de leur achat.<\/p>\n","protected":false},"excerpt":{"rendered":"<p>Coque pour le Xiaomi 12 fabriqu\u00e9e en TPU, avec un design abstrait et des couleurs vibrantes. La surface noire est orn\u00e9e de lignes ondul\u00e9es dans des tons n\u00e9on qui \u00e9voquent une ambiance moderne et dynamique. Cet accessoire ne prot\u00e8ge pas seulement votre appareil, mais apporte \u00e9galement une touche de style contemporain, id\u00e9al pour ceux qui recherchent une fusion entre fonctionnalit\u00e9 et design. Parfaite pour se d\u00e9marquer dans n&rsquo;importe quel environnement.<\/p>\n","protected":false},"featured_media":12668,"template":"","meta":{"_acf_changed":false},"product_brand":[],"product_cat":[674],"product_tag":[],"class_list":{"0":"post-34061","1":"product","2":"type-product","3":"status-publish","4":"has-post-thumbnail","6":"product_cat-etuis-pour-telephones-portables","7":"pa_motivo-resume","9":"first","10":"instock","11":"shipping-taxable","12":"product-type-simple"},"acf":[],"_links":{"self":[{"href":"https:\/\/olemosaic.orbitalia.org\/fr\/wp-json\/wp\/v2\/product\/34061","targetHints":{"allow":["GET"]}}],"collection":[{"href":"https:\/\/olemosaic.orbitalia.org\/fr\/wp-json\/wp\/v2\/product"}],"about":[{"href":"https:\/\/olemosaic.orbitalia.org\/fr\/wp-json\/wp\/v2\/types\/product"}],"wp:featuredmedia":[{"embeddable":true,"href":"https:\/\/olemosaic.orbitalia.org\/fr\/wp-json\/wp\/v2\/media\/12668"}],"wp:attachment":[{"href":"https:\/\/olemosaic.orbitalia.org\/fr\/wp-json\/wp\/v2\/media?parent=34061"}],"wp:term":[{"taxonomy":"product_brand","embeddable":true,"href":"https:\/\/olemosaic.orbitalia.org\/fr\/wp-json\/wp\/v2\/product_brand?post=34061"},{"taxonomy":"product_cat","embeddable":true,"href":"https:\/\/olemosaic.orbitalia.org\/fr\/wp-json\/wp\/v2\/product_cat?post=34061"},{"taxonomy":"product_tag","embeddable":true,"href":"https:\/\/olemosaic.orbitalia.org\/fr\/wp-json\/wp\/v2\/product_tag?post=34061"}],"curies":[{"name":"wp","href":"https:\/\/api.w.org\/{rel}","templated":true}]}}