{"id":34043,"date":"2025-02-20T22:35:47","date_gmt":"2025-02-20T22:35:47","guid":{"rendered":"https:\/\/olemosaic.orbitalia.org\/producto\/funda-de-telefono-para-xiaomi-11-tpu-forjas-azul\/"},"modified":"2025-07-25T19:31:23","modified_gmt":"2025-07-25T17:31:23","slug":"coque-de-telephone-pour-xiaomi-11-tpu-forges-bleu","status":"publish","type":"product","link":"https:\/\/olemosaic.orbitalia.org\/fr\/produit\/coque-de-telephone-pour-xiaomi-11-tpu-forges-bleu\/","title":{"rendered":"Coque de t\u00e9l\u00e9phone pour Xiaomi 11 (TPU). Forges. Bleu"},"content":{"rendered":"<p>Coque pour Xiaomi 11 dans un bleu \u00e9l\u00e9gant, fabriqu\u00e9e en TPU, la combinaison parfaite de protection et de style, id\u00e9ale pour ceux qui recherchent un accessoire fonctionnel et esth\u00e9tique. Ce mod\u00e8le se distingue par son design complexe avec des motifs de forge en blanc, \u00e9voquant l&rsquo;art ornemental de la tradition espagnole. Chaque courbe et d\u00e9tail du motif capture l&rsquo;essence du riche h\u00e9ritage culturel, refl\u00e9tant la ma\u00eetrise artisanale des travailleurs locaux qui ont perfectionn\u00e9 cette technique pendant des g\u00e9n\u00e9rations.<\/p>\n<p>La coque ne prot\u00e8ge pas seulement votre appareil contre les impacts et les rayures, mais fonctionne \u00e9galement comme une d\u00e9claration de style, transformant un accessoire quotidien en une pi\u00e8ce d\u00e9corative qui souligne la beaut\u00e9 du travail manuel. Sa couleur bleu intense offre un fond attrayant qui accentue les d\u00e9licats motifs blancs, cr\u00e9ant un effet visuel captivant qui ne passera pas inaper\u00e7u.<\/p>\n<p>Pour les touristes \u00e0 la recherche de souvenirs authentiques et significatifs d&rsquo;Espagne, cette coque de t\u00e9l\u00e9phone se pr\u00e9sente comme un souvenir fonctionnel qui encapsule la culture et l&rsquo;art du pays. Chez Ol\u00e9 Mosaic, votre distributeur de souvenirs en gros, nous nous engageons \u00e0 offrir des produits qui repr\u00e9sentent l&rsquo;authenticit\u00e9 et la valeur culturelle, faisant de cette coque un choix id\u00e9al pour les boutiques de cadeaux touristiques souhaitant enrichir leur offre avec des produits de qualit\u00e9.<\/p>\n","protected":false},"excerpt":{"rendered":"<p>Coque pour t\u00e9l\u00e9phone Xiaomi 11 fabriqu\u00e9e en TPU, dans une \u00e9l\u00e9gante couleur bleue. Le design pr\u00e9sente des motifs de forge complexes en blanc, \u00e9voquant l&rsquo;art ornemental traditionnel espagnol. Cette coque ne prot\u00e8ge pas seulement votre appareil, mais ajoute \u00e9galement une touche d\u00e9corative, soulignant la beaut\u00e9 de l&rsquo;artisanat local. Id\u00e9ale pour ceux qui recherchent un accessoire fonctionnel et esth\u00e9tique.<\/p>\n","protected":false},"featured_media":12642,"template":"","meta":{"_acf_changed":false},"product_brand":[],"product_cat":[674],"product_tag":[],"class_list":{"0":"post-34043","1":"product","2":"type-product","3":"status-publish","4":"has-post-thumbnail","6":"product_cat-etuis-pour-telephones-portables","7":"pa_motivo-forges","9":"first","10":"instock","11":"shipping-taxable","12":"product-type-simple"},"acf":[],"_links":{"self":[{"href":"https:\/\/olemosaic.orbitalia.org\/fr\/wp-json\/wp\/v2\/product\/34043","targetHints":{"allow":["GET"]}}],"collection":[{"href":"https:\/\/olemosaic.orbitalia.org\/fr\/wp-json\/wp\/v2\/product"}],"about":[{"href":"https:\/\/olemosaic.orbitalia.org\/fr\/wp-json\/wp\/v2\/types\/product"}],"wp:featuredmedia":[{"embeddable":true,"href":"https:\/\/olemosaic.orbitalia.org\/fr\/wp-json\/wp\/v2\/media\/12642"}],"wp:attachment":[{"href":"https:\/\/olemosaic.orbitalia.org\/fr\/wp-json\/wp\/v2\/media?parent=34043"}],"wp:term":[{"taxonomy":"product_brand","embeddable":true,"href":"https:\/\/olemosaic.orbitalia.org\/fr\/wp-json\/wp\/v2\/product_brand?post=34043"},{"taxonomy":"product_cat","embeddable":true,"href":"https:\/\/olemosaic.orbitalia.org\/fr\/wp-json\/wp\/v2\/product_cat?post=34043"},{"taxonomy":"product_tag","embeddable":true,"href":"https:\/\/olemosaic.orbitalia.org\/fr\/wp-json\/wp\/v2\/product_tag?post=34043"}],"curies":[{"name":"wp","href":"https:\/\/api.w.org\/{rel}","templated":true}]}}