{"id":34041,"date":"2025-02-20T22:35:47","date_gmt":"2025-02-20T22:35:47","guid":{"rendered":"https:\/\/olemosaic.orbitalia.org\/producto\/funda-de-telefono-para-xiaomi-11-tpu-motivos-marinos-azul\/"},"modified":"2025-07-25T20:40:44","modified_gmt":"2025-07-25T18:40:44","slug":"coque-de-telephone-pour-xiaomi-11-tpu-motifs-marins-bleu","status":"publish","type":"product","link":"https:\/\/olemosaic.orbitalia.org\/fr\/produit\/coque-de-telephone-pour-xiaomi-11-tpu-motifs-marins-bleu\/","title":{"rendered":"Coque de t\u00e9l\u00e9phone pour Xiaomi 11 (TPU). Motifs marins. Bleu"},"content":{"rendered":"<p>Coque pour Xiaomi 11 avec des motifs marins vibrants. Cet accessoire attrayant, fabriqu\u00e9 en TPU de haute qualit\u00e9, pr\u00e9sente un design dans un ton bleu profond qui transporte l&rsquo;utilisateur dans un monde sous-marin color\u00e9 et plein de vie. La coque illustre une sc\u00e8ne marine d\u00e9taill\u00e9e, o\u00f9 des tortues, des dauphins et des hippocampes nagent avec gr\u00e2ce, repr\u00e9sent\u00e9s dans un style mosa\u00efque qui ajoute une touche artistique et joyeuse. Les couleurs vibrantes et la repr\u00e9sentation soign\u00e9e de la faune marine capturent l&rsquo;essence de l&rsquo;oc\u00e9an, faisant de ce produit un magnifique rappel de la beaut\u00e9 du monde aquatique.<\/p>\n<p>Son design ne prot\u00e8ge pas seulement l&rsquo;appareil contre les chocs et les rayures, mais l&#8217;embellit \u00e9galement, \u00e9tant id\u00e9al pour ceux qui ressentent une connexion sp\u00e9ciale avec la mer. La connexion culturelle de cette coque r\u00e9side dans son hommage \u00e0 la vie marine, un \u00e9l\u00e9ment fondamental des r\u00e9gions c\u00f4ti\u00e8res d&rsquo;Espagne et du Portugal, o\u00f9 l&rsquo;oc\u00e9an fait partie int\u00e9grante du patrimoine culturel et naturel.<\/p>\n<p>Chez Ol\u00e9 Mosaic, nous proposons une excellente s\u00e9lection de souvenirs qui c\u00e9l\u00e8brent la richesse de notre culture. Cette coque est un choix parfait pour les boutiques de cadeaux touristiques \u00e0 la recherche de produits uniques et authentiques, id\u00e9al pour les touristes souhaitant emporter un morceau des merveilles marines. En tant que grossiste d&rsquo;accessoires de t\u00e9l\u00e9phonie, nous garantissons qualit\u00e9 et design dans chaque pi\u00e8ce.<\/p>\n","protected":false},"excerpt":{"rendered":"<p>Coque pour Xiaomi 11 fabriqu\u00e9e en TPU avec des motifs marins vibrants. Ce design bleu profond illustre un monde sous-marin color\u00e9 et plein de vie, avec des tortues, des dauphins et des hippocampes repr\u00e9sent\u00e9s dans un style mosa\u00efque qui apporte une touche artistique et joyeuse. Id\u00e9ale pour les amoureux de l&rsquo;oc\u00e9an, cette coque ne prot\u00e8ge pas seulement votre appareil, mais ajoute \u00e9galement une touche visuellement attrayante inspir\u00e9e par la beaut\u00e9 marine.<\/p>\n","protected":false},"featured_media":12637,"template":"","meta":{"_acf_changed":false},"product_brand":[],"product_cat":[674],"product_tag":[530],"class_list":{"0":"post-34041","1":"product","2":"type-product","3":"status-publish","4":"has-post-thumbnail","6":"product_cat-etuis-pour-telephones-portables","7":"product_tag-animaux","8":"pa_motivo-animaux-marins","10":"first","11":"instock","12":"shipping-taxable","13":"product-type-simple"},"acf":[],"_links":{"self":[{"href":"https:\/\/olemosaic.orbitalia.org\/fr\/wp-json\/wp\/v2\/product\/34041","targetHints":{"allow":["GET"]}}],"collection":[{"href":"https:\/\/olemosaic.orbitalia.org\/fr\/wp-json\/wp\/v2\/product"}],"about":[{"href":"https:\/\/olemosaic.orbitalia.org\/fr\/wp-json\/wp\/v2\/types\/product"}],"wp:featuredmedia":[{"embeddable":true,"href":"https:\/\/olemosaic.orbitalia.org\/fr\/wp-json\/wp\/v2\/media\/12637"}],"wp:attachment":[{"href":"https:\/\/olemosaic.orbitalia.org\/fr\/wp-json\/wp\/v2\/media?parent=34041"}],"wp:term":[{"taxonomy":"product_brand","embeddable":true,"href":"https:\/\/olemosaic.orbitalia.org\/fr\/wp-json\/wp\/v2\/product_brand?post=34041"},{"taxonomy":"product_cat","embeddable":true,"href":"https:\/\/olemosaic.orbitalia.org\/fr\/wp-json\/wp\/v2\/product_cat?post=34041"},{"taxonomy":"product_tag","embeddable":true,"href":"https:\/\/olemosaic.orbitalia.org\/fr\/wp-json\/wp\/v2\/product_tag?post=34041"}],"curies":[{"name":"wp","href":"https:\/\/api.w.org\/{rel}","templated":true}]}}