{"id":34040,"date":"2025-02-20T22:35:47","date_gmt":"2025-02-20T22:35:47","guid":{"rendered":"https:\/\/olemosaic.orbitalia.org\/producto\/funda-de-telefono-para-xiaomi-11-tpu-panoramica-barcelona-azul-2\/"},"modified":"2025-07-25T23:04:10","modified_gmt":"2025-07-25T21:04:10","slug":"coque-de-telephone-pour-xiaomi-11-tpu-panoramique-barcelone-bleu-fr","status":"publish","type":"product","link":"https:\/\/olemosaic.orbitalia.org\/fr\/produit\/coque-de-telephone-pour-xiaomi-11-tpu-panoramique-barcelone-bleu-fr\/","title":{"rendered":"Coque de t\u00e9l\u00e9phone pour Xiaomi 11 (TPU). Panoramique. Barcelone. Bleu"},"content":{"rendered":"<p>Coque pour t\u00e9l\u00e9phone Xiaomi 11 avec un design panoramique vibrant de Barcelone. Cette coque, fabriqu\u00e9e en TPU de haute qualit\u00e9, offre une combinaison parfaite de style et de protection. Elle pr\u00e9sente une repr\u00e9sentation color\u00e9e de l&#8217;embl\u00e9matique Sagrada Familia, l&rsquo;un des monuments les plus iconiques de la ville, entour\u00e9e d&rsquo;un paysage tropical qui \u00e9voque la joie barcelonaise. Les couleurs vives des palmiers et les d\u00e9tails architecturaux ressortent sur un fond bleu brillant, qui accentue la luminosit\u00e9 et le caract\u00e8re vibrant de la ville c\u00f4ti\u00e8re. L&rsquo;illustration inclut un soleil radiant et des mouettes, qui ajoutent une touche de fra\u00eecheur et de dynamisme au design, tandis que l&rsquo;inscription \u00ab\u00a0Barcelona\u00a0\u00bb ajoute un \u00e9l\u00e9ment d&rsquo;identification qui fait de cette coque un v\u00e9ritable symbole de la capitale catalane.<\/p>\n<p>Ce produit ne remplit pas seulement sa fonction de prot\u00e9ger le t\u00e9l\u00e9phone, mais agit \u00e9galement comme un souvenir attrayant de Barcelone, parfait pour les touristes souhaitant ramener un morceau de cette ville merveilleuse chez eux. Chez Ol\u00e9 Mosaic, en tant que distributeurs de souvenirs en gros, nous proposons une grande vari\u00e9t\u00e9 de produits repr\u00e9sentant la riche culture espagnole, et cette coque de t\u00e9l\u00e9phone est une excellente option pour les boutiques de cadeaux touristiques cherchant \u00e0 offrir \u00e0 leurs clients des articles authentiques et de qualit\u00e9. Avec son design captivant et sa connexion culturelle, c&rsquo;est un cadeau id\u00e9al qui capture l&rsquo;essence de Barcelone, en faisant un souvenir m\u00e9morable.<\/p>\n","protected":false},"excerpt":{"rendered":"<p>Coque pour t\u00e9l\u00e9phone Xiaomi 11 fabriqu\u00e9e en TPU avec une panoramique color\u00e9e de Barcelone. Ce design vibrant montre l&#8217;embl\u00e9matique Sagrada Familia, entour\u00e9e d&rsquo;un paysage tropical avec des palmiers et un soleil radiant, mettant en valeur les d\u00e9tails architecturaux et l&rsquo;atmosph\u00e8re joyeuse de la ville. La base bleue contraste parfaitement avec les couleurs vives des b\u00e2timents et l&rsquo;inscription \u00ab\u00a0Barcelona\u00a0\u00bb, faisant de cette coque un accessoire fonctionnel et attrayant pour les amoureux de la cit\u00e9 comtale.<\/p>\n","protected":false},"featured_media":12640,"template":"","meta":{"_acf_changed":false},"product_brand":[],"product_cat":[674],"product_tag":[],"class_list":{"0":"post-34040","1":"product","2":"type-product","3":"status-publish","4":"has-post-thumbnail","6":"product_cat-etuis-pour-telephones-portables","7":"pa_ciudad-barcelona","8":"pa_motivo-panoramas","9":"pa_pais-espana","11":"first","12":"instock","13":"shipping-taxable","14":"product-type-simple"},"acf":[],"_links":{"self":[{"href":"https:\/\/olemosaic.orbitalia.org\/fr\/wp-json\/wp\/v2\/product\/34040","targetHints":{"allow":["GET"]}}],"collection":[{"href":"https:\/\/olemosaic.orbitalia.org\/fr\/wp-json\/wp\/v2\/product"}],"about":[{"href":"https:\/\/olemosaic.orbitalia.org\/fr\/wp-json\/wp\/v2\/types\/product"}],"wp:featuredmedia":[{"embeddable":true,"href":"https:\/\/olemosaic.orbitalia.org\/fr\/wp-json\/wp\/v2\/media\/12640"}],"wp:attachment":[{"href":"https:\/\/olemosaic.orbitalia.org\/fr\/wp-json\/wp\/v2\/media?parent=34040"}],"wp:term":[{"taxonomy":"product_brand","embeddable":true,"href":"https:\/\/olemosaic.orbitalia.org\/fr\/wp-json\/wp\/v2\/product_brand?post=34040"},{"taxonomy":"product_cat","embeddable":true,"href":"https:\/\/olemosaic.orbitalia.org\/fr\/wp-json\/wp\/v2\/product_cat?post=34040"},{"taxonomy":"product_tag","embeddable":true,"href":"https:\/\/olemosaic.orbitalia.org\/fr\/wp-json\/wp\/v2\/product_tag?post=34040"}],"curies":[{"name":"wp","href":"https:\/\/api.w.org\/{rel}","templated":true}]}}