{"id":34033,"date":"2025-02-20T22:35:47","date_gmt":"2025-02-20T22:35:47","guid":{"rendered":"https:\/\/olemosaic.orbitalia.org\/producto\/funda-de-telefono-para-xiaomi-11-tpu-mariposa-barcelona-blanco\/"},"modified":"2025-07-25T18:50:55","modified_gmt":"2025-07-25T16:50:55","slug":"coque-de-telephone-pour-xiaomi-11-tpu-papillon-barcelone-blanc","status":"publish","type":"product","link":"https:\/\/olemosaic.orbitalia.org\/fr\/produit\/coque-de-telephone-pour-xiaomi-11-tpu-papillon-barcelone-blanc\/","title":{"rendered":"Coque de t\u00e9l\u00e9phone pour Xiaomi 11 (TPU). Papillon. Barcelone. Blanc"},"content":{"rendered":"<p>Coque pour Xiaomi 11 avec un design de papillons inspir\u00e9s de Barcelone. Cet accessoire, fabriqu\u00e9 en TPU, un mat\u00e9riau r\u00e9sistant, prot\u00e8ge votre appareil tout en c\u00e9l\u00e9brant l&rsquo;essence de la vibrante cit\u00e9 comtale. Le design montre un collage de papillons dans des tons vifs comme l&rsquo;orange, le bleu et le rose, sur un fond blanc, \u00e9voquant la joie et la cr\u00e9ativit\u00e9 qui caract\u00e9risent Barcelone. Chaque papillon est m\u00e9ticuleusement illustr\u00e9, \u00e9mulant la technique de la mosa\u00efque de l&rsquo;art de Gaud\u00ed, ce qui ajoute une touche d&rsquo;authenticit\u00e9 et de culture au produit.<\/p>\n<p>Le mot \u00ab\u00a0Barcelona\u00a0\u00bb appara\u00eet \u00e9l\u00e9gamment imprim\u00e9 dans la partie inf\u00e9rieure, faisant de cette coque plus qu&rsquo;un simple accessoire fonctionnel : c&rsquo;est un souvenir significatif qui connecte les touristes au riche h\u00e9ritage artistique de la ville. C&rsquo;est un souvenir id\u00e9al pour ceux qui cherchent \u00e0 emporter avec eux un fragment du charme barcelonais, un rappel de leurs exp\u00e9riences dans cette ville pleine d&rsquo;art et de couleur.<\/p>\n<p>Chez Ol\u00e9 Mosaic, nous nous sp\u00e9cialisons dans la distribution de souvenirs en gros, offrant des produits pratiques et repr\u00e9sentatifs de la culture locale. Cette coque est une excellente option pour les boutiques de cadeaux touristiques souhaitant offrir \u00e0 leurs clients un article authentique et plein de sens.<\/p>\n","protected":false},"excerpt":{"rendered":"<p>Coque de t\u00e9l\u00e9phone pour Xiaomi 11 fabriqu\u00e9e en TPU, d\u00e9cor\u00e9e de papillons color\u00e9s sur un fond blanc qui \u00e9voque l&rsquo;essence de Barcelone. Le design pr\u00e9sente des papillons aux couleurs vibrantes comme l&rsquo;orange, le bleu et le rose, contrastant avec une mosa\u00efque rappelant l&rsquo;art de Gaud\u00ed. Le mot \u00ab\u00a0Barcelona\u00a0\u00bb est \u00e9l\u00e9gamment imprim\u00e9, compl\u00e9tant un accessoire attrayant et fonctionnel qui prot\u00e8ge votre appareil tout en c\u00e9l\u00e9brant l&rsquo;esprit artistique de la ville.<\/p>\n","protected":false},"featured_media":12631,"template":"","meta":{"_acf_changed":false},"product_brand":[],"product_cat":[674],"product_tag":[530],"class_list":{"0":"post-34033","1":"product","2":"type-product","3":"status-publish","4":"has-post-thumbnail","6":"product_cat-etuis-pour-telephones-portables","7":"product_tag-animaux","8":"pa_ciudad-barcelona","9":"pa_motivo-papillons","10":"pa_pais-espana","12":"first","13":"instock","14":"shipping-taxable","15":"product-type-simple"},"acf":[],"_links":{"self":[{"href":"https:\/\/olemosaic.orbitalia.org\/fr\/wp-json\/wp\/v2\/product\/34033","targetHints":{"allow":["GET"]}}],"collection":[{"href":"https:\/\/olemosaic.orbitalia.org\/fr\/wp-json\/wp\/v2\/product"}],"about":[{"href":"https:\/\/olemosaic.orbitalia.org\/fr\/wp-json\/wp\/v2\/types\/product"}],"wp:featuredmedia":[{"embeddable":true,"href":"https:\/\/olemosaic.orbitalia.org\/fr\/wp-json\/wp\/v2\/media\/12631"}],"wp:attachment":[{"href":"https:\/\/olemosaic.orbitalia.org\/fr\/wp-json\/wp\/v2\/media?parent=34033"}],"wp:term":[{"taxonomy":"product_brand","embeddable":true,"href":"https:\/\/olemosaic.orbitalia.org\/fr\/wp-json\/wp\/v2\/product_brand?post=34033"},{"taxonomy":"product_cat","embeddable":true,"href":"https:\/\/olemosaic.orbitalia.org\/fr\/wp-json\/wp\/v2\/product_cat?post=34033"},{"taxonomy":"product_tag","embeddable":true,"href":"https:\/\/olemosaic.orbitalia.org\/fr\/wp-json\/wp\/v2\/product_tag?post=34033"}],"curies":[{"name":"wp","href":"https:\/\/api.w.org\/{rel}","templated":true}]}}