{"id":34030,"date":"2025-02-20T22:35:46","date_gmt":"2025-02-20T22:35:46","guid":{"rendered":"https:\/\/olemosaic.orbitalia.org\/producto\/funda-de-telefono-para-xiaomi-11-tpu-gato-barcelona-blanco\/"},"modified":"2025-07-25T20:27:59","modified_gmt":"2025-07-25T18:27:59","slug":"coque-de-telephone-pour-xiaomi-11-tpu-chat-barcelone-blanc","status":"publish","type":"product","link":"https:\/\/olemosaic.orbitalia.org\/fr\/produit\/coque-de-telephone-pour-xiaomi-11-tpu-chat-barcelone-blanc\/","title":{"rendered":"Coque de t\u00e9l\u00e9phone pour Xiaomi 11 (TPU). Chat. Barcelone. Blanc"},"content":{"rendered":"<p>Coque pour t\u00e9l\u00e9phone Xiaomi 11 avec un design de chat en style mosa\u00efque inspir\u00e9 de l&rsquo;architecture de Barcelone. Cette coque \u00e9l\u00e9gante, fabriqu\u00e9e en TPU de haute qualit\u00e9, ne prot\u00e8ge pas seulement votre appareil, mais lui donne \u00e9galement une touche artistique et vibrante. L&rsquo;illustration montre un chat color\u00e9, repr\u00e9sent\u00e9 avec des mosa\u00efques dans une palette comprenant des bleus intenses, des verts, des rouges et des jaunes, cr\u00e9ant un contraste \u00e9blouissant sur un fond blanc textur\u00e9 qui rappelle les carreaux de la Cit\u00e9 Comtale. Le design est compl\u00e9t\u00e9 par des papillons qui ajoutent une touche de joie et de mouvement, symbolisant la vitalit\u00e9 de Barcelone.<\/p>\n<p>Le mot \u00ab\u00a0Barcelona\u00a0\u00bb est imprim\u00e9 avec un style moderne et \u00e9l\u00e9gant, faisant de cette coque un hommage \u00e0 la richesse culturelle de la ville. Un souvenir parfait pour ceux qui souhaitent emporter un petit morceau de Barcelone partout avec eux, cette coque souligne le lien avec le patrimoine architectural de la r\u00e9gion. Chez Ol\u00e9 Mosaic, nous nous sp\u00e9cialisons dans la distribution en gros de souvenirs authentiques qui capturent l&rsquo;essence de chaque lieu. Cette coque de t\u00e9l\u00e9phone est une excellente option pour les boutiques de cadeaux touristiques \u00e0 la recherche d&rsquo;articles uniques et significatifs, comme une repr\u00e9sentation de la modernit\u00e9 et de l&rsquo;art \u00e0 Barcelone.<\/p>\n","protected":false},"excerpt":{"rendered":"<p>Coque pour Xiaomi 11, fabriqu\u00e9e en TPU et d\u00e9cor\u00e9e d&rsquo;un design vibrant de chat au style mosa\u00efque. Ce f\u00e9lin color\u00e9, inspir\u00e9 de l&rsquo;architecture barcelonaise, est entour\u00e9 de papillons et arbore une palette de couleurs comprenant des bleus, verts, rouges et jaunes sur un fond blanc textur\u00e9. Le mot \u00ab\u00a0Barcelona\u00a0\u00bb est imprim\u00e9 avec une touche moderne et \u00e9l\u00e9gante, faisant de cette coque un hommage attrayant \u00e0 la ville.<\/p>\n","protected":false},"featured_media":12630,"template":"","meta":{"_acf_changed":false},"product_brand":[],"product_cat":[674],"product_tag":[530],"class_list":{"0":"post-34030","1":"product","2":"type-product","3":"status-publish","4":"has-post-thumbnail","6":"product_cat-etuis-pour-telephones-portables","7":"product_tag-animaux","8":"pa_ciudad-barcelona","9":"pa_motivo-chats","10":"pa_pais-espana","12":"first","13":"instock","14":"shipping-taxable","15":"product-type-simple"},"acf":[],"_links":{"self":[{"href":"https:\/\/olemosaic.orbitalia.org\/fr\/wp-json\/wp\/v2\/product\/34030","targetHints":{"allow":["GET"]}}],"collection":[{"href":"https:\/\/olemosaic.orbitalia.org\/fr\/wp-json\/wp\/v2\/product"}],"about":[{"href":"https:\/\/olemosaic.orbitalia.org\/fr\/wp-json\/wp\/v2\/types\/product"}],"wp:featuredmedia":[{"embeddable":true,"href":"https:\/\/olemosaic.orbitalia.org\/fr\/wp-json\/wp\/v2\/media\/12630"}],"wp:attachment":[{"href":"https:\/\/olemosaic.orbitalia.org\/fr\/wp-json\/wp\/v2\/media?parent=34030"}],"wp:term":[{"taxonomy":"product_brand","embeddable":true,"href":"https:\/\/olemosaic.orbitalia.org\/fr\/wp-json\/wp\/v2\/product_brand?post=34030"},{"taxonomy":"product_cat","embeddable":true,"href":"https:\/\/olemosaic.orbitalia.org\/fr\/wp-json\/wp\/v2\/product_cat?post=34030"},{"taxonomy":"product_tag","embeddable":true,"href":"https:\/\/olemosaic.orbitalia.org\/fr\/wp-json\/wp\/v2\/product_tag?post=34030"}],"curies":[{"name":"wp","href":"https:\/\/api.w.org\/{rel}","templated":true}]}}