{"id":34013,"date":"2025-02-20T22:35:46","date_gmt":"2025-02-20T22:35:46","guid":{"rendered":"https:\/\/olemosaic.orbitalia.org\/producto\/funda-de-telefono-para-xiaomi-11-tpu-abstracto-verde\/"},"modified":"2025-07-25T19:53:18","modified_gmt":"2025-07-25T17:53:18","slug":"coque-de-telephone-pour-xiaomi-11-tpu-abstrait-vert","status":"publish","type":"product","link":"https:\/\/olemosaic.orbitalia.org\/fr\/produit\/coque-de-telephone-pour-xiaomi-11-tpu-abstrait-vert\/","title":{"rendered":"Coque de t\u00e9l\u00e9phone pour Xiaomi 11 (TPU). Abstrait. Vert"},"content":{"rendered":"<p>Coque pour Xiaomi 11 avec un design abstrait dans des tons verts et multicolores. Fabriqu\u00e9e en TPU, cette coque prot\u00e8ge non seulement contre les chocs et les rayures, mais se distingue \u00e9galement par son esth\u00e9tique moderne vibrante. Le design abstrait pr\u00e9sente un m\u00e9lange dynamique de formes et de couleurs qui s&rsquo;\u00e9coulent et s&rsquo;entrelacent, cr\u00e9ant un effet visuel captivant. La gamme de tons verts est compl\u00e9t\u00e9e par des \u00e9clats de couleur qui \u00e9voquent la fra\u00eecheur d&rsquo;une for\u00eat au printemps, apportant une touche artistique et contemporaine \u00e0 votre appareil.<\/p>\n<p>La surface lisse et flexible de la coque assure un ajustement parfait, permettant un acc\u00e8s pratique \u00e0 tous les boutons et ports du Xiaomi 11. Ce protecteur est id\u00e9al pour ceux qui cherchent \u00e0 combiner praticit\u00e9 et style, en plus d&rsquo;\u00eatre une option de cadeau unique pour les amateurs de technologie qui appr\u00e9cient le design. En tant que souvenir, cette coque repr\u00e9sente une fusion cr\u00e9ative qui encapsule l&rsquo;essence de la modernit\u00e9, devenant un souvenir de votre visite dans une r\u00e9gion vibrante et artistique.<\/p>\n<p>Chez Ol\u00e9 Mosaic, nous sommes fiers de proposer des produits authentiques et de qualit\u00e9 en gros, faisant de cette coque une excellente option pour les magasins de cadeaux touristiques qui souhaitent se d\u00e9marquer dans leur offre. Avec notre large gamme de souvenirs, nous garantissons que chaque article n&rsquo;est pas seulement fonctionnel, mais aussi un reflet culturel de la r\u00e9gion, r\u00e9pondant aux attentes des touristes les plus exigeants \u00e0 la recherche de cadeaux m\u00e9morables.<\/p>\n","protected":false},"excerpt":{"rendered":"<p>Coque de t\u00e9l\u00e9phone pour Xiaomi 11 fabriqu\u00e9e en TPU, avec un design abstrait dans des tons verts et multicolores. Ce protecteur pr\u00e9sente un m\u00e9lange vibrant de formes et de couleurs entrelac\u00e9es, cr\u00e9ant un effet dynamique et moderne. La surface lisse et flexible garantit un ajustement parfait et prot\u00e8ge contre les chocs et les rayures. Id\u00e9ale pour ceux qui recherchent un style unique, cette coque combine durabilit\u00e9 et esth\u00e9tique frappante et contemporaine.<\/p>\n","protected":false},"featured_media":12635,"template":"","meta":{"_acf_changed":false},"product_brand":[],"product_cat":[674],"product_tag":[],"class_list":{"0":"post-34013","1":"product","2":"type-product","3":"status-publish","4":"has-post-thumbnail","6":"product_cat-etuis-pour-telephones-portables","7":"pa_motivo-resume","9":"first","10":"instock","11":"shipping-taxable","12":"product-type-simple"},"acf":[],"_links":{"self":[{"href":"https:\/\/olemosaic.orbitalia.org\/fr\/wp-json\/wp\/v2\/product\/34013","targetHints":{"allow":["GET"]}}],"collection":[{"href":"https:\/\/olemosaic.orbitalia.org\/fr\/wp-json\/wp\/v2\/product"}],"about":[{"href":"https:\/\/olemosaic.orbitalia.org\/fr\/wp-json\/wp\/v2\/types\/product"}],"wp:featuredmedia":[{"embeddable":true,"href":"https:\/\/olemosaic.orbitalia.org\/fr\/wp-json\/wp\/v2\/media\/12635"}],"wp:attachment":[{"href":"https:\/\/olemosaic.orbitalia.org\/fr\/wp-json\/wp\/v2\/media?parent=34013"}],"wp:term":[{"taxonomy":"product_brand","embeddable":true,"href":"https:\/\/olemosaic.orbitalia.org\/fr\/wp-json\/wp\/v2\/product_brand?post=34013"},{"taxonomy":"product_cat","embeddable":true,"href":"https:\/\/olemosaic.orbitalia.org\/fr\/wp-json\/wp\/v2\/product_cat?post=34013"},{"taxonomy":"product_tag","embeddable":true,"href":"https:\/\/olemosaic.orbitalia.org\/fr\/wp-json\/wp\/v2\/product_tag?post=34013"}],"curies":[{"name":"wp","href":"https:\/\/api.w.org\/{rel}","templated":true}]}}